{"id":32677,"date":"2025-02-20T23:32:43","date_gmt":"2025-02-20T22:32:43","guid":{"rendered":"http:\/\/olemosaic.com\/producto\/iman-de-metal-corazon-barcelona-negro-8-cm-2\/"},"modified":"2025-07-25T23:28:39","modified_gmt":"2025-07-25T21:28:39","slug":"iman-de-metal-coracao-barcelona-preto-8-cm-2","status":"publish","type":"product","link":"https:\/\/olemosaic.com\/pt-pt\/produto\/iman-de-metal-coracao-barcelona-preto-8-cm-2\/","title":{"rendered":"\u00cdman de metal. Cora\u00e7\u00e3o BCN. Barcelona. Preto. 8 cm."},"content":{"rendered":"<p>Este \u00edman met\u00e1lico com forma de cora\u00e7\u00e3o \u00e9 um encantador souvenir que captura a vibrante ess\u00eancia da emblem\u00e1tica cidade de Barcelona. Com medidas de 8 cm, este \u00edman destaca-se pelo seu design colorido e moderno, que simula um mosaico cativante em tons quentes e frios, contrastando com um elegante fundo preto que real\u00e7a cada detalhe. A inscri\u00e7\u00e3o &#8220;BCN&#8221; \u00e9 elaborada em cores brilhantes, evocando a criatividade e o esp\u00edrito art\u00edstico que caracterizam esta metr\u00f3pole. O design n\u00e3o s\u00f3 \u00e9 atraente visualmente, como tamb\u00e9m transmite a rica heran\u00e7a cultural e arquitet\u00f3nica de Barcelona, conhecida por obras-primas de Gaud\u00ed como o Parque G\u00fcell e a Sagrada Fam\u00edlia.<\/p>\n<p>Este \u00edman apresenta-se como uma excelente op\u00e7\u00e3o para recordar momentos especiais em Barcelona ou como um magn\u00edfico presente para os amantes desta cidade. A sua autenticidade como souvenir de Barcelona permite aos turistas levar um pedacinho desta ic\u00f3nica urbe para as suas casas, tornando-o um objeto decorativo ideal para qualquer frigor\u00edfico. Na Ol\u00e9 Mosaic, somos distribuidores de souvenirs por grosso e oferecemos \u00edmanes que, al\u00e9m de serem funcionais, capturam a ess\u00eancia cultural dos seus destinos. Este \u00edman de cora\u00e7\u00e3o \u00e9 um produto que certamente encantar\u00e1 os clientes que procuram uma recorda\u00e7\u00e3o representativa de Barcelona, demonstrando que um simples \u00edman pode ser muito mais do que um objeto quotidiano.<\/p>\n","protected":false},"excerpt":{"rendered":"<p>\u00cdman met\u00e1lico com forma de cora\u00e7\u00e3o, que representa a vibrante cidade de Barcelona. Este \u00edman, de 8 cm, apresenta um design colorido e moderno, imitando um mosaico em tons quentes e frios, que se complementam com um fundo preto elegante. A inscri\u00e7\u00e3o &#8220;BCN&#8221; destaca-se em cores brilhantes, aludindo ao esp\u00edrito art\u00edstico e colorido da cidade. Ideal para recordar momentos especiais em Barcelona ou como um atraente presente para os amantes desta emblem\u00e1tica urbe.<\/p>\n","protected":false},"featured_media":6883,"template":"","meta":{"_acf_changed":false},"product_brand":[],"product_cat":[699],"product_tag":[],"class_list":{"0":"post-32677","1":"product","2":"type-product","3":"status-publish","4":"has-post-thumbnail","6":"product_cat-imanes","7":"pa_ciudad-barcelona","8":"pa_motivo-coracoes","9":"pa_pais-espana","11":"first","12":"instock","13":"shipping-taxable","14":"product-type-simple"},"acf":[],"_links":{"self":[{"href":"https:\/\/olemosaic.com\/pt-pt\/wp-json\/wp\/v2\/product\/32677","targetHints":{"allow":["GET"]}}],"collection":[{"href":"https:\/\/olemosaic.com\/pt-pt\/wp-json\/wp\/v2\/product"}],"about":[{"href":"https:\/\/olemosaic.com\/pt-pt\/wp-json\/wp\/v2\/types\/product"}],"wp:featuredmedia":[{"embeddable":true,"href":"https:\/\/olemosaic.com\/pt-pt\/wp-json\/wp\/v2\/media\/6883"}],"wp:attachment":[{"href":"https:\/\/olemosaic.com\/pt-pt\/wp-json\/wp\/v2\/media?parent=32677"}],"wp:term":[{"taxonomy":"product_brand","embeddable":true,"href":"https:\/\/olemosaic.com\/pt-pt\/wp-json\/wp\/v2\/product_brand?post=32677"},{"taxonomy":"product_cat","embeddable":true,"href":"https:\/\/olemosaic.com\/pt-pt\/wp-json\/wp\/v2\/product_cat?post=32677"},{"taxonomy":"product_tag","embeddable":true,"href":"https:\/\/olemosaic.com\/pt-pt\/wp-json\/wp\/v2\/product_tag?post=32677"}],"curies":[{"name":"wp","href":"https:\/\/api.w.org\/{rel}","templated":true}]}}