{"id":32650,"date":"2025-02-20T22:32:42","date_gmt":"2025-02-20T22:32:42","guid":{"rendered":"http:\/\/olemosaic.com\/producto\/iman-de-metal-corazon-negro-8-cm\/"},"modified":"2025-07-25T19:31:56","modified_gmt":"2025-07-25T17:31:56","slug":"iman-de-metal-coracao-preto-8-cm","status":"publish","type":"product","link":"https:\/\/olemosaic.com\/pt-pt\/produto\/iman-de-metal-coracao-preto-8-cm\/","title":{"rendered":"\u00cdman de metal. Cora\u00e7\u00e3o. Preto. 8 cm."},"content":{"rendered":"<p>Este \u00edman met\u00e1lico com forma de cora\u00e7\u00e3o \u00e9 uma atraente lembran\u00e7a que representa a riqueza cultural de Espanha, ideal para quem procura uma recorda\u00e7\u00e3o significativa da sua visita. Com um tamanho de 8 cm, este vibrante \u00edman destaca-se pelo seu intrincado design de mosaico, que combina uma intensa paleta de cores em tons de vermelho, azul, verde e amarelo, sobre um fundo preto que real\u00e7a a sua luminosidade. A representa\u00e7\u00e3o da ic\u00f3nica frase &#8220;I \u2764\ufe0f&#8221; acrescenta uma camada de nostalgia e romantismo, tornando este artigo numa op\u00e7\u00e3o ideal tanto para decorar a casa como para oferecer a entes queridos.<\/p>\n<p>O mosaico, conhecido pela sua presen\u00e7a na arquitetura espanhola, evoca a liga\u00e7\u00e3o emocional e art\u00edstica que caracteriza o pa\u00eds. Esta lembran\u00e7a n\u00e3o \u00e9 apenas um artigo funcional, mas tamb\u00e9m uma obra que celebra a diversidade e a arte que ressoam em cada canto de Espanha. Com o seu design atraente e a sua autenticidade como lembrete cultural, este \u00edman met\u00e1lico \u00e9 um excelente exemplo das lembran\u00e7as representativas que a Ol\u00e9 Mosaic oferece. Perfeito para lojas de presentes tur\u00edsticos que procuram produtos de qualidade, este \u00edman \u00e9 uma delicada amostra de artesanato e amor pela cultura espanhola.<\/p>\n","protected":false},"excerpt":{"rendered":"<p>\u00cdman de metal com forma de cora\u00e7\u00e3o e um design colorido que celebra a diversidade cultural. Este \u00edman, de 8 cm, apresenta um vibrante mosaico em tons de vermelho, azul, verde e amarelo sobre um fundo preto, com a frase &#8220;I \u2764\ufe0f&#8221; que lhe d\u00e1 um toque nost\u00e1lgico e rom\u00e2ntico. Ideal para oferecer ou como recorda\u00e7\u00e3o de uma visita a Espanha, este artigo combina arte e funcionalidade num formato decorativo atraente.<\/p>\n","protected":false},"featured_media":8503,"template":"","meta":{"_acf_changed":false},"product_brand":[],"product_cat":[699],"product_tag":[],"class_list":{"0":"post-32650","1":"product","2":"type-product","3":"status-publish","4":"has-post-thumbnail","6":"product_cat-imanes","7":"pa_motivo-coracoes","9":"first","10":"instock","11":"shipping-taxable","12":"product-type-simple"},"acf":[],"_links":{"self":[{"href":"https:\/\/olemosaic.com\/pt-pt\/wp-json\/wp\/v2\/product\/32650","targetHints":{"allow":["GET"]}}],"collection":[{"href":"https:\/\/olemosaic.com\/pt-pt\/wp-json\/wp\/v2\/product"}],"about":[{"href":"https:\/\/olemosaic.com\/pt-pt\/wp-json\/wp\/v2\/types\/product"}],"wp:featuredmedia":[{"embeddable":true,"href":"https:\/\/olemosaic.com\/pt-pt\/wp-json\/wp\/v2\/media\/8503"}],"wp:attachment":[{"href":"https:\/\/olemosaic.com\/pt-pt\/wp-json\/wp\/v2\/media?parent=32650"}],"wp:term":[{"taxonomy":"product_brand","embeddable":true,"href":"https:\/\/olemosaic.com\/pt-pt\/wp-json\/wp\/v2\/product_brand?post=32650"},{"taxonomy":"product_cat","embeddable":true,"href":"https:\/\/olemosaic.com\/pt-pt\/wp-json\/wp\/v2\/product_cat?post=32650"},{"taxonomy":"product_tag","embeddable":true,"href":"https:\/\/olemosaic.com\/pt-pt\/wp-json\/wp\/v2\/product_tag?post=32650"}],"curies":[{"name":"wp","href":"https:\/\/api.w.org\/{rel}","templated":true}]}}