{"id":32649,"date":"2025-02-20T22:32:42","date_gmt":"2025-02-20T22:32:42","guid":{"rendered":"http:\/\/olemosaic.com\/producto\/iman-de-metal-bulldog-negro-8-cm\/"},"modified":"2025-07-25T19:11:32","modified_gmt":"2025-07-25T17:11:32","slug":"iman-de-metal-bulldog-preto-8-cm","status":"publish","type":"product","link":"https:\/\/olemosaic.com\/pt-pt\/produto\/iman-de-metal-bulldog-preto-8-cm\/","title":{"rendered":"\u00cdman de metal. Bulldog. Preto. 8 cm."},"content":{"rendered":"<p>Este \u00edman met\u00e1lico com forma de bulldog \u00e9 uma pe\u00e7a vibrante que capta a alegria e o dinamismo da cultura contempor\u00e2nea. Com os seus 8 cm, esta atraente lembran\u00e7a apresenta um design cujo fundo preto real\u00e7a as cores intensas e variadas da figura do c\u00e3o, criando um efeito visual surpreendente que recorda um mosaico art\u00edstico. A representa\u00e7\u00e3o do bulldog, ra\u00e7a apreciada pela sua personalidade e car\u00e1cter, \u00e9 elaborada com uma paleta de cores brilhantes que varia do vermelho ao azul, passando pelo verde e amarelo, o que o torna num elemento decorativo ideal para qualquer superf\u00edcie met\u00e1lica.<\/p>\n<p>Este \u00edman n\u00e3o \u00e9 apenas um presente perfeito para os amantes de animais, mas tamb\u00e9m se destaca pela sua relev\u00e2ncia cultural. Os bulldogs simbolizam uma parte do esp\u00edrito da arte moderna e contempor\u00e2nea, conhecida pela sua aud\u00e1cia e expressividade. Na Ol\u00e9 Mosaic, dedicamo-nos \u00e0 distribui\u00e7\u00e3o de lembran\u00e7as aut\u00eanticas e representativas que celebram a diversidade e a arte das nossas tradi\u00e7\u00f5es. Este \u00edman de bulldog \u00e9 uma excelente op\u00e7\u00e3o para lojas de presentes tur\u00edsticos que procuram um produto que, al\u00e9m de funcional, seja uma proposta criativa e decorativa. Como distribuidores de \u00edmanes por grosso, oferecemos este artigo como uma excelente ideia para quem procura uma recorda\u00e7\u00e3o distintiva da sua viagem, combinando arte, modernidade e um toque de carisma numa pe\u00e7a \u00fanica.<\/p>\n","protected":false},"excerpt":{"rendered":"<p>\u00cdman met\u00e1lico com forma de bulldog, decorado com um design vibrante e colorido que evoca um mosaico art\u00edstico. Com dimens\u00f5es de 8 cm, este \u00edman assenta sobre um fundo preto que real\u00e7a as cores intensas da figura do c\u00e3o, captando a aten\u00e7\u00e3o com o seu estilo moderno e chamativo. Perfeito para decorar qualquer superf\u00edcie met\u00e1lica, \u00e9 uma lembran\u00e7a ideal para amantes de animais e de arte contempor\u00e2nea.<\/p>\n","protected":false},"featured_media":12853,"template":"","meta":{"_acf_changed":false},"product_brand":[],"product_cat":[699],"product_tag":[516],"class_list":{"0":"post-32649","1":"product","2":"type-product","3":"status-publish","4":"has-post-thumbnail","6":"product_cat-imanes","7":"product_tag-animais","8":"pa_motivo-bulldogs","10":"first","11":"instock","12":"shipping-taxable","13":"product-type-simple"},"acf":[],"_links":{"self":[{"href":"https:\/\/olemosaic.com\/pt-pt\/wp-json\/wp\/v2\/product\/32649","targetHints":{"allow":["GET"]}}],"collection":[{"href":"https:\/\/olemosaic.com\/pt-pt\/wp-json\/wp\/v2\/product"}],"about":[{"href":"https:\/\/olemosaic.com\/pt-pt\/wp-json\/wp\/v2\/types\/product"}],"wp:featuredmedia":[{"embeddable":true,"href":"https:\/\/olemosaic.com\/pt-pt\/wp-json\/wp\/v2\/media\/12853"}],"wp:attachment":[{"href":"https:\/\/olemosaic.com\/pt-pt\/wp-json\/wp\/v2\/media?parent=32649"}],"wp:term":[{"taxonomy":"product_brand","embeddable":true,"href":"https:\/\/olemosaic.com\/pt-pt\/wp-json\/wp\/v2\/product_brand?post=32649"},{"taxonomy":"product_cat","embeddable":true,"href":"https:\/\/olemosaic.com\/pt-pt\/wp-json\/wp\/v2\/product_cat?post=32649"},{"taxonomy":"product_tag","embeddable":true,"href":"https:\/\/olemosaic.com\/pt-pt\/wp-json\/wp\/v2\/product_tag?post=32649"}],"curies":[{"name":"wp","href":"https:\/\/api.w.org\/{rel}","templated":true}]}}