{"id":32647,"date":"2025-02-20T23:32:42","date_gmt":"2025-02-20T22:32:42","guid":{"rendered":"http:\/\/olemosaic.com\/producto\/iman-de-metal-toro-malaga-plata-8-cm-2\/"},"modified":"2025-07-25T19:54:30","modified_gmt":"2025-07-25T17:54:30","slug":"iman-de-metal-touro-malaga-prata-8-cm-2","status":"publish","type":"product","link":"https:\/\/olemosaic.com\/pt-pt\/produto\/iman-de-metal-touro-malaga-prata-8-cm-2\/","title":{"rendered":"\u00cdman de metal. Touro. Mosaico. M\u00e1laga. Prata. 8 cm."},"content":{"rendered":"<p>Este elegante \u00edman met\u00e1lico apresenta a ic\u00f3nica figura de um touro, s\u00edmbolo enraizado na cultura espanhola, especialmente na regi\u00e3o de M\u00e1laga. Com dimens\u00f5es de 8 cm, este \u00edman \u00e9, al\u00e9m de funcional, uma vibrante obra de arte. O seu design capta a ess\u00eancia do folclore andaluz atrav\u00e9s de um estilo de mosaico em tons vivos de vermelho e amarelo, o que lhe confere um toque art\u00edstico que se destaca em qualquer superf\u00edcie met\u00e1lica. \u00c0 esquerda, o nome &#8220;M\u00c1LAGA&#8221; est\u00e1 gravado em letras proeminentes, sublinhando a sua liga\u00e7\u00e3o com esta bela cidade costeira. Este \u00edman evoca a tradi\u00e7\u00e3o taurom\u00e1quica que faz parte do patrim\u00f3nio cultural espanhol, acrescentando valor simb\u00f3lico \u00e0 sua presen\u00e7a. Al\u00e9m disso, o seu fabrico em metal garante durabilidade, tornando este produto numa recorda\u00e7\u00e3o ideal que perdurar\u00e1 no tempo. Como lembran\u00e7a representativa de M\u00e1laga, este \u00edman n\u00e3o s\u00f3 embelezar\u00e1 a casa de quem o adquirir, como tamb\u00e9m servir\u00e1 como um lembrete constante da sua visita a esta cativante cidade. Na Ol\u00e9 Mosaic, oferecemos este \u00edman de touro como uma op\u00e7\u00e3o indispens\u00e1vel para lojas de presentes tur\u00edsticos que procuram lembran\u00e7as aut\u00eanticas e significativas da cultura espanhola.<\/p>\n","protected":false},"excerpt":{"rendered":"<p>Elegante \u00edman met\u00e1lico com a figura de um touro, um s\u00edmbolo da cultura espanhola e, especificamente, de M\u00e1laga. Este \u00edman, de 8 cm, apresenta um design vibrante em tons de vermelho e amarelo, com um estilo de mosaico que lhe confere um toque art\u00edstico. Junto ao touro, o nome \u00abM\u00c1LAGA\u00bb est\u00e1 gravado em letras destacadas, acentuando a liga\u00e7\u00e3o com a regi\u00e3o. Ideal para evocar a ess\u00eancia do folclore andaluz em qualquer canto.<\/p>\n","protected":false},"featured_media":9981,"template":"","meta":{"_acf_changed":false},"product_brand":[],"product_cat":[699],"product_tag":[516],"class_list":{"0":"post-32647","1":"product","2":"type-product","3":"status-publish","4":"has-post-thumbnail","6":"product_cat-imanes","7":"product_tag-animais","8":"pa_ciudad-malaga","9":"pa_motivo-touros","10":"pa_pais-espana","12":"first","13":"instock","14":"shipping-taxable","15":"product-type-simple"},"acf":[],"_links":{"self":[{"href":"https:\/\/olemosaic.com\/pt-pt\/wp-json\/wp\/v2\/product\/32647","targetHints":{"allow":["GET"]}}],"collection":[{"href":"https:\/\/olemosaic.com\/pt-pt\/wp-json\/wp\/v2\/product"}],"about":[{"href":"https:\/\/olemosaic.com\/pt-pt\/wp-json\/wp\/v2\/types\/product"}],"wp:featuredmedia":[{"embeddable":true,"href":"https:\/\/olemosaic.com\/pt-pt\/wp-json\/wp\/v2\/media\/9981"}],"wp:attachment":[{"href":"https:\/\/olemosaic.com\/pt-pt\/wp-json\/wp\/v2\/media?parent=32647"}],"wp:term":[{"taxonomy":"product_brand","embeddable":true,"href":"https:\/\/olemosaic.com\/pt-pt\/wp-json\/wp\/v2\/product_brand?post=32647"},{"taxonomy":"product_cat","embeddable":true,"href":"https:\/\/olemosaic.com\/pt-pt\/wp-json\/wp\/v2\/product_cat?post=32647"},{"taxonomy":"product_tag","embeddable":true,"href":"https:\/\/olemosaic.com\/pt-pt\/wp-json\/wp\/v2\/product_tag?post=32647"}],"curies":[{"name":"wp","href":"https:\/\/api.w.org\/{rel}","templated":true}]}}