{"id":32646,"date":"2025-02-20T22:32:42","date_gmt":"2025-02-20T22:32:42","guid":{"rendered":"http:\/\/olemosaic.com\/producto\/iman-de-metal-camino-de-santiago-negro-11-cm\/"},"modified":"2025-07-25T20:03:14","modified_gmt":"2025-07-25T18:03:14","slug":"iman-de-metal-caminho-de-santiago-preto-11-cm","status":"publish","type":"product","link":"https:\/\/olemosaic.com\/pt-pt\/produto\/iman-de-metal-caminho-de-santiago-preto-11-cm\/","title":{"rendered":"\u00cdman de metal. Caminho de Santiago. Preto. 11 cm."},"content":{"rendered":"<p>Este \u00edman met\u00e1lico do Caminho de Santiago \u00e9 uma pe\u00e7a imprescind\u00edvel para quem deseja levar uma recorda\u00e7\u00e3o significativa desta emblem\u00e1tica rota de peregrina\u00e7\u00e3o. Com 11 cm de tamanho, o seu design colorido e atraente capta a ess\u00eancia do Caminho de Santiago de Compostela. Na parte central, aprecia-se a ilustra\u00e7\u00e3o de um peregrino, com o seu traje caracter\u00edstico e segurando um cajado, que simboliza a travessia espiritual que milh\u00f5es de pessoas empreenderam ao longo dos s\u00e9culos.<\/p>\n<p>Ao seu lado, a concha, s\u00edmbolo reconhecido do Caminho, e a majestosa catedral de Santiago s\u00e3o mostradas com cores vibrantes, que se destacam sobre um fundo preto que real\u00e7a cada detalhe. A catedral, com as suas imponentes torres e ornamenta\u00e7\u00e3o, \u00e9 representada fielmente, tornando este \u00edman numa homenagem visual \u00e0 rica tradi\u00e7\u00e3o cultural da Galiza.<\/p>\n<p>Este \u00edman n\u00e3o \u00e9 apenas uma recorda\u00e7\u00e3o do Caminho de Santiago, mas tamb\u00e9m uma representa\u00e7\u00e3o da f\u00e9 e da hist\u00f3ria que rodeia esta milen\u00e1ria peregrina\u00e7\u00e3o. Na Ol\u00e9 Mosaic, oferecemos este \u00edman como parte da nossa cole\u00e7\u00e3o de lembran\u00e7as de alta qualidade. \u00c9 uma op\u00e7\u00e3o perfeita para lojas de presentes tur\u00edsticos que procuram produtos aut\u00eanticos e representativos de Espanha. Ao adquirir este \u00edman do caminho, n\u00e3o s\u00f3 leva uma recorda\u00e7\u00e3o, mas tamb\u00e9m um fragmento da tradi\u00e7\u00e3o cultural galega.<\/p>\n","protected":false},"excerpt":{"rendered":"<p>\u00cdman met\u00e1lico do Caminho de Santiago, de 11 cm. Este atraente \u00edman apresenta um design colorido que ilustra o emblem\u00e1tico caminho para Santiago de Compostela. Nele, aprecia-se a figura do peregrino, acompanhado pela concha, s\u00edmbolo do Caminho, e a majestosa catedral de Santiago. O fundo preto real\u00e7a os motivos em cores brilhantes, tornando esta pe\u00e7a numa homenagem visual \u00e0 rica tradi\u00e7\u00e3o de peregrina\u00e7\u00e3o em Espanha.<\/p>\n","protected":false},"featured_media":8794,"template":"","meta":{"_acf_changed":false},"product_brand":[],"product_cat":[699],"product_tag":[],"class_list":{"0":"post-32646","1":"product","2":"type-product","3":"status-publish","4":"has-post-thumbnail","6":"product_cat-imanes","7":"pa_ciudad-santiago","8":"pa_pais-espana","10":"first","11":"instock","12":"shipping-taxable","13":"product-type-simple"},"acf":[],"_links":{"self":[{"href":"https:\/\/olemosaic.com\/pt-pt\/wp-json\/wp\/v2\/product\/32646","targetHints":{"allow":["GET"]}}],"collection":[{"href":"https:\/\/olemosaic.com\/pt-pt\/wp-json\/wp\/v2\/product"}],"about":[{"href":"https:\/\/olemosaic.com\/pt-pt\/wp-json\/wp\/v2\/types\/product"}],"wp:featuredmedia":[{"embeddable":true,"href":"https:\/\/olemosaic.com\/pt-pt\/wp-json\/wp\/v2\/media\/8794"}],"wp:attachment":[{"href":"https:\/\/olemosaic.com\/pt-pt\/wp-json\/wp\/v2\/media?parent=32646"}],"wp:term":[{"taxonomy":"product_brand","embeddable":true,"href":"https:\/\/olemosaic.com\/pt-pt\/wp-json\/wp\/v2\/product_brand?post=32646"},{"taxonomy":"product_cat","embeddable":true,"href":"https:\/\/olemosaic.com\/pt-pt\/wp-json\/wp\/v2\/product_cat?post=32646"},{"taxonomy":"product_tag","embeddable":true,"href":"https:\/\/olemosaic.com\/pt-pt\/wp-json\/wp\/v2\/product_tag?post=32646"}],"curies":[{"name":"wp","href":"https:\/\/api.w.org\/{rel}","templated":true}]}}