{"id":32645,"date":"2025-02-20T22:32:41","date_gmt":"2025-02-20T22:32:41","guid":{"rendered":"http:\/\/olemosaic.com\/producto\/iman-de-metal-camino-de-santiago-negro-8-cm\/"},"modified":"2025-07-25T19:56:11","modified_gmt":"2025-07-25T17:56:11","slug":"iman-de-metal-caminho-de-santiago-preto-8-cm","status":"publish","type":"product","link":"https:\/\/olemosaic.com\/pt-pt\/produto\/iman-de-metal-caminho-de-santiago-preto-8-cm\/","title":{"rendered":"\u00cdman de metal. Caminho de Santiago. Preto. 8 cm."},"content":{"rendered":"<p>Este \u00edman met\u00e1lico do Caminho de Santiago \u00e9 um souvenir vibrante e evocativo, perfeito para quem deseja levar uma recorda\u00e7\u00e3o significativa da sua peregrina\u00e7\u00e3o \u00e0 emblem\u00e1tica Catedral de Santiago de Compostela. Com dimens\u00f5es de 8 cm, este atraente \u00edman apresenta uma representa\u00e7\u00e3o estilizada da imponente catedral, conhecida pela sua impressionante fachada e pela sua import\u00e2ncia cultural na hist\u00f3ria de Espanha. O design destaca-se numa elegante moldura preta que real\u00e7a os detalhes arquitet\u00f3nicos em tons amarelos, azuis e terracota, evocando a beleza e a riqueza do legado jacobeu.<\/p>\n<p>Na parte superior, o texto \u201cCAMINO SANTIAGO\u201d integra-se harmoniosamente com a ilustra\u00e7\u00e3o, enquanto uma seta, s\u00edmbolo ic\u00f3nico da rota, guia os viajantes por este antigo caminho de f\u00e9 e aventura. Este \u00edman n\u00e3o \u00e9 apenas um acess\u00f3rio decorativo para a casa, mas um lembrete tang\u00edvel do percurso e da hist\u00f3ria que envolve milh\u00f5es de peregrinos todos os anos.<\/p>\n<p>Na Ol\u00e9 Mosaic, orgulhamo-nos de oferecer souvenirs aut\u00eanticos e representativos, como este \u00edman met\u00e1lico do Caminho de Santiago, ideal para lojas de presentes tur\u00edsticos que procuram produtos com significado. Este \u00edman \u00e9 uma excelente op\u00e7\u00e3o para turistas que desejam levar um peda\u00e7o da rica heran\u00e7a cultural espanhola, garantindo uma recorda\u00e7\u00e3o duradoura do Caminho.<\/p>\n","protected":false},"excerpt":{"rendered":"<p>\u00cdman met\u00e1lico do Caminho de Santiago, de 8 cm. Este atraente \u00edman mostra uma representa\u00e7\u00e3o colorida e estilizada da famosa Catedral de Santiago, emoldurada a preto para real\u00e7ar os seus detalhes arquitet\u00f3nicos em tons amarelos, azuis e terracota. Inclui o texto \u201cCAMINO SANTIAGO\u201d na parte superior e uma seta que simboliza a rota. Ideal para recordar este emblem\u00e1tico percurso.<\/p>\n","protected":false},"featured_media":6956,"template":"","meta":{"_acf_changed":false},"product_brand":[],"product_cat":[699],"product_tag":[],"class_list":{"0":"post-32645","1":"product","2":"type-product","3":"status-publish","4":"has-post-thumbnail","6":"product_cat-imanes","7":"pa_ciudad-santiago","8":"pa_pais-espana","10":"first","11":"instock","12":"shipping-taxable","13":"product-type-simple"},"acf":[],"_links":{"self":[{"href":"https:\/\/olemosaic.com\/pt-pt\/wp-json\/wp\/v2\/product\/32645","targetHints":{"allow":["GET"]}}],"collection":[{"href":"https:\/\/olemosaic.com\/pt-pt\/wp-json\/wp\/v2\/product"}],"about":[{"href":"https:\/\/olemosaic.com\/pt-pt\/wp-json\/wp\/v2\/types\/product"}],"wp:featuredmedia":[{"embeddable":true,"href":"https:\/\/olemosaic.com\/pt-pt\/wp-json\/wp\/v2\/media\/6956"}],"wp:attachment":[{"href":"https:\/\/olemosaic.com\/pt-pt\/wp-json\/wp\/v2\/media?parent=32645"}],"wp:term":[{"taxonomy":"product_brand","embeddable":true,"href":"https:\/\/olemosaic.com\/pt-pt\/wp-json\/wp\/v2\/product_brand?post=32645"},{"taxonomy":"product_cat","embeddable":true,"href":"https:\/\/olemosaic.com\/pt-pt\/wp-json\/wp\/v2\/product_cat?post=32645"},{"taxonomy":"product_tag","embeddable":true,"href":"https:\/\/olemosaic.com\/pt-pt\/wp-json\/wp\/v2\/product_tag?post=32645"}],"curies":[{"name":"wp","href":"https:\/\/api.w.org\/{rel}","templated":true}]}}