{"id":32643,"date":"2025-02-20T22:32:41","date_gmt":"2025-02-20T22:32:41","guid":{"rendered":"http:\/\/olemosaic.com\/producto\/iman-de-metal-gato-mallorca-negro-8-cm\/"},"modified":"2025-07-25T18:53:07","modified_gmt":"2025-07-25T16:53:07","slug":"iman-de-metal-gato-maiorca-preto-8-cm","status":"publish","type":"product","link":"https:\/\/olemosaic.com\/pt-pt\/produto\/iman-de-metal-gato-maiorca-preto-8-cm\/","title":{"rendered":"\u00cdman de metal. Gato. Maiorca. Preto. 8 cm."},"content":{"rendered":"<p>Este \u00edman decorativo de metal apresenta um ador\u00e1vel gato estilizado, inspirado na vibrante arte de Maiorca. Com os seus 8 cm, o \u00edman combina uma paleta de cores exuberantes que evocam a riqueza cultural e a fauna da ilha. O design em mosaico destaca formas onduladas que d\u00e3o vida ao gato, enquanto os seus olhos expressivos adicionam personalidade e atratividade \u00e0 pe\u00e7a. O fundo preto intensifica as cores brilhantes, criando um contraste visual que torna o \u00edman um elemento decorativo chamativo.<\/p>\n<p>A palavra &#8220;MALLORCA&#8221; est\u00e1 impressa em cores, estabelecendo uma liga\u00e7\u00e3o direta com a regi\u00e3o e real\u00e7ando o seu car\u00e1ter distintivo. Este \u00edman n\u00e3o \u00e9 apenas um souvenir, mas uma janela para a tradi\u00e7\u00e3o art\u00edstica de Maiorca, onde o mosaico \u00e9 um reflexo da hist\u00f3ria e do folclore local. Ideal para turistas que procuram levar um peda\u00e7o da ilha, este \u00edman \u00e9 uma excelente recorda\u00e7\u00e3o representativa da heran\u00e7a cultural maiorquina.<\/p>\n<p>Na Ol\u00e9 Mosaic, oferecemos souvenirs aut\u00eanticos que captam a ess\u00eancia de cada regi\u00e3o. Este \u00edman do gato estilizado \u00e9 uma op\u00e7\u00e3o perfeita para lojas de presentes tur\u00edsticos que desejem oferecer produtos de qualidade, cheios de arte e tradi\u00e7\u00e3o. Como grossistas de souvenirs de Maiorca, garantimos que cada pe\u00e7a \u00e9 uma bela recorda\u00e7\u00e3o de uma das ilhas mais emblem\u00e1ticas de Espanha.<\/p>\n","protected":false},"excerpt":{"rendered":"<p>\u00cdman decorativo de metal com a figura de um gato estilizado, inspirado na arte colorida de Maiorca. Este \u00edman de 8 cm combina uma vibrante paleta de cores num design de mosaico, destacando um gato de formas onduladas e olhos expressivos que captam a ess\u00eancia da fauna local. O fundo preto real\u00e7a ainda mais os tons brilhantes, enquanto a palavra &#8220;MALLORCA&#8221; impressa a cores adiciona um toque distintivo e art\u00edstico, tornando-o uma recorda\u00e7\u00e3o perfeita.<\/p>\n","protected":false},"featured_media":12850,"template":"","meta":{"_acf_changed":false},"product_brand":[],"product_cat":[699],"product_tag":[516],"class_list":{"0":"post-32643","1":"product","2":"type-product","3":"status-publish","4":"has-post-thumbnail","6":"product_cat-imanes","7":"product_tag-animais","8":"pa_ciudad-mallorca","9":"pa_motivo-gatos","10":"pa_pais-espana","12":"first","13":"instock","14":"shipping-taxable","15":"product-type-simple"},"acf":[],"_links":{"self":[{"href":"https:\/\/olemosaic.com\/pt-pt\/wp-json\/wp\/v2\/product\/32643","targetHints":{"allow":["GET"]}}],"collection":[{"href":"https:\/\/olemosaic.com\/pt-pt\/wp-json\/wp\/v2\/product"}],"about":[{"href":"https:\/\/olemosaic.com\/pt-pt\/wp-json\/wp\/v2\/types\/product"}],"wp:featuredmedia":[{"embeddable":true,"href":"https:\/\/olemosaic.com\/pt-pt\/wp-json\/wp\/v2\/media\/12850"}],"wp:attachment":[{"href":"https:\/\/olemosaic.com\/pt-pt\/wp-json\/wp\/v2\/media?parent=32643"}],"wp:term":[{"taxonomy":"product_brand","embeddable":true,"href":"https:\/\/olemosaic.com\/pt-pt\/wp-json\/wp\/v2\/product_brand?post=32643"},{"taxonomy":"product_cat","embeddable":true,"href":"https:\/\/olemosaic.com\/pt-pt\/wp-json\/wp\/v2\/product_cat?post=32643"},{"taxonomy":"product_tag","embeddable":true,"href":"https:\/\/olemosaic.com\/pt-pt\/wp-json\/wp\/v2\/product_tag?post=32643"}],"curies":[{"name":"wp","href":"https:\/\/api.w.org\/{rel}","templated":true}]}}