{"id":32642,"date":"2025-02-20T23:32:41","date_gmt":"2025-02-20T22:32:41","guid":{"rendered":"http:\/\/olemosaic.com\/producto\/iman-de-metal-salamandra-plata-8-cm-2\/"},"modified":"2025-07-25T19:26:55","modified_gmt":"2025-07-25T17:26:55","slug":"iman-de-metal-salamandra-prata-8-cm-2","status":"publish","type":"product","link":"https:\/\/olemosaic.com\/pt-pt\/produto\/iman-de-metal-salamandra-prata-8-cm-2\/","title":{"rendered":"\u00cdman de metal. Salamandra. Mosaico. Gaud\u00ed. Barcelona. Prata. 8 cm."},"content":{"rendered":"<p>Este \u00edman decorativo met\u00e1lico com forma de salamandra \u00e9 uma vibrante amostra do rico patrim\u00f3nio art\u00edstico catal\u00e3o, inspirado especialmente na fascinante arte do trencad\u00eds, famoso pelos seus coloridos mosaicos. Com dimens\u00f5es de 8 cm, o \u00edman apresenta uma salamandra estilizada em tons chamativos de azul, verde, amarelo e vermelho, que se destacam sobre um fundo branco texturizado que simula um mosaico, evocando a ess\u00eancia do design modernista de Gaud\u00ed. Cada escama da salamandra est\u00e1 meticulosamente detalhada, mostrando um padr\u00e3o intrincado que capta a aten\u00e7\u00e3o e adiciona um toque de alegria a qualquer superf\u00edcie met\u00e1lica.<\/p>\n<p>Este souvenir n\u00e3o \u00e9 apenas um elemento decorativo, mas tamb\u00e9m um s\u00edmbolo da riqueza cultural da regi\u00e3o, onde a salamandra representa a transforma\u00e7\u00e3o e a renova\u00e7\u00e3o, em conson\u00e2ncia com a filosofia art\u00edstica catal\u00e3. Como parte da cole\u00e7\u00e3o de souvenirs da Ol\u00e9 Mosaic, este \u00edman \u00e9 um excelente presente para turistas que procuram uma recorda\u00e7\u00e3o aut\u00eantica e representativa da sua visita \u00e0 Catalunha. Oferecemos produtos aut\u00eanticos por grosso, ideais para lojas de presentes tur\u00edsticos que desejem oferecer aos seus clientes um peda\u00e7o desta vibrante cultura. Este \u00edman de salamandra \u00e9, sem d\u00favida, uma pe\u00e7a \u00fanica e colorida que evocar\u00e1 mem\u00f3rias da diversidade e da criatividade do patrim\u00f3nio catal\u00e3o.<\/p>\n","protected":false},"excerpt":{"rendered":"<p>\u00cdman decorativo de metal com forma de salamandra, desenhado com um padr\u00e3o colorido que evoca o trencad\u00eds catal\u00e3o. Este atraente \u00edman de 8 cm apresenta uma salamandra em tons vibrantes de azul, verde, amarelo e vermelho sobre um fundo branco texturizado que simula um mosaico, com detalhes intrincados em cada escama. \u00c9 ideal para dar um toque de cor e personalidade a qualquer superf\u00edcie met\u00e1lica.<\/p>\n","protected":false},"featured_media":12867,"template":"","meta":{"_acf_changed":false},"product_brand":[],"product_cat":[699],"product_tag":[516],"class_list":{"0":"post-32642","1":"product","2":"type-product","3":"status-publish","4":"has-post-thumbnail","6":"product_cat-imanes","7":"product_tag-animais","8":"pa_motivo-salamandras","10":"first","11":"instock","12":"shipping-taxable","13":"product-type-simple"},"acf":[],"_links":{"self":[{"href":"https:\/\/olemosaic.com\/pt-pt\/wp-json\/wp\/v2\/product\/32642","targetHints":{"allow":["GET"]}}],"collection":[{"href":"https:\/\/olemosaic.com\/pt-pt\/wp-json\/wp\/v2\/product"}],"about":[{"href":"https:\/\/olemosaic.com\/pt-pt\/wp-json\/wp\/v2\/types\/product"}],"wp:featuredmedia":[{"embeddable":true,"href":"https:\/\/olemosaic.com\/pt-pt\/wp-json\/wp\/v2\/media\/12867"}],"wp:attachment":[{"href":"https:\/\/olemosaic.com\/pt-pt\/wp-json\/wp\/v2\/media?parent=32642"}],"wp:term":[{"taxonomy":"product_brand","embeddable":true,"href":"https:\/\/olemosaic.com\/pt-pt\/wp-json\/wp\/v2\/product_brand?post=32642"},{"taxonomy":"product_cat","embeddable":true,"href":"https:\/\/olemosaic.com\/pt-pt\/wp-json\/wp\/v2\/product_cat?post=32642"},{"taxonomy":"product_tag","embeddable":true,"href":"https:\/\/olemosaic.com\/pt-pt\/wp-json\/wp\/v2\/product_tag?post=32642"}],"curies":[{"name":"wp","href":"https:\/\/api.w.org\/{rel}","templated":true}]}}