{"id":32641,"date":"2025-02-20T23:32:41","date_gmt":"2025-02-20T22:32:41","guid":{"rendered":"http:\/\/olemosaic.com\/producto\/iman-de-metal-salamandra-barcelona-negro-8-cm-4\/"},"modified":"2025-07-25T18:58:36","modified_gmt":"2025-07-25T16:58:36","slug":"iman-de-metal-salamandra-barcelona-preto-8-cm-4","status":"publish","type":"product","link":"https:\/\/olemosaic.com\/pt-pt\/produto\/iman-de-metal-salamandra-barcelona-preto-8-cm-4\/","title":{"rendered":"\u00cdman de metal. Salamandra. Barcelona. Fundo preto. 8 cm."},"content":{"rendered":"<p>Este \u00edman decorativo de metal de 8 cm \u00e9 uma encantadora recorda\u00e7\u00e3o de Barcelona que capta a ess\u00eancia vibrante e art\u00edstica da cidade. Com um fundo preto intenso que real\u00e7a os detalhes, o \u00edman apresenta uma ilustra\u00e7\u00e3o colorida de salamandras em diversos tons, incluindo azul, verde e vermelho. Estas salamandras, inspiradas nos famosos mosaicos de Barcelona, evocam a obra do c\u00e9lebre arquiteto Antoni Gaud\u00ed e a sua influ\u00eancia no modernismo catal\u00e3o, fazendo com que cada pe\u00e7a seja um reflexo do rico patrim\u00f3nio cultural da regi\u00e3o.<\/p>\n<p>A palavra &#8220;Barcelona&#8221; est\u00e1 elegantemente impressa na parte superior, adicionando um toque distintivo que evocar\u00e1 mem\u00f3rias da sua visita a esta emblem\u00e1tica cidade. Este \u00edman n\u00e3o \u00e9 apenas um objeto decorativo, mas tamb\u00e9m um s\u00edmbolo da liga\u00e7\u00e3o de Barcelona com a arte e a natureza, tornando-o um souvenir ideal para quem deseja levar um peda\u00e7o da sua cultura e beleza para casa.<\/p>\n<p>Na Ol\u00e9 Mosaic, orgulhamo-nos de ser distribuidores de souvenirs aut\u00eanticos que celebram a heran\u00e7a cultural de Espanha. Este \u00edman de salamandra \u00e9 uma excelente op\u00e7\u00e3o para lojas de presentes tur\u00edsticos que desejam oferecer aos seus clientes produtos \u00fanicos e de qualidade, perfeitos para recordar a experi\u00eancia de Barcelona.<\/p>\n","protected":false},"excerpt":{"rendered":"<p>\u00cdman decorativo de metal de 8 cm com uma ilustra\u00e7\u00e3o colorida de salamandras, inspirado nos mosaicos de Barcelona. Sobre um fundo preto, o design real\u00e7a as salamandras em tons vibrantes e detalhes em azul, verde e vermelho, evocando a influ\u00eancia da arte modernista da cidade. A palavra &#8220;Barcelona&#8221; est\u00e1 impressa na parte superior, adicionando um toque distintivo e evocativo da sua visita a esta emblem\u00e1tica cidade.<\/p>\n","protected":false},"featured_media":12899,"template":"","meta":{"_acf_changed":false},"product_brand":[],"product_cat":[699],"product_tag":[516],"class_list":{"0":"post-32641","1":"product","2":"type-product","3":"status-publish","4":"has-post-thumbnail","6":"product_cat-imanes","7":"product_tag-animais","8":"pa_ciudad-barcelona","9":"pa_motivo-salamandras","10":"pa_pais-espana","12":"first","13":"instock","14":"shipping-taxable","15":"product-type-simple"},"acf":[],"_links":{"self":[{"href":"https:\/\/olemosaic.com\/pt-pt\/wp-json\/wp\/v2\/product\/32641","targetHints":{"allow":["GET"]}}],"collection":[{"href":"https:\/\/olemosaic.com\/pt-pt\/wp-json\/wp\/v2\/product"}],"about":[{"href":"https:\/\/olemosaic.com\/pt-pt\/wp-json\/wp\/v2\/types\/product"}],"wp:featuredmedia":[{"embeddable":true,"href":"https:\/\/olemosaic.com\/pt-pt\/wp-json\/wp\/v2\/media\/12899"}],"wp:attachment":[{"href":"https:\/\/olemosaic.com\/pt-pt\/wp-json\/wp\/v2\/media?parent=32641"}],"wp:term":[{"taxonomy":"product_brand","embeddable":true,"href":"https:\/\/olemosaic.com\/pt-pt\/wp-json\/wp\/v2\/product_brand?post=32641"},{"taxonomy":"product_cat","embeddable":true,"href":"https:\/\/olemosaic.com\/pt-pt\/wp-json\/wp\/v2\/product_cat?post=32641"},{"taxonomy":"product_tag","embeddable":true,"href":"https:\/\/olemosaic.com\/pt-pt\/wp-json\/wp\/v2\/product_tag?post=32641"}],"curies":[{"name":"wp","href":"https:\/\/api.w.org\/{rel}","templated":true}]}}