{"id":32635,"date":"2025-02-20T22:32:41","date_gmt":"2025-02-20T22:32:41","guid":{"rendered":"http:\/\/olemosaic.com\/producto\/iman-de-metal-toro-malaga-plata-8-cm\/"},"modified":"2025-07-25T18:51:52","modified_gmt":"2025-07-25T16:51:52","slug":"iman-de-metal-touro-malaga-prata-8-cm","status":"publish","type":"product","link":"https:\/\/olemosaic.com\/pt-pt\/produto\/iman-de-metal-touro-malaga-prata-8-cm\/","title":{"rendered":"\u00cdman de metal. Touro. M\u00e1laga. Prata. 8 cm."},"content":{"rendered":"<p>Este \u00edman decorativo de metal, de 8 cm, \u00e9 uma homenagem encantadora \u00e0 cultura e ao esp\u00edrito malaguenhos, com um colorido touro, s\u00edmbolo da regi\u00e3o. O design, que combina vibrantes tons azuis, verdes, amarelos e vermelhos, evoca a maravilhosa tradi\u00e7\u00e3o da arte do mosaico andaluz. A imagem estilizada do touro ressalta a sua for\u00e7a e car\u00e1cter, atraindo todos os olhares, enquanto o fundo branco sujo oferece um contraste elegante que acentua a riqueza crom\u00e1tica do animal. A palavra &#8220;M\u00c1LAGA&#8221;, escrita com letras chamativas e en\u00e9rgicas, adorna a lateral, tornando este \u00edman uma recorda\u00e7\u00e3o ideal que reflete n\u00e3o s\u00f3 a identidade local, mas tamb\u00e9m a paix\u00e3o que caracteriza esta emblem\u00e1tica cidade.<\/p>\n<p>Perfeito para adicionar um toque andaluz a qualquer espa\u00e7o, este \u00edman serve como lembran\u00e7a de uma visita a M\u00e1laga e celebra a heran\u00e7a cultural que rodeia a figura do touro na tradi\u00e7\u00e3o espanhola. Na Ol\u00e9 Mosaic, especializamo-nos na distribui\u00e7\u00e3o de recorda\u00e7\u00f5es por grosso, oferecendo produtos aut\u00eanticos que capturam a ess\u00eancia dos seus locais de origem. Este \u00edman de touro \u00e9 uma excelente op\u00e7\u00e3o para lojas de presentes tur\u00edsticos que procuram artigos representativos, aut\u00eanticos e cheios de cor, perfeitos para quem deseja levar um pedacinho de M\u00e1laga para casa.<\/p>\n","protected":false},"excerpt":{"rendered":"<p>\u00cdman decorativo met\u00e1lico de 8 cm, que representa um colorido touro t\u00edpico de M\u00e1laga. Com um design vibrante em tons de azul, verde, amarelo e vermelho, este \u00edman evoca a arte do mosaico, apresentando uma ilustra\u00e7\u00e3o estilizada do emblem\u00e1tico animal. Sobre um fundo branco sujo, destaca-se a palavra &#8220;M\u00c1LAGA&#8221; em letras chamativas, tornando-se uma recorda\u00e7\u00e3o ideal que capta a ess\u00eancia cultural e festiva da regi\u00e3o. Perfeito para adicionar um toque andaluz a qualquer espa\u00e7o.<\/p>\n","protected":false},"featured_media":10004,"template":"","meta":{"_acf_changed":false},"product_brand":[],"product_cat":[699],"product_tag":[516],"class_list":{"0":"post-32635","1":"product","2":"type-product","3":"status-publish","4":"has-post-thumbnail","6":"product_cat-imanes","7":"product_tag-animais","8":"pa_ciudad-malaga","9":"pa_motivo-touros","10":"pa_pais-espana","12":"first","13":"instock","14":"shipping-taxable","15":"product-type-simple"},"acf":[],"_links":{"self":[{"href":"https:\/\/olemosaic.com\/pt-pt\/wp-json\/wp\/v2\/product\/32635","targetHints":{"allow":["GET"]}}],"collection":[{"href":"https:\/\/olemosaic.com\/pt-pt\/wp-json\/wp\/v2\/product"}],"about":[{"href":"https:\/\/olemosaic.com\/pt-pt\/wp-json\/wp\/v2\/types\/product"}],"wp:featuredmedia":[{"embeddable":true,"href":"https:\/\/olemosaic.com\/pt-pt\/wp-json\/wp\/v2\/media\/10004"}],"wp:attachment":[{"href":"https:\/\/olemosaic.com\/pt-pt\/wp-json\/wp\/v2\/media?parent=32635"}],"wp:term":[{"taxonomy":"product_brand","embeddable":true,"href":"https:\/\/olemosaic.com\/pt-pt\/wp-json\/wp\/v2\/product_brand?post=32635"},{"taxonomy":"product_cat","embeddable":true,"href":"https:\/\/olemosaic.com\/pt-pt\/wp-json\/wp\/v2\/product_cat?post=32635"},{"taxonomy":"product_tag","embeddable":true,"href":"https:\/\/olemosaic.com\/pt-pt\/wp-json\/wp\/v2\/product_tag?post=32635"}],"curies":[{"name":"wp","href":"https:\/\/api.w.org\/{rel}","templated":true}]}}