{"id":32633,"date":"2025-02-20T23:32:40","date_gmt":"2025-02-20T22:32:40","guid":{"rendered":"http:\/\/olemosaic.com\/producto\/iman-de-metal-buho-mallorca-8-cm-2\/"},"modified":"2025-07-25T18:37:05","modified_gmt":"2025-07-25T16:37:05","slug":"iman-de-metal-mocho-maiorca-8-cm-pt-pt","status":"publish","type":"product","link":"https:\/\/olemosaic.com\/pt-pt\/produto\/iman-de-metal-mocho-maiorca-8-cm-pt-pt\/","title":{"rendered":"\u00cdman de metal. Mocho. Ilha. Maiorca. 8 cm."},"content":{"rendered":"<p>Este \u00edman met\u00e1lico, decorado com uma vibrante ilustra\u00e7\u00e3o de dois mochos, \u00e9 uma impressionante recorda\u00e7\u00e3o de Maiorca. Com um tamanho de 8 cm, o seu design destaca-se por uma colorida interpreta\u00e7\u00e3o ao estilo mosaico, que inclui tonalidades de amarelo, azul, vermelho e verde, evocando a rica tradi\u00e7\u00e3o visual da ilha balear. Os mochos, s\u00edmbolos de sabedoria e mist\u00e9rio, apresentam-se cuidadosamente ilustrados sobre um fundo que simula o famoso mosaico, evocando a arte e a cultura mediterr\u00e2nea.<\/p>\n<p>A palavra &#8220;MAIORCA&#8221; na parte superior n\u00e3o s\u00f3 identifica a origem do produto, como tamb\u00e9m acrescenta um toque distintivo que real\u00e7a o seu atrativo como recorda\u00e7\u00e3o. Este \u00edman capta a ess\u00eancia da ilha e torna-se uma recorda\u00e7\u00e3o perfeita, ideal para quem procura algo aut\u00eantico e representativo de Maiorca. Al\u00e9m disso, o seu design alegre e atrativo torna-o uma excelente op\u00e7\u00e3o tanto para colecionadores como para amantes da decora\u00e7\u00e3o que desejam adicionar um detalhe colorido ao seu lar.<\/p>\n<p>Na Ol\u00e9 Mosaic, estamos comprometidos com a distribui\u00e7\u00e3o grossista de recorda\u00e7\u00f5es de qualidade, e este \u00edman de mochos \u00e9 um exemplo perfeito da autenticidade e do valor cultural que oferecemos. Uma escolha ideal para lojas de presentes tur\u00edsticos que procuram produtos que celebrem a diversidade e o patrim\u00f3nio de Maiorca.<\/p>\n","protected":false},"excerpt":{"rendered":"<p>\u00cdman met\u00e1lico decorado com uma vibrante ilustra\u00e7\u00e3o de dois mochos, inspirada na arte do mosaico t\u00edpico de Maiorca. Com um tamanho de 8 cm, apresenta cores vivas como o amarelo, o azul, o vermelho e o verde, que real\u00e7am o seu design chamativo. A palavra &#8220;MAIORCA&#8221; na parte superior acrescenta um toque distintivo, tornando este \u00edman uma recorda\u00e7\u00e3o perfeita que capta a ess\u00eancia cultural da ilha balear. Ideal para colecionadores e amantes da decora\u00e7\u00e3o.<\/p>\n","protected":false},"featured_media":11318,"template":"","meta":{"_acf_changed":false},"product_brand":[],"product_cat":[699],"product_tag":[516],"class_list":{"0":"post-32633","1":"product","2":"type-product","3":"status-publish","4":"has-post-thumbnail","6":"product_cat-imanes","7":"product_tag-animais","8":"pa_ciudad-mallorca","9":"pa_motivo-corujas","10":"pa_pais-espana","12":"first","13":"instock","14":"shipping-taxable","15":"product-type-simple"},"acf":[],"_links":{"self":[{"href":"https:\/\/olemosaic.com\/pt-pt\/wp-json\/wp\/v2\/product\/32633","targetHints":{"allow":["GET"]}}],"collection":[{"href":"https:\/\/olemosaic.com\/pt-pt\/wp-json\/wp\/v2\/product"}],"about":[{"href":"https:\/\/olemosaic.com\/pt-pt\/wp-json\/wp\/v2\/types\/product"}],"wp:featuredmedia":[{"embeddable":true,"href":"https:\/\/olemosaic.com\/pt-pt\/wp-json\/wp\/v2\/media\/11318"}],"wp:attachment":[{"href":"https:\/\/olemosaic.com\/pt-pt\/wp-json\/wp\/v2\/media?parent=32633"}],"wp:term":[{"taxonomy":"product_brand","embeddable":true,"href":"https:\/\/olemosaic.com\/pt-pt\/wp-json\/wp\/v2\/product_brand?post=32633"},{"taxonomy":"product_cat","embeddable":true,"href":"https:\/\/olemosaic.com\/pt-pt\/wp-json\/wp\/v2\/product_cat?post=32633"},{"taxonomy":"product_tag","embeddable":true,"href":"https:\/\/olemosaic.com\/pt-pt\/wp-json\/wp\/v2\/product_tag?post=32633"}],"curies":[{"name":"wp","href":"https:\/\/api.w.org\/{rel}","templated":true}]}}