{"id":32631,"date":"2025-02-20T23:32:40","date_gmt":"2025-02-20T22:32:40","guid":{"rendered":"http:\/\/olemosaic.com\/producto\/iman-de-metal-bailaora-negro-11-cm-5\/"},"modified":"2025-07-25T19:30:59","modified_gmt":"2025-07-25T17:30:59","slug":"iman-de-metal-bailarina-preto-11-cm","status":"publish","type":"product","link":"https:\/\/olemosaic.com\/pt-pt\/produto\/iman-de-metal-bailarina-preto-11-cm\/","title":{"rendered":"\u00cdman de metal. Bailarina. Vestido azul e vermelho. Preto. 11 cm."},"content":{"rendered":"<p>Este \u00edman met\u00e1lico de uma vibrante bailarina de flamenco \u00e9 um s\u00edmbolo aut\u00eantico da rica cultura espanhola, ideal para quem procura recorda\u00e7\u00f5es representativas da sua viagem. Com uma elegante figura de 11 cm, destaca-se pelo seu design colorido, que capta a ess\u00eancia do flamenco atrav\u00e9s de um espetacular vestido em tonalidades azuis e vermelhas, salpicado de detalhes que evocam a tradi\u00e7\u00e3o e a paix\u00e3o desta dan\u00e7a cl\u00e1ssica. A bailarina, com um penteado adornado por uma flor, expressa uma alegria contagiante que ressalta ainda mais gra\u00e7as ao fundo preto que emoldura a cena, criando um contraste visual cativante.<\/p>\n<p>Este \u00edman n\u00e3o \u00e9 apenas um objeto decorativo, mas uma aut\u00eantica recorda\u00e7\u00e3o da cultura flamenca, ideal para manter vivas as mem\u00f3rias de uma viagem pela Andaluzia. Na Ol\u00e9 Mosaic, especializamo-nos na distribui\u00e7\u00e3o de recorda\u00e7\u00f5es por grosso, e este \u00edman de bailarina \u00e9 uma op\u00e7\u00e3o perfeita para lojas de presentes tur\u00edsticos que procuram artigos de qualidade e relev\u00e2ncia cultural. Real\u00e7a a autenticidade da tradi\u00e7\u00e3o espanhola e \u00e9 um excelente presente para turistas que desejam levar consigo um pedacinho do esp\u00edrito vibrante e festivo de Espanha. Com este \u00edman, cada vez que o vir no seu frigor\u00edfico, reviver\u00e1 a paix\u00e3o e a beleza do flamenco em cada detalhe.<\/p>\n","protected":false},"excerpt":{"rendered":"<p>\u00cdman met\u00e1lico que apresenta uma vibrante representa\u00e7\u00e3o de uma bailarina de flamenco, destacando-se pelo seu design colorido inspirado na cultura espanhola. Com dimens\u00f5es de 11 cm, este \u00edman mostra uma elegante figura da bailarina vestida com um vestido azul e vermelho, adornado com salpicos de cor na saia e detalhes florais no penteado. O fundo preto real\u00e7a a beleza do motivo, tornando-o uma recorda\u00e7\u00e3o perfeita para evocar a paix\u00e3o do flamenco.<\/p>\n","protected":false},"featured_media":8285,"template":"","meta":{"_acf_changed":false},"product_brand":[],"product_cat":[699],"product_tag":[],"class_list":{"0":"post-32631","1":"product","2":"type-product","3":"status-publish","4":"has-post-thumbnail","6":"product_cat-imanes","7":"pa_motivo-dancarinos","9":"first","10":"instock","11":"shipping-taxable","12":"product-type-simple"},"acf":[],"_links":{"self":[{"href":"https:\/\/olemosaic.com\/pt-pt\/wp-json\/wp\/v2\/product\/32631","targetHints":{"allow":["GET"]}}],"collection":[{"href":"https:\/\/olemosaic.com\/pt-pt\/wp-json\/wp\/v2\/product"}],"about":[{"href":"https:\/\/olemosaic.com\/pt-pt\/wp-json\/wp\/v2\/types\/product"}],"wp:featuredmedia":[{"embeddable":true,"href":"https:\/\/olemosaic.com\/pt-pt\/wp-json\/wp\/v2\/media\/8285"}],"wp:attachment":[{"href":"https:\/\/olemosaic.com\/pt-pt\/wp-json\/wp\/v2\/media?parent=32631"}],"wp:term":[{"taxonomy":"product_brand","embeddable":true,"href":"https:\/\/olemosaic.com\/pt-pt\/wp-json\/wp\/v2\/product_brand?post=32631"},{"taxonomy":"product_cat","embeddable":true,"href":"https:\/\/olemosaic.com\/pt-pt\/wp-json\/wp\/v2\/product_cat?post=32631"},{"taxonomy":"product_tag","embeddable":true,"href":"https:\/\/olemosaic.com\/pt-pt\/wp-json\/wp\/v2\/product_tag?post=32631"}],"curies":[{"name":"wp","href":"https:\/\/api.w.org\/{rel}","templated":true}]}}