{"id":32619,"date":"2025-02-20T23:32:39","date_gmt":"2025-02-20T22:32:39","guid":{"rendered":"http:\/\/olemosaic.com\/producto\/iman-de-metal-panoramica-mijas-negro-8-cm\/"},"modified":"2025-07-25T19:38:55","modified_gmt":"2025-07-25T17:38:55","slug":"iman-de-metal-panoramica-mijas-preto-8-cm","status":"publish","type":"product","link":"https:\/\/olemosaic.com\/pt-pt\/produto\/iman-de-metal-panoramica-mijas-preto-8-cm\/","title":{"rendered":"\u00cdman de metal. Panor\u00e2mica. Mijas. Preto. 8 cm."},"content":{"rendered":"<p>Este \u00edman met\u00e1lico de Mijas \u00e9 uma recorda\u00e7\u00e3o vibrante e colorida que captura a ess\u00eancia desta encantadora vila andaluza. Com dimens\u00f5es de 8 cm, este atrativo \u00edman apresenta uma panor\u00e2mica da famosa Pra\u00e7a de Touros, rodeada pelas t\u00edpicas ruas caiadas adornadas com palmeiras e detalhes arquitet\u00f3nicos que caracterizam a arquitetura andaluza. O fundo preto real\u00e7a a brilhante paleta de cores do mosaico, criando um contraste impactante que atrai o olhar. Na parte superior, a inscri\u00e7\u00e3o \u00abMIJAS\u00bb brilha em letras coloridas, acrescentando um toque festivo e alegre a este souvenir.<\/p>\n<p>Mijas, conhecida pelas suas vistas impressionantes e pelo seu ambiente tradicional, reflete-se em cada detalhe deste \u00edman, desde as texturas das fachadas at\u00e9 aos elementos decorativos que evocam o seu rico patrim\u00f3nio cultural. Este \u00edman n\u00e3o \u00e9 apenas uma excelente op\u00e7\u00e3o para colecionadores, mas tamb\u00e9m funciona como um presente \u00fanico que permite levar um peda\u00e7o da cultura espanhola para casa. Na Ol\u00e9 Mosaic, a nossa miss\u00e3o \u00e9 oferecer souvenirs aut\u00eanticos e representativos que celebram a beleza de lugares como Mijas. Este \u00edman met\u00e1lico \u00e9 uma op\u00e7\u00e3o ideal para lojas de presentes tur\u00edsticos que procuram produtos distintivos e de qualidade que cativem os turistas e os convidem a recordar a sua visita.<\/p>\n","protected":false},"excerpt":{"rendered":"<p>\u00cdman met\u00e1lico com uma vibrante panor\u00e2mica de Mijas, apresentado num design colorido de 8 cm. Este atrativo \u00edman representa a famosa Pra\u00e7a de Touros e as suas encantadoras ruas, adornadas com palmeiras e detalhes arquitet\u00f3nicos andaluzes. Com um fundo preto que real\u00e7a as cores do mosaico e a inscri\u00e7\u00e3o \u201cMIJAS\u201d em letras vistosas, \u00e9 um souvenir perfeito para recordar a beleza desta pitoresca vila espanhola. Ideal para qualquer cole\u00e7\u00e3o.<\/p>\n","protected":false},"featured_media":9627,"template":"","meta":{"_acf_changed":false},"product_brand":[],"product_cat":[699],"product_tag":[],"class_list":{"0":"post-32619","1":"product","2":"type-product","3":"status-publish","4":"has-post-thumbnail","6":"product_cat-imanes","7":"pa_ciudad-mijas","8":"pa_motivo-panoramas","9":"pa_pais-espana","11":"first","12":"instock","13":"shipping-taxable","14":"product-type-simple"},"acf":[],"_links":{"self":[{"href":"https:\/\/olemosaic.com\/pt-pt\/wp-json\/wp\/v2\/product\/32619","targetHints":{"allow":["GET"]}}],"collection":[{"href":"https:\/\/olemosaic.com\/pt-pt\/wp-json\/wp\/v2\/product"}],"about":[{"href":"https:\/\/olemosaic.com\/pt-pt\/wp-json\/wp\/v2\/types\/product"}],"wp:featuredmedia":[{"embeddable":true,"href":"https:\/\/olemosaic.com\/pt-pt\/wp-json\/wp\/v2\/media\/9627"}],"wp:attachment":[{"href":"https:\/\/olemosaic.com\/pt-pt\/wp-json\/wp\/v2\/media?parent=32619"}],"wp:term":[{"taxonomy":"product_brand","embeddable":true,"href":"https:\/\/olemosaic.com\/pt-pt\/wp-json\/wp\/v2\/product_brand?post=32619"},{"taxonomy":"product_cat","embeddable":true,"href":"https:\/\/olemosaic.com\/pt-pt\/wp-json\/wp\/v2\/product_cat?post=32619"},{"taxonomy":"product_tag","embeddable":true,"href":"https:\/\/olemosaic.com\/pt-pt\/wp-json\/wp\/v2\/product_tag?post=32619"}],"curies":[{"name":"wp","href":"https:\/\/api.w.org\/{rel}","templated":true}]}}