{"id":32616,"date":"2025-02-20T23:32:39","date_gmt":"2025-02-20T22:32:39","guid":{"rendered":"http:\/\/olemosaic.com\/producto\/iman-de-metal-sagrada-familia-barcelona-8-cm-20\/"},"modified":"2025-07-25T19:14:39","modified_gmt":"2025-07-25T17:14:39","slug":"iman-de-metal-sagrada-familia-barcelona-8-cm-20-pt-pt","status":"publish","type":"product","link":"https:\/\/olemosaic.com\/pt-pt\/produto\/iman-de-metal-sagrada-familia-barcelona-8-cm-20-pt-pt\/","title":{"rendered":"\u00cdman de metal. Sagrada Fam\u00edlia. Arquitetura. Barcelona. 8 cm."},"content":{"rendered":"<p>Este \u00edman met\u00e1lico da Sagrada Fam\u00edlia \u00e9 uma recorda\u00e7\u00e3o vibrante e colorida que encapsula a grandeza arquitet\u00f3nica de Barcelona. Com um tamanho de 8 cm, o seu design, ao estilo mosaico, reflete a ess\u00eancia \u00fanica da c\u00e9lebre bas\u00edlica de Antoni Gaud\u00ed, uma verdadeira joia do modernismo catal\u00e3o. O \u00edman destaca-se pelos seus brilhantes tons de laranja, amarelo e azul, que se entrela\u00e7am num padr\u00e3o chamativo que recorda a famosa obra, transportando o espetador para um percurso visual pela hist\u00f3ria e cultura da cidade.<\/p>\n<p>O nome &#8220;Barcelona&#8221; encontra-se elegantemente colocado na parte superior, acrescentando um atrativo extra ao artigo. Este \u00edman n\u00e3o s\u00f3 \u00e9 um excelente complemento para qualquer frigor\u00edfico, como tamb\u00e9m serve como uma recorda\u00e7\u00e3o permanente da visita a uma das cidades mais emblem\u00e1ticas de Espanha, famosa pela sua arte, hist\u00f3ria e vibrante vida cultural.<\/p>\n<p>Na Ol\u00e9 Mosaic, a nossa miss\u00e3o \u00e9 oferecer souvenirs aut\u00eanticos e representativos, e este \u00edman da Sagrada Fam\u00edlia \u00e9 uma excelente op\u00e7\u00e3o para os turistas que procuram levar um peda\u00e7o de Barcelona. Perfeito para lojas de presentes tur\u00edsticos, este \u00edman \u00e9 um souvenir atrativo ideal para recordar a majestade da arquitetura catal\u00e3 e alinha-se perfeitamente com a nossa oferta de souvenirs por grosso.<\/p>\n","protected":false},"excerpt":{"rendered":"<p>\u00cdman met\u00e1lico de 8 cm com uma representa\u00e7\u00e3o vibrante da Sagrada Fam\u00edlia, emblema arquitet\u00f3nico de Barcelona. Este \u00edman colorido destaca-se pelo seu design estilo mosaico, que captura a ess\u00eancia \u00fanica da famosa bas\u00edlica de Antoni Gaud\u00ed. Os detalhes em tons brilhantes de laranja, amarelo e azul, juntamente com o texto \u00abBarcelona\u00bb na parte superior, tornam-no num souvenir atrativo que celebra a cultura e a hist\u00f3ria da cidade. Perfeito para decorar o seu frigor\u00edfico ou como presente.<\/p>\n","protected":false},"featured_media":11378,"template":"","meta":{"_acf_changed":false},"product_brand":[],"product_cat":[699],"product_tag":[],"class_list":{"0":"post-32616","1":"product","2":"type-product","3":"status-publish","4":"has-post-thumbnail","6":"product_cat-imanes","7":"pa_ciudad-barcelona","8":"pa_motivo-sagrada-familia","9":"pa_pais-espana","11":"first","12":"instock","13":"shipping-taxable","14":"product-type-simple"},"acf":[],"_links":{"self":[{"href":"https:\/\/olemosaic.com\/pt-pt\/wp-json\/wp\/v2\/product\/32616","targetHints":{"allow":["GET"]}}],"collection":[{"href":"https:\/\/olemosaic.com\/pt-pt\/wp-json\/wp\/v2\/product"}],"about":[{"href":"https:\/\/olemosaic.com\/pt-pt\/wp-json\/wp\/v2\/types\/product"}],"wp:featuredmedia":[{"embeddable":true,"href":"https:\/\/olemosaic.com\/pt-pt\/wp-json\/wp\/v2\/media\/11378"}],"wp:attachment":[{"href":"https:\/\/olemosaic.com\/pt-pt\/wp-json\/wp\/v2\/media?parent=32616"}],"wp:term":[{"taxonomy":"product_brand","embeddable":true,"href":"https:\/\/olemosaic.com\/pt-pt\/wp-json\/wp\/v2\/product_brand?post=32616"},{"taxonomy":"product_cat","embeddable":true,"href":"https:\/\/olemosaic.com\/pt-pt\/wp-json\/wp\/v2\/product_cat?post=32616"},{"taxonomy":"product_tag","embeddable":true,"href":"https:\/\/olemosaic.com\/pt-pt\/wp-json\/wp\/v2\/product_tag?post=32616"}],"curies":[{"name":"wp","href":"https:\/\/api.w.org\/{rel}","templated":true}]}}