{"id":32615,"date":"2025-02-20T23:32:39","date_gmt":"2025-02-20T22:32:39","guid":{"rendered":"http:\/\/olemosaic.com\/producto\/iman-de-metal-sagrada-familia-barcelona-8-cm-19\/"},"modified":"2025-07-25T18:40:56","modified_gmt":"2025-07-25T16:40:56","slug":"iman-de-metal-sagrada-familia-barcelona-8-cm-19-pt-pt","status":"publish","type":"product","link":"https:\/\/olemosaic.com\/pt-pt\/produto\/iman-de-metal-sagrada-familia-barcelona-8-cm-19-pt-pt\/","title":{"rendered":"\u00cdman de metal. Sagrada Fam\u00edlia. Motivos florais. Barcelona. 8 cm."},"content":{"rendered":"<p>Este \u00edman met\u00e1lico da Sagrada Fam\u00edlia \u00e9 uma recorda\u00e7\u00e3o colorida que capta a ess\u00eancia de Barcelona. Com os seus 8 cm, destaca-se pela sua ilustra\u00e7\u00e3o estilizada da famosa bas\u00edlica, desenhada pelo genial Antoni Gaud\u00ed. O design real\u00e7a as ic\u00f3nicas torres da Sagrada Fam\u00edlia, que parecem elevar-se ao c\u00e9u, juntamente com os singulares detalhes arquitet\u00f3nicos que a converteram num s\u00edmbolo, n\u00e3o s\u00f3 da cidade, mas do modernismo catal\u00e3o. O fundo azul vibrante complementa na perfei\u00e7\u00e3o os mosaicos em tons de vermelho, verde e amarelo, criando um efeito festivo que evoca o ambiente vibrante de Barcelona.<\/p>\n<p>O texto &#8220;I \u2665 Barcelona&#8221; acrescenta um toque emocional com a cidade mediterr\u00e2nea, o que torna este \u00edman uma excelente op\u00e7\u00e3o para turistas e colecionadores que desejem levar um pedacinho de Barcelona. Esta recorda\u00e7\u00e3o n\u00e3o \u00e9 apenas um objeto decorativo, mas tamb\u00e9m representa uma parte essencial da identidade cultural da regi\u00e3o. Na Ol\u00e9 Mosaic, o nosso compromisso \u00e9 oferecer recorda\u00e7\u00f5es aut\u00eanticas e de qualidade, e este \u00edman da Sagrada Fam\u00edlia \u00e9 um exemplo perfeito de como a arte e a arquitetura se fundem numa recorda\u00e7\u00e3o representativa. Ideal para lojas de recorda\u00e7\u00f5es tur\u00edsticas que procuram produtos memor\u00e1veis e com significado cultural. Como distribuidor de souvenirs por grosso, garantimos que este \u00edman ser\u00e1 uma adi\u00e7\u00e3o de destaque a qualquer cole\u00e7\u00e3o.<\/p>\n","protected":false},"excerpt":{"rendered":"<p>\u00cdman met\u00e1lico da Sagrada Fam\u00edlia de Barcelona, de 8 cm. Este colorido \u00edman apresenta uma ilustra\u00e7\u00e3o estilizada da famosa bas\u00edlica de Antoni Gaud\u00ed, destacando as suas torres caracter\u00edsticas e detalhes arquitet\u00f3nicos \u00fanicos. O fundo azul e os vibrantes mosaicos em tons de vermelho, verde e amarelo conferem-lhe um ar festivo, enquanto o texto &#8220;I \u2665 Barcelona&#8221; real\u00e7a a liga\u00e7\u00e3o com a cidade mediterr\u00e2nea. Ideal para colecionadores ou como souvenir.<\/p>\n","protected":false},"featured_media":13545,"template":"","meta":{"_acf_changed":false},"product_brand":[],"product_cat":[699],"product_tag":[],"class_list":{"0":"post-32615","1":"product","2":"type-product","3":"status-publish","4":"has-post-thumbnail","6":"product_cat-imanes","7":"pa_ciudad-barcelona","8":"pa_motivo-sagrada-familia","9":"pa_pais-espana","11":"first","12":"instock","13":"shipping-taxable","14":"product-type-simple"},"acf":[],"_links":{"self":[{"href":"https:\/\/olemosaic.com\/pt-pt\/wp-json\/wp\/v2\/product\/32615","targetHints":{"allow":["GET"]}}],"collection":[{"href":"https:\/\/olemosaic.com\/pt-pt\/wp-json\/wp\/v2\/product"}],"about":[{"href":"https:\/\/olemosaic.com\/pt-pt\/wp-json\/wp\/v2\/types\/product"}],"wp:featuredmedia":[{"embeddable":true,"href":"https:\/\/olemosaic.com\/pt-pt\/wp-json\/wp\/v2\/media\/13545"}],"wp:attachment":[{"href":"https:\/\/olemosaic.com\/pt-pt\/wp-json\/wp\/v2\/media?parent=32615"}],"wp:term":[{"taxonomy":"product_brand","embeddable":true,"href":"https:\/\/olemosaic.com\/pt-pt\/wp-json\/wp\/v2\/product_brand?post=32615"},{"taxonomy":"product_cat","embeddable":true,"href":"https:\/\/olemosaic.com\/pt-pt\/wp-json\/wp\/v2\/product_cat?post=32615"},{"taxonomy":"product_tag","embeddable":true,"href":"https:\/\/olemosaic.com\/pt-pt\/wp-json\/wp\/v2\/product_tag?post=32615"}],"curies":[{"name":"wp","href":"https:\/\/api.w.org\/{rel}","templated":true}]}}