{"id":32613,"date":"2025-02-20T22:32:39","date_gmt":"2025-02-20T22:32:39","guid":{"rendered":"http:\/\/olemosaic.com\/producto\/iman-de-metal-delfin-negro-8-cm\/"},"modified":"2025-07-25T18:59:28","modified_gmt":"2025-07-25T16:59:28","slug":"iman-de-metal-golfinho-preto-8-cm","status":"publish","type":"product","link":"https:\/\/olemosaic.com\/pt-pt\/produto\/iman-de-metal-golfinho-preto-8-cm\/","title":{"rendered":"\u00cdman de metal. Golfinho. Preto. 8 cm."},"content":{"rendered":"<p>Este \u00edman met\u00e1lico, de design vibrante, apresenta um grupo de golfinhos a saltar sobre um fundo marinho estilizado, uma recorda\u00e7\u00e3o perfeita do esp\u00edrito do Mediterr\u00e2neo. Com os seus 8 cm, este \u00edman capta a alegria e o dinamismo do oceano atrav\u00e9s de um colorido mosaico que combina tons brilhantes de azul, amarelo, vermelho e verde. A representa\u00e7\u00e3o art\u00edstica mostra os golfinhos em plena a\u00e7\u00e3o, evocando a energia e a liberdade que caracteriza estes mam\u00edferos marinhos. Cada golfinho, com as suas curvas suaves e detalhes em mosaico, real\u00e7a a eleg\u00e2ncia e o jogo de luzes da \u00e1gua.<\/p>\n<p>Este \u00edman n\u00e3o \u00e9 apenas um objeto decorativo, mas um aut\u00eantico souvenir para recordar momentos vividos na costa ou no mar. Representativo da fauna marinha, o seu design colorido e atraente torna-o uma excelente op\u00e7\u00e3o para os turistas que procuram uma recorda\u00e7\u00e3o aut\u00eantica da sua visita a regi\u00f5es costeiras, bem como um peda\u00e7o da cultura mediterr\u00e2nea. Na Ol\u00e9 Mosaic, dedicamo-nos \u00e0 distribui\u00e7\u00e3o grossista de souvenirs, garantindo a autenticidade e a qualidade de cada pe\u00e7a. Este \u00edman de golfinhos \u00e9 ideal para lojas de recorda\u00e7\u00f5es tur\u00edsticas que desejem oferecer produtos que reflitam a beleza natural e cultural das suas regi\u00f5es.<\/p>\n","protected":false},"excerpt":{"rendered":"<p>\u00cdman met\u00e1lico de design vibrante com um grupo de golfinhos a saltar sobre um fundo marinho estilizado. Com um tamanho de 8 cm, este \u00edman apresenta um colorido mosaico que combina tons brilhantes de azul, amarelo, vermelho e verde, real\u00e7ando a alegria e o dinamismo do oceano. A representa\u00e7\u00e3o art\u00edstica destes mam\u00edferos marinhos evoca o esp\u00edrito do Mediterr\u00e2neo, tornando-se uma recorda\u00e7\u00e3o perfeita para os amantes do mar e da sua fauna.<\/p>\n","protected":false},"featured_media":7104,"template":"","meta":{"_acf_changed":false},"product_brand":[],"product_cat":[699],"product_tag":[516],"class_list":{"0":"post-32613","1":"product","2":"type-product","3":"status-publish","4":"has-post-thumbnail","6":"product_cat-imanes","7":"product_tag-animais","8":"pa_motivo-golfinhos","10":"first","11":"instock","12":"shipping-taxable","13":"product-type-simple"},"acf":[],"_links":{"self":[{"href":"https:\/\/olemosaic.com\/pt-pt\/wp-json\/wp\/v2\/product\/32613","targetHints":{"allow":["GET"]}}],"collection":[{"href":"https:\/\/olemosaic.com\/pt-pt\/wp-json\/wp\/v2\/product"}],"about":[{"href":"https:\/\/olemosaic.com\/pt-pt\/wp-json\/wp\/v2\/types\/product"}],"wp:featuredmedia":[{"embeddable":true,"href":"https:\/\/olemosaic.com\/pt-pt\/wp-json\/wp\/v2\/media\/7104"}],"wp:attachment":[{"href":"https:\/\/olemosaic.com\/pt-pt\/wp-json\/wp\/v2\/media?parent=32613"}],"wp:term":[{"taxonomy":"product_brand","embeddable":true,"href":"https:\/\/olemosaic.com\/pt-pt\/wp-json\/wp\/v2\/product_brand?post=32613"},{"taxonomy":"product_cat","embeddable":true,"href":"https:\/\/olemosaic.com\/pt-pt\/wp-json\/wp\/v2\/product_cat?post=32613"},{"taxonomy":"product_tag","embeddable":true,"href":"https:\/\/olemosaic.com\/pt-pt\/wp-json\/wp\/v2\/product_tag?post=32613"}],"curies":[{"name":"wp","href":"https:\/\/api.w.org\/{rel}","templated":true}]}}