{"id":32611,"date":"2025-02-20T23:32:38","date_gmt":"2025-02-20T22:32:38","guid":{"rendered":"http:\/\/olemosaic.com\/producto\/iman-de-metal-panoramica-barcelona-negro-8-cm-4\/"},"modified":"2025-07-25T19:56:16","modified_gmt":"2025-07-25T17:56:16","slug":"iman-de-metal-panoramica-barcelona-preto-8-cm-4","status":"publish","type":"product","link":"https:\/\/olemosaic.com\/pt-pt\/produto\/iman-de-metal-panoramica-barcelona-preto-8-cm-4\/","title":{"rendered":"\u00cdman de metal. Panor\u00e2mica. I \u2665 Barcelona. Barcelona. Preto. 8 cm."},"content":{"rendered":"<p>Este \u00edman met\u00e1lico de Barcelona \u00e9 uma recorda\u00e7\u00e3o vibrante e aut\u00eantica, ideal para os amantes da capital catal\u00e3. Com dimens\u00f5es de 8 cm, este artigo atraente apresenta uma panor\u00e2mica colorida que destaca os \u00edcones mais emblem\u00e1ticos da cidade, como a impressionante Sagrada Fam\u00edlia e o fascinante Parque G\u00fcell, representados num estilo art\u00edstico que evoca o famoso modernismo de Antoni Gaud\u00ed. O design, emoldurado sobre um fundo preto, \u00e9 complementado pela en\u00e9rgica frase &#8220;I \u2665 Barcelona&#8221; em letras brilhantes, o que o torna um artigo muito chamativo e cheio de significado.<\/p>\n<p>A representa\u00e7\u00e3o colorida da arquitetura modernista de Barcelona real\u00e7a a rica heran\u00e7a cultural da regi\u00e3o, fazendo deste \u00edman n\u00e3o apenas um objeto decorativo, mas tamb\u00e9m uma pe\u00e7a que liga emocionalmente quem desfrutou da beleza desta cidade. Ao escolher este produto, n\u00e3o adquire apenas um souvenir de Barcelona, mas um s\u00edmbolo da arte e da hist\u00f3ria que abunda nas suas ruas.<\/p>\n<p>Na Ol\u00e9 Mosaic, somos especialistas na distribui\u00e7\u00e3o de souvenirs por grosso e este \u00edman \u00e9 uma excelente op\u00e7\u00e3o para lojas de recorda\u00e7\u00f5es tur\u00edsticas que procuram oferecer produtos aut\u00eanticos e representativos da cultura espanhola. Com este \u00edman de Barcelona, os seus clientes levar\u00e3o um peda\u00e7o da magia da cidade, tornando-se uma excelente ideia para recordar a sua visita.<\/p>\n","protected":false},"excerpt":{"rendered":"<p>\u00cdman met\u00e1lico com uma panor\u00e2mica colorida de Barcelona, de 8 cm. Este atraente \u00edman apresenta um design art\u00edstico com os monumentos mais emblem\u00e1ticos da cidade, como a Sagrada Fam\u00edlia e o Park G\u00fcell, todos eles representados com cores vibrantes que evocam o estilo modernista de Gaud\u00ed. Sobre um fundo preto, a frase &#8220;I \u2665 Barcelona&#8221; destaca-se com letras brilhantes, convertendo este \u00edman na recorda\u00e7\u00e3o perfeita para os amantes da capital catal\u00e3.<\/p>\n","protected":false},"featured_media":11408,"template":"","meta":{"_acf_changed":false},"product_brand":[],"product_cat":[699],"product_tag":[],"class_list":{"0":"post-32611","1":"product","2":"type-product","3":"status-publish","4":"has-post-thumbnail","6":"product_cat-imanes","7":"pa_ciudad-barcelona","8":"pa_motivo-panoramas","9":"pa_pais-espana","11":"first","12":"instock","13":"shipping-taxable","14":"product-type-simple"},"acf":[],"_links":{"self":[{"href":"https:\/\/olemosaic.com\/pt-pt\/wp-json\/wp\/v2\/product\/32611","targetHints":{"allow":["GET"]}}],"collection":[{"href":"https:\/\/olemosaic.com\/pt-pt\/wp-json\/wp\/v2\/product"}],"about":[{"href":"https:\/\/olemosaic.com\/pt-pt\/wp-json\/wp\/v2\/types\/product"}],"wp:featuredmedia":[{"embeddable":true,"href":"https:\/\/olemosaic.com\/pt-pt\/wp-json\/wp\/v2\/media\/11408"}],"wp:attachment":[{"href":"https:\/\/olemosaic.com\/pt-pt\/wp-json\/wp\/v2\/media?parent=32611"}],"wp:term":[{"taxonomy":"product_brand","embeddable":true,"href":"https:\/\/olemosaic.com\/pt-pt\/wp-json\/wp\/v2\/product_brand?post=32611"},{"taxonomy":"product_cat","embeddable":true,"href":"https:\/\/olemosaic.com\/pt-pt\/wp-json\/wp\/v2\/product_cat?post=32611"},{"taxonomy":"product_tag","embeddable":true,"href":"https:\/\/olemosaic.com\/pt-pt\/wp-json\/wp\/v2\/product_tag?post=32611"}],"curies":[{"name":"wp","href":"https:\/\/api.w.org\/{rel}","templated":true}]}}