{"id":32590,"date":"2025-02-20T22:32:38","date_gmt":"2025-02-20T22:32:38","guid":{"rendered":"http:\/\/olemosaic.com\/producto\/iman-de-metal-toro-alicante-8-cm\/"},"modified":"2025-07-25T19:27:41","modified_gmt":"2025-07-25T17:27:41","slug":"iman-de-metal-touro-alicante-8-cm","status":"publish","type":"product","link":"https:\/\/olemosaic.com\/pt-pt\/produto\/iman-de-metal-touro-alicante-8-cm\/","title":{"rendered":"\u00cdman de metal. Touro. Alicante. 8 cm."},"content":{"rendered":"<p>Este \u00edman met\u00e1lico de 8 cm, que representa um vibrante touro, \u00e9 um aut\u00eantico s\u00edmbolo da cultura espanhola, especialmente associado \u00e0 cidade de Alicante. O seu design colorido e em mosaico destaca-se pela sua modernidade, capturando a ess\u00eancia da arte contempor\u00e2nea ao mesmo tempo que celebra a rica heran\u00e7a cultural de Espanha. A figura do touro, um \u00edcone de for\u00e7a e tradi\u00e7\u00e3o, apresenta-se numa paleta de cores brilhantes que inclui vermelhos, azuis, verdes e amarelos, oferecendo uma representa\u00e7\u00e3o visual cativante que chamar\u00e1 a aten\u00e7\u00e3o de qualquer amante de souvenirs.<\/p>\n<p>O fundo azul claro complementa na perfei\u00e7\u00e3o o touro, criando um contraste atraente que real\u00e7a tanto o design do animal como a palavra &#8220;ALICANTE&#8221;, impressa em letras grandes e apelativas na parte superior do \u00edman. Este detalhe n\u00e3o s\u00f3 proporciona um toque de autenticidade, como tamb\u00e9m refor\u00e7a a liga\u00e7\u00e3o cultural do souvenir com a regi\u00e3o, convidando os turistas a levar um peda\u00e7o de Alicante para casa.<\/p>\n<p>Na Ol\u00e9 Mosaic, somos distribuidores de souvenirs aut\u00eanticos e este \u00edman \u00e9 uma excelente op\u00e7\u00e3o para lojas de presentes tur\u00edsticos que procuram produtos representativos e de qualidade. A sua relev\u00e2ncia cultural e est\u00e9tica tornam-no numa recorda\u00e7\u00e3o ideal para aqueles que desejam recordar uma viagem especial a Espanha. Perfeito como presente ou souvenir, este \u00edman captura a ess\u00eancia de Alicante e \u00e9 uma pe\u00e7a imprescind\u00edvel para qualquer cole\u00e7\u00e3o de recorda\u00e7\u00f5es.<\/p>\n","protected":false},"excerpt":{"rendered":"<p>\u00cdman met\u00e1lico de 8 cm que representa um vibrante touro, um s\u00edmbolo ic\u00f3nico da cultura espanhola, especialmente associado a Alicante. Este \u00edman destaca-se pelo seu design colorido e em mosaico, que captura a ess\u00eancia da arte contempor\u00e2nea. A figura do touro ergue-se sobre um fundo azul claro, com a palavra &#8220;ALICANTE&#8221; impressa em letras grandes e apelativas. Um souvenir ideal para recordar a heran\u00e7a cultural da regi\u00e3o.<\/p>\n","protected":false},"featured_media":10021,"template":"","meta":{"_acf_changed":false},"product_brand":[],"product_cat":[699],"product_tag":[516],"class_list":{"0":"post-32590","1":"product","2":"type-product","3":"status-publish","4":"has-post-thumbnail","6":"product_cat-imanes","7":"product_tag-animais","8":"pa_ciudad-alicante","9":"pa_motivo-touros","10":"pa_pais-espana","12":"first","13":"instock","14":"shipping-taxable","15":"product-type-simple"},"acf":[],"_links":{"self":[{"href":"https:\/\/olemosaic.com\/pt-pt\/wp-json\/wp\/v2\/product\/32590","targetHints":{"allow":["GET"]}}],"collection":[{"href":"https:\/\/olemosaic.com\/pt-pt\/wp-json\/wp\/v2\/product"}],"about":[{"href":"https:\/\/olemosaic.com\/pt-pt\/wp-json\/wp\/v2\/types\/product"}],"wp:featuredmedia":[{"embeddable":true,"href":"https:\/\/olemosaic.com\/pt-pt\/wp-json\/wp\/v2\/media\/10021"}],"wp:attachment":[{"href":"https:\/\/olemosaic.com\/pt-pt\/wp-json\/wp\/v2\/media?parent=32590"}],"wp:term":[{"taxonomy":"product_brand","embeddable":true,"href":"https:\/\/olemosaic.com\/pt-pt\/wp-json\/wp\/v2\/product_brand?post=32590"},{"taxonomy":"product_cat","embeddable":true,"href":"https:\/\/olemosaic.com\/pt-pt\/wp-json\/wp\/v2\/product_cat?post=32590"},{"taxonomy":"product_tag","embeddable":true,"href":"https:\/\/olemosaic.com\/pt-pt\/wp-json\/wp\/v2\/product_tag?post=32590"}],"curies":[{"name":"wp","href":"https:\/\/api.w.org\/{rel}","templated":true}]}}