{"id":32589,"date":"2025-02-20T23:32:38","date_gmt":"2025-02-20T22:32:38","guid":{"rendered":"http:\/\/olemosaic.com\/producto\/iman-de-metal-toro-malaga-8-cm-2\/"},"modified":"2025-07-25T18:46:57","modified_gmt":"2025-07-25T16:46:57","slug":"iman-de-metal-touro-mosaico-malaga-8-cm","status":"publish","type":"product","link":"https:\/\/olemosaic.com\/pt-pt\/produto\/iman-de-metal-touro-mosaico-malaga-8-cm\/","title":{"rendered":"\u00cdman de metal. Touro. Mosaico. M\u00e1laga. 8 cm."},"content":{"rendered":"<p>Este \u00edman de metal de 8 cm, que representa um vibrante touro colorido, \u00e9 uma aut\u00eantica joia da cultura espanhola, inspirado na rica tradi\u00e7\u00e3o da festa andaluza de M\u00e1laga. O seu design em mosaico, cheio de vida, combina uma paleta de cores em tons de azul, vermelho, amarelo e verde, criando uma mistura art\u00edstica que captura a ess\u00eancia festiva da regi\u00e3o. A figura do touro, um s\u00edmbolo emblem\u00e1tico da cultura taurina e da celebra\u00e7\u00e3o na Andaluzia, destaca-se no centro do \u00edman, rodeado por um fundo azul que evoca o c\u00e9u ensolarado da costa de M\u00e1laga.<\/p>\n<p>A palavra &#8220;M\u00c1LAGA&#8221;, impressa com um estilo apelativo e moderno, complementa perfeitamente esta ilustra\u00e7\u00e3o, convertendo este \u00edman numa recorda\u00e7\u00e3o ideal para quem deseja levar consigo um fragmento da sua experi\u00eancia na cidade. Este \u00edman n\u00e3o \u00e9 apenas um souvenir de qualidade, mas tamb\u00e9m representa o calor e a vitalidade de M\u00e1laga, sendo uma op\u00e7\u00e3o perfeita para quem procura recorda\u00e7\u00f5es aut\u00eanticas da regi\u00e3o.<\/p>\n<p>Na Ol\u00e9 Mosaic, como grossistas de souvenirs, oferecemos este \u00edman de touro como uma excelente op\u00e7\u00e3o para lojas de presentes tur\u00edsticos. O seu apelo visual e cultural torna-o num produto de destaque que permitir\u00e1 aos turistas levar um pedacinho da tradi\u00e7\u00e3o andaluza para casa, ideal para quem ama souvenirs que refletem o patrim\u00f3nio local.<\/p>\n","protected":false},"excerpt":{"rendered":"<p>\u00cdman met\u00e1lico de 8 cm, que representa um touro colorido, s\u00edmbolo da cultura espanhola e da festa andaluza, inspirado em M\u00e1laga. Este \u00edman destaca-se pelo seu design de mosaico vibrante, com uma paleta de cores que inclui tons azuis, vermelhos, amarelos e verdes, conferindo um toque art\u00edstico e alegre. A palavra &#8220;M\u00c1LAGA&#8221; est\u00e1 impressa com um estilo apelativo, complementando a imagem do touro e tornando-o numa excelente recorda\u00e7\u00e3o da cidade.<\/p>\n","protected":false},"featured_media":10005,"template":"","meta":{"_acf_changed":false},"product_brand":[],"product_cat":[699],"product_tag":[516],"class_list":{"0":"post-32589","1":"product","2":"type-product","3":"status-publish","4":"has-post-thumbnail","6":"product_cat-imanes","7":"product_tag-animais","8":"pa_ciudad-malaga","9":"pa_motivo-touros","10":"pa_pais-espana","12":"first","13":"instock","14":"shipping-taxable","15":"product-type-simple"},"acf":[],"_links":{"self":[{"href":"https:\/\/olemosaic.com\/pt-pt\/wp-json\/wp\/v2\/product\/32589","targetHints":{"allow":["GET"]}}],"collection":[{"href":"https:\/\/olemosaic.com\/pt-pt\/wp-json\/wp\/v2\/product"}],"about":[{"href":"https:\/\/olemosaic.com\/pt-pt\/wp-json\/wp\/v2\/types\/product"}],"wp:featuredmedia":[{"embeddable":true,"href":"https:\/\/olemosaic.com\/pt-pt\/wp-json\/wp\/v2\/media\/10005"}],"wp:attachment":[{"href":"https:\/\/olemosaic.com\/pt-pt\/wp-json\/wp\/v2\/media?parent=32589"}],"wp:term":[{"taxonomy":"product_brand","embeddable":true,"href":"https:\/\/olemosaic.com\/pt-pt\/wp-json\/wp\/v2\/product_brand?post=32589"},{"taxonomy":"product_cat","embeddable":true,"href":"https:\/\/olemosaic.com\/pt-pt\/wp-json\/wp\/v2\/product_cat?post=32589"},{"taxonomy":"product_tag","embeddable":true,"href":"https:\/\/olemosaic.com\/pt-pt\/wp-json\/wp\/v2\/product_tag?post=32589"}],"curies":[{"name":"wp","href":"https:\/\/api.w.org\/{rel}","templated":true}]}}