{"id":32588,"date":"2025-02-20T22:32:38","date_gmt":"2025-02-20T22:32:38","guid":{"rendered":"http:\/\/olemosaic.com\/producto\/iman-de-metal-gato-barcelona-negro-8-cm\/"},"modified":"2025-07-25T20:25:28","modified_gmt":"2025-07-25T18:25:28","slug":"iman-de-metal-gato-barcelona-preto-8-cm","status":"publish","type":"product","link":"https:\/\/olemosaic.com\/pt-pt\/produto\/iman-de-metal-gato-barcelona-preto-8-cm\/","title":{"rendered":"\u00cdman de metal. Gato. Barcelona. Preto. 8 cm."},"content":{"rendered":"<p>Este \u00edman met\u00e1lico de 8 cm, que representa um gato colorido, \u00e9 uma pe\u00e7a maravilhosa inspirada na arte modernista de Barcelona. A vibrante paleta de cores que o adorna, desenhada em estilo de mosaico, evoca a ic\u00f3nica obra de Antoni Gaud\u00ed que caracteriza a cidade. Os intrincados detalhes do seu pelo, com formas curvas e um design cativante, capturam a ess\u00eancia do modernismo catal\u00e3o. Sobre um fundo preto que real\u00e7a a luminosidade dos tons, o gato apresenta uns olhos expressivos que parecem ganhar vida, enquanto o texto &#8220;Barcelona&#8221; confere um toque distintivo que relaciona a arte com o nome da cidade.<\/p>\n<p>Este \u00edman n\u00e3o \u00e9 apenas um objeto decorativo, mas uma recorda\u00e7\u00e3o genial que encapsula o esp\u00edrito inovador e a diversidade cultural de Barcelona. Como souvenir t\u00edpico desta vibrante cidade, \u00e9 perfeito para turistas que procuram levar um peda\u00e7o dela consigo. Na Ol\u00e9 Mosaic, orgulhamo-nos de ser distribuidores de souvenirs por grosso, oferecendo produtos que refletem autenticidade e artesanato. Este \u00edman de gato \u00e9 uma excelente escolha para lojas de presentes tur\u00edsticos que desejam incorporar um peda\u00e7o da magia barcelonesa na sua oferta de souvenirs.<\/p>\n","protected":false},"excerpt":{"rendered":"<p>\u00cdman de metal de 8 cm que representa um gato colorido inspirado no modernismo barcelon\u00eas. Este \u00edman destaca-se pelo seu design vibrante, com cores entrela\u00e7adas num estilo de mosaico que evoca as obras de Gaud\u00ed. A figura do gato, com olhos expressivos e formas curvas, ressalta sobre um fundo preto que potencia a sua luminosidade. O texto &#8220;Barcelona&#8221; adiciona um toque distintivo a este souvenir, perfeito para recordar a ess\u00eancia da cidade.<\/p>\n","protected":false},"featured_media":12824,"template":"","meta":{"_acf_changed":false},"product_brand":[],"product_cat":[699],"product_tag":[516],"class_list":{"0":"post-32588","1":"product","2":"type-product","3":"status-publish","4":"has-post-thumbnail","6":"product_cat-imanes","7":"product_tag-animais","8":"pa_ciudad-barcelona","9":"pa_motivo-gatos","10":"pa_pais-espana","12":"first","13":"instock","14":"shipping-taxable","15":"product-type-simple"},"acf":[],"_links":{"self":[{"href":"https:\/\/olemosaic.com\/pt-pt\/wp-json\/wp\/v2\/product\/32588","targetHints":{"allow":["GET"]}}],"collection":[{"href":"https:\/\/olemosaic.com\/pt-pt\/wp-json\/wp\/v2\/product"}],"about":[{"href":"https:\/\/olemosaic.com\/pt-pt\/wp-json\/wp\/v2\/types\/product"}],"wp:featuredmedia":[{"embeddable":true,"href":"https:\/\/olemosaic.com\/pt-pt\/wp-json\/wp\/v2\/media\/12824"}],"wp:attachment":[{"href":"https:\/\/olemosaic.com\/pt-pt\/wp-json\/wp\/v2\/media?parent=32588"}],"wp:term":[{"taxonomy":"product_brand","embeddable":true,"href":"https:\/\/olemosaic.com\/pt-pt\/wp-json\/wp\/v2\/product_brand?post=32588"},{"taxonomy":"product_cat","embeddable":true,"href":"https:\/\/olemosaic.com\/pt-pt\/wp-json\/wp\/v2\/product_cat?post=32588"},{"taxonomy":"product_tag","embeddable":true,"href":"https:\/\/olemosaic.com\/pt-pt\/wp-json\/wp\/v2\/product_tag?post=32588"}],"curies":[{"name":"wp","href":"https:\/\/api.w.org\/{rel}","templated":true}]}}