{"id":32587,"date":"2025-02-20T22:32:38","date_gmt":"2025-02-20T22:32:38","guid":{"rendered":"http:\/\/olemosaic.com\/producto\/iman-de-metal-gato-lanzarote-8-cm\/"},"modified":"2025-07-25T19:02:58","modified_gmt":"2025-07-25T17:02:58","slug":"iman-de-metal-gato-lanzarote-8-cm-pt-pt","status":"publish","type":"product","link":"https:\/\/olemosaic.com\/pt-pt\/produto\/iman-de-metal-gato-lanzarote-8-cm-pt-pt\/","title":{"rendered":"\u00cdman de metal. Gato. Lanzarote. 8 cm."},"content":{"rendered":"<p>Este \u00edman met\u00e1lico de 8 cm, que representa um gato colorido, \u00e9 uma recorda\u00e7\u00e3o emblem\u00e1tica de Lanzarote, que captura a ess\u00eancia vibrante e art\u00edstica desta ic\u00f3nica ilha can\u00e1ria. Desenhado num estilo que emula a arte do mosaico, o \u00edman apresenta uma composi\u00e7\u00e3o de cores radiantes, onde predominam os vermelhos, azuis e verdes, criando um efeito visual cativante. A textura do \u00edman simula a cer\u00e2mica, o que adiciona uma dimens\u00e3o t\u00e1til que real\u00e7a o seu apelo decorativo. O fundo, em tons azuis que evocam o c\u00e9u limpo de Lanzarote, contrasta maravilhosamente com o gato, convertendo esta recorda\u00e7\u00e3o numa homenagem \u00e0 beleza natural da ilha.<\/p>\n<p>Este \u00edman n\u00e3o \u00e9 apenas uma pe\u00e7a decorativa, mas tamb\u00e9m uma recorda\u00e7\u00e3o aut\u00eantica que reflete a rica heran\u00e7a cultural de Lanzarote, conhecida pelas suas paisagens vulc\u00e2nicas e pela sua arte singular. Perfeito para turistas que procuram souvenirs t\u00edpicos que encapsulem a sua experi\u00eancia na ilha, este artigo \u00e9 uma excelente op\u00e7\u00e3o para lojas de presentes tur\u00edsticos que desejem oferecer produtos representativos da cultura can\u00e1ria. Na Ol\u00e9 Mosaic, como distribuidor de souvenirs por grosso, garantimos a qualidade e exclusividade de cada pe\u00e7a, fazendo deste \u00edman de gato uma recorda\u00e7\u00e3o indispens\u00e1vel de Lanzarote.<\/p>\n","protected":false},"excerpt":{"rendered":"<p>\u00cdman met\u00e1lico de 8 cm que representa um gato colorido, emulando o estilo da arte do mosaico caracter\u00edstica de Lanzarote. Este atraente \u00edman apresenta um design vibrante numa gama de cores que inclui vermelhos, azuis e verdes, com uma textura que simula a cer\u00e2mica. O fundo azulado contrasta com o gato, criando uma pe\u00e7a decorativa que evoca o esp\u00edrito alegre e \u00fanico desta ilha can\u00e1ria. Ideal para recordar a sua visita a Lanzarote.<\/p>\n","protected":false},"featured_media":12849,"template":"","meta":{"_acf_changed":false},"product_brand":[],"product_cat":[699],"product_tag":[516],"class_list":{"0":"post-32587","1":"product","2":"type-product","3":"status-publish","4":"has-post-thumbnail","6":"product_cat-imanes","7":"product_tag-animais","8":"pa_ciudad-lanzarote","9":"pa_motivo-gatos","10":"pa_pais-espana","12":"first","13":"instock","14":"shipping-taxable","15":"product-type-simple"},"acf":[],"_links":{"self":[{"href":"https:\/\/olemosaic.com\/pt-pt\/wp-json\/wp\/v2\/product\/32587","targetHints":{"allow":["GET"]}}],"collection":[{"href":"https:\/\/olemosaic.com\/pt-pt\/wp-json\/wp\/v2\/product"}],"about":[{"href":"https:\/\/olemosaic.com\/pt-pt\/wp-json\/wp\/v2\/types\/product"}],"wp:featuredmedia":[{"embeddable":true,"href":"https:\/\/olemosaic.com\/pt-pt\/wp-json\/wp\/v2\/media\/12849"}],"wp:attachment":[{"href":"https:\/\/olemosaic.com\/pt-pt\/wp-json\/wp\/v2\/media?parent=32587"}],"wp:term":[{"taxonomy":"product_brand","embeddable":true,"href":"https:\/\/olemosaic.com\/pt-pt\/wp-json\/wp\/v2\/product_brand?post=32587"},{"taxonomy":"product_cat","embeddable":true,"href":"https:\/\/olemosaic.com\/pt-pt\/wp-json\/wp\/v2\/product_cat?post=32587"},{"taxonomy":"product_tag","embeddable":true,"href":"https:\/\/olemosaic.com\/pt-pt\/wp-json\/wp\/v2\/product_tag?post=32587"}],"curies":[{"name":"wp","href":"https:\/\/api.w.org\/{rel}","templated":true}]}}