{"id":32586,"date":"2025-02-20T22:32:37","date_gmt":"2025-02-20T22:32:37","guid":{"rendered":"http:\/\/olemosaic.com\/producto\/iman-de-metal-gato-fuerteventura-negro-8-cm\/"},"modified":"2025-07-25T20:35:30","modified_gmt":"2025-07-25T18:35:30","slug":"iman-de-metal-gato-fuerteventura-preto-8-cm","status":"publish","type":"product","link":"https:\/\/olemosaic.com\/pt-pt\/produto\/iman-de-metal-gato-fuerteventura-preto-8-cm\/","title":{"rendered":"\u00cdman de metal. Gato. Fuerteventura. Preto. 8 cm."},"content":{"rendered":"<p>Este \u00edman met\u00e1lico de 8 cm, inspirado num gato colorido, \u00e9 uma aut\u00eantica homenagem \u00e0 vibrante cultura de Fuerteventura. Com um design apelativo que se destaca pelas suas formas geom\u00e9tricas, o \u00edman apresenta uma paleta de cores vivas \u2014 azul, vermelho, verde e amarelo \u2014 real\u00e7adas sobre um fundo preto que potencia a sua luminosidade. O gato, uma representa\u00e7\u00e3o ic\u00f3nica da ilha, tornou-se um s\u00edmbolo de liga\u00e7\u00e3o com a natureza e a vida local, gra\u00e7as ao seu estilo art\u00edstico \u00fanico que evoca o calor e o ambiente alegre de Fuerteventura.<\/p>\n<p>Esta atraente recorda\u00e7\u00e3o \u00e9 perfeita para quem procura um toque de cor e originalidade para as suas superf\u00edcies met\u00e1licas. Al\u00e9m de ser funcional, o \u00edman captura a ess\u00eancia criativa da ilha, tornando-se um souvenir cultural significativo. A sua presen\u00e7a em qualquer espa\u00e7o n\u00e3o s\u00f3 adiciona um elemento decorativo, como tamb\u00e9m evoca a beleza e diversidade das paisagens can\u00e1rias.<\/p>\n<p>Na Ol\u00e9 Mosaic, o nosso compromisso \u00e9 oferecer souvenirs aut\u00eanticos e de qualidade, como este \u00edman de gato de Fuerteventura, ideal para lojas de presentes tur\u00edsticos que desejam proporcionar aos seus clientes uma experi\u00eancia ligada \u00e0 arte e \u00e0 cultura local. Com a nossa distribui\u00e7\u00e3o por grosso, asseguramos um leque de produtos que refletem a riqueza cultural de Espanha e Portugal. Este \u00edman, sem d\u00favida, \u00e9 uma excelente op\u00e7\u00e3o para quem deseja levar um peda\u00e7o da ilha consigo.<\/p>\n","protected":false},"excerpt":{"rendered":"<p>\u00cdman de metal de 8 cm, inspirado num gato colorido, um \u00edcone de Fuerteventura. O design destaca-se pelas suas formas geom\u00e9tricas em tons vibrantes de azul, vermelho, verde e amarelo, sobre um fundo preto que real\u00e7a a sua luminosidade. Este atraente \u00edman \u00e9 uma recorda\u00e7\u00e3o perfeita que captura a ess\u00eancia art\u00edstica da ilha, ideal para adicionar um toque de cor a qualquer superf\u00edcie met\u00e1lica.<\/p>\n","protected":false},"featured_media":12844,"template":"","meta":{"_acf_changed":false},"product_brand":[],"product_cat":[699],"product_tag":[516],"class_list":{"0":"post-32586","1":"product","2":"type-product","3":"status-publish","4":"has-post-thumbnail","6":"product_cat-imanes","7":"product_tag-animais","8":"pa_ciudad-fuerteventura","9":"pa_motivo-gatos","10":"pa_pais-espana","12":"first","13":"instock","14":"shipping-taxable","15":"product-type-simple"},"acf":[],"_links":{"self":[{"href":"https:\/\/olemosaic.com\/pt-pt\/wp-json\/wp\/v2\/product\/32586","targetHints":{"allow":["GET"]}}],"collection":[{"href":"https:\/\/olemosaic.com\/pt-pt\/wp-json\/wp\/v2\/product"}],"about":[{"href":"https:\/\/olemosaic.com\/pt-pt\/wp-json\/wp\/v2\/types\/product"}],"wp:featuredmedia":[{"embeddable":true,"href":"https:\/\/olemosaic.com\/pt-pt\/wp-json\/wp\/v2\/media\/12844"}],"wp:attachment":[{"href":"https:\/\/olemosaic.com\/pt-pt\/wp-json\/wp\/v2\/media?parent=32586"}],"wp:term":[{"taxonomy":"product_brand","embeddable":true,"href":"https:\/\/olemosaic.com\/pt-pt\/wp-json\/wp\/v2\/product_brand?post=32586"},{"taxonomy":"product_cat","embeddable":true,"href":"https:\/\/olemosaic.com\/pt-pt\/wp-json\/wp\/v2\/product_cat?post=32586"},{"taxonomy":"product_tag","embeddable":true,"href":"https:\/\/olemosaic.com\/pt-pt\/wp-json\/wp\/v2\/product_tag?post=32586"}],"curies":[{"name":"wp","href":"https:\/\/api.w.org\/{rel}","templated":true}]}}