{"id":32580,"date":"2025-02-20T23:32:37","date_gmt":"2025-02-20T22:32:37","guid":{"rendered":"http:\/\/olemosaic.com\/producto\/iman-de-metal-sagrada-familia-barcelona-plata-8-cm-7\/"},"modified":"2025-07-25T18:35:45","modified_gmt":"2025-07-25T16:35:45","slug":"iman-de-metal-sagrada-familia-barcelona-prata-8-cm-7","status":"publish","type":"product","link":"https:\/\/olemosaic.com\/pt-pt\/produto\/iman-de-metal-sagrada-familia-barcelona-prata-8-cm-7\/","title":{"rendered":"\u00cdman de metal. Sagrada Fam\u00edlia. Mosaico. Gaud\u00ed. Barcelona. Prata. 8 cm."},"content":{"rendered":"<p>Este \u00edman met\u00e1lico de 8 cm, inspirado na majestosa Sagrada Fam\u00edlia de Barcelona, \u00e9 a recorda\u00e7\u00e3o ideal para quem deseja levar um pedacinho desta emblem\u00e1tica cidade. Com um design vibrante e colorido, o \u00edman captura os ic\u00f3nicos detalhes arquitet\u00f3nicos da bas\u00edlica, real\u00e7ando as suas torres e elementos decorativos em tons dourados, vermelhos e azuis que refletem a grandeza do modernismo catal\u00e3o, obra do famoso arquiteto Antoni Gaud\u00ed.<\/p>\n<p>A t\u00e9cnica de acabamento simula um mosaico, o que confere profundidade e textura \u00e0 pe\u00e7a, fazendo-a destacar-se entre outras recorda\u00e7\u00f5es. O texto &#8220;Barcelona&#8221; \u00e9 apresentado de forma proeminente, garantindo que este \u00edman n\u00e3o seja apenas um objeto decorativo, mas tamb\u00e9m uma declara\u00e7\u00e3o de orgulho por esta metr\u00f3pole. Este \u00edman \u00e9 uma excelente recorda\u00e7\u00e3o cultural, que representa n\u00e3o s\u00f3 a impressionante arquitetura da Sagrada Fam\u00edlia, mas tamb\u00e9m a arte e a hist\u00f3ria de Barcelona.<\/p>\n<p>A Ol\u00e9 Mosaic especializa-se na distribui\u00e7\u00e3o de recorda\u00e7\u00f5es por grosso, oferecendo produtos aut\u00eanticos que prestam homenagem \u00e0 rica heran\u00e7a cultural de Espanha. Este \u00edman da Sagrada Fam\u00edlia \u00e9 uma maravilhosa op\u00e7\u00e3o para lojas de presentes tur\u00edsticos e uma recorda\u00e7\u00e3o perfeita para turistas que procuram levar recorda\u00e7\u00f5es significativas da sua visita a Barcelona. Como grossista de \u00edmanes, garantimos produtos de qualidade que refletem a ess\u00eancia de cada lugar.<\/p>\n","protected":false},"excerpt":{"rendered":"<p>\u00cdman met\u00e1lico de 8 cm, inspirado na majestosa Sagrada Fam\u00edlia de Barcelona. Este \u00edman apresenta um design colorido que captura os ic\u00f3nicos detalhes arquitet\u00f3nicos da bas\u00edlica, com as suas torres e elementos decorativos em tons dourados, vermelhos e azuis. A t\u00e9cnica de acabamento simula um mosaico, destacando a riqueza do design modernista de Antoni Gaud\u00ed. Inclui a palavra &#8220;Barcelona&#8221;, o que o torna uma excelente recorda\u00e7\u00e3o da cidade.<\/p>\n","protected":false},"featured_media":11365,"template":"","meta":{"_acf_changed":false},"product_brand":[],"product_cat":[699],"product_tag":[],"class_list":{"0":"post-32580","1":"product","2":"type-product","3":"status-publish","4":"has-post-thumbnail","6":"product_cat-imanes","7":"pa_ciudad-barcelona","8":"pa_motivo-sagrada-familia","9":"pa_pais-espana","11":"first","12":"instock","13":"shipping-taxable","14":"product-type-simple"},"acf":[],"_links":{"self":[{"href":"https:\/\/olemosaic.com\/pt-pt\/wp-json\/wp\/v2\/product\/32580","targetHints":{"allow":["GET"]}}],"collection":[{"href":"https:\/\/olemosaic.com\/pt-pt\/wp-json\/wp\/v2\/product"}],"about":[{"href":"https:\/\/olemosaic.com\/pt-pt\/wp-json\/wp\/v2\/types\/product"}],"wp:featuredmedia":[{"embeddable":true,"href":"https:\/\/olemosaic.com\/pt-pt\/wp-json\/wp\/v2\/media\/11365"}],"wp:attachment":[{"href":"https:\/\/olemosaic.com\/pt-pt\/wp-json\/wp\/v2\/media?parent=32580"}],"wp:term":[{"taxonomy":"product_brand","embeddable":true,"href":"https:\/\/olemosaic.com\/pt-pt\/wp-json\/wp\/v2\/product_brand?post=32580"},{"taxonomy":"product_cat","embeddable":true,"href":"https:\/\/olemosaic.com\/pt-pt\/wp-json\/wp\/v2\/product_cat?post=32580"},{"taxonomy":"product_tag","embeddable":true,"href":"https:\/\/olemosaic.com\/pt-pt\/wp-json\/wp\/v2\/product_tag?post=32580"}],"curies":[{"name":"wp","href":"https:\/\/api.w.org\/{rel}","templated":true}]}}