{"id":32579,"date":"2025-02-20T22:32:37","date_gmt":"2025-02-20T22:32:37","guid":{"rendered":"http:\/\/olemosaic.com\/producto\/iman-de-metal-salamandra-valencia-negro-8-cm\/"},"modified":"2025-07-25T20:41:22","modified_gmt":"2025-07-25T18:41:22","slug":"iman-de-metal-salamandra-valencia-preto-8-cm","status":"publish","type":"product","link":"https:\/\/olemosaic.com\/pt-pt\/produto\/iman-de-metal-salamandra-valencia-preto-8-cm\/","title":{"rendered":"\u00cdman de metal. Salamandra. Val\u00eancia. Preto. 8 cm."},"content":{"rendered":"<p>Este \u00edman met\u00e1lico de 8 cm, inspirado na ic\u00f3nica salamandra de Val\u00eancia, \u00e9 a recorda\u00e7\u00e3o perfeita para quem deseja levar um pedacinho da vibrante cultura valenciana para casa. O seu design cativante apresenta um mosaico em tons de azul, verde, laranja e vermelho sobre um fundo preto, que real\u00e7a a singularidade da salamandra, um s\u00edmbolo proeminente da arquitetura da cidade, especialmente do famoso arquiteto Antoni Gaud\u00ed. A representa\u00e7\u00e3o art\u00edstica da salamandra \u00e9 complementada por um pequeno detalhe de outra esp\u00e9cie, o que confere um toque de diversidade e encanto \u00e0 pe\u00e7a.<\/p>\n<p>O \u00edman n\u00e3o \u00e9 apenas esteticamente atraente, mas o seu acabamento met\u00e1lico garante durabilidade e resist\u00eancia, tornando-o numa recorda\u00e7\u00e3o tanto funcional como decorativa. Este \u00edman representa a fus\u00e3o da modernidade e da tradi\u00e7\u00e3o de Val\u00eancia, recordando aos turistas n\u00e3o s\u00f3 a beleza da sua arquitetura, mas tamb\u00e9m a riqueza cultural que a cidade oferece.<\/p>\n<p>Na Ol\u00e9 Mosaic, orgulhamo-nos de ser distribuidores de recorda\u00e7\u00f5es aut\u00eanticas e de qualidade, ideais para lojas de presentes tur\u00edsticos. Este \u00edman de salamandra \u00e9 uma excelente op\u00e7\u00e3o para quem procura recorda\u00e7\u00f5es de Val\u00eancia representativas e que destaquem a cultura local, garantindo aos compradores uma recorda\u00e7\u00e3o especial da sua visita.<\/p>\n","protected":false},"excerpt":{"rendered":"<p>\u00cdman met\u00e1lico de 8 cm, inspirado na emblem\u00e1tica salamandra de Val\u00eancia. Decorado com um vibrante design de mosaico em tons de azul, verde, laranja e vermelho sobre fundo preto, este \u00edman oferece uma interpreta\u00e7\u00e3o art\u00edstica della salamandra, s\u00edmbolo da arquitetura valenciana, com um pequeno detalhe de outra esp\u00e9cie. Perfeito para recordar a beleza e a cultura de Val\u00eancia, esta recorda\u00e7\u00e3o alia est\u00e9tica e funcionalidade.<\/p>\n","protected":false},"featured_media":12887,"template":"","meta":{"_acf_changed":false},"product_brand":[],"product_cat":[699],"product_tag":[516],"class_list":{"0":"post-32579","1":"product","2":"type-product","3":"status-publish","4":"has-post-thumbnail","6":"product_cat-imanes","7":"product_tag-animais","8":"pa_ciudad-valencia","9":"pa_motivo-salamandras","10":"pa_pais-espana","12":"first","13":"instock","14":"shipping-taxable","15":"product-type-simple"},"acf":[],"_links":{"self":[{"href":"https:\/\/olemosaic.com\/pt-pt\/wp-json\/wp\/v2\/product\/32579","targetHints":{"allow":["GET"]}}],"collection":[{"href":"https:\/\/olemosaic.com\/pt-pt\/wp-json\/wp\/v2\/product"}],"about":[{"href":"https:\/\/olemosaic.com\/pt-pt\/wp-json\/wp\/v2\/types\/product"}],"wp:featuredmedia":[{"embeddable":true,"href":"https:\/\/olemosaic.com\/pt-pt\/wp-json\/wp\/v2\/media\/12887"}],"wp:attachment":[{"href":"https:\/\/olemosaic.com\/pt-pt\/wp-json\/wp\/v2\/media?parent=32579"}],"wp:term":[{"taxonomy":"product_brand","embeddable":true,"href":"https:\/\/olemosaic.com\/pt-pt\/wp-json\/wp\/v2\/product_brand?post=32579"},{"taxonomy":"product_cat","embeddable":true,"href":"https:\/\/olemosaic.com\/pt-pt\/wp-json\/wp\/v2\/product_cat?post=32579"},{"taxonomy":"product_tag","embeddable":true,"href":"https:\/\/olemosaic.com\/pt-pt\/wp-json\/wp\/v2\/product_tag?post=32579"}],"curies":[{"name":"wp","href":"https:\/\/api.w.org\/{rel}","templated":true}]}}