{"id":32578,"date":"2025-02-20T22:32:37","date_gmt":"2025-02-20T22:32:37","guid":{"rendered":"http:\/\/olemosaic.com\/producto\/iman-de-metal-dragon-barcelona-negro-8-cm\/"},"modified":"2025-07-25T18:47:48","modified_gmt":"2025-07-25T16:47:48","slug":"iman-de-metal-dragao-barcelona-preto-8-cm","status":"publish","type":"product","link":"https:\/\/olemosaic.com\/pt-pt\/produto\/iman-de-metal-dragao-barcelona-preto-8-cm\/","title":{"rendered":"\u00cdman de metal. Drag\u00e3o. Barcelona. Preto. 8 cm."},"content":{"rendered":"<p>Este \u00edman met\u00e1lico de 8 cm, inspirado no famoso drag\u00e3o de Gaud\u00ed, \u00e9 uma recorda\u00e7\u00e3o vibrante que captura a ess\u00eancia de Barcelona. Com um design de mosaico que combina tons de azul, verde e laranja, este \u00edman apresenta a ic\u00f3nica figura do drag\u00e3o num ambiente art\u00edstico e abstrato, destacando-se pelas suas formas coloridas que evocam a arte genial de Antoni Gaud\u00ed. A inscri\u00e7\u00e3o &#8220;Barcelona&#8221; em letras brilhantes complementa esta obra-prima, conferindo um toque moderno e atraente, o que torna esta recorda\u00e7\u00e3o num excelente s\u00edmbolo da cidade.<\/p>\n<p>O drag\u00e3o, localizado no Park G\u00fcell, \u00e9 uma das imagens mais representativas da arquitetura modernista catal\u00e3, tornando-se um emblema da criatividade e do colorido que caracterizam a obra de Gaud\u00ed. Este \u00edman n\u00e3o \u00e9 apenas um artigo decorativo, mas tamb\u00e9m representa um peda\u00e7o da cultura catal\u00e3, ideal para quem deseja levar uma recorda\u00e7\u00e3o aut\u00eantica da sua visita. A Ol\u00e9 Mosaic oferece este \u00edman como uma op\u00e7\u00e3o inigual\u00e1vel para lojas de presentes tur\u00edsticos que procuram recorda\u00e7\u00f5es de qualidade, encapsulando a magia de Barcelona num produto pr\u00e1tico e belo. Perfeito para os turistas que procuram uma forma de recordar a sua viagem atrav\u00e9s de um artigo que combina arte e funcionalidade, este \u00edman \u00e9, sem d\u00favida, um investimento valioso no mundo das recorda\u00e7\u00f5es culturais.<\/p>\n","protected":false},"excerpt":{"rendered":"<p>\u00cdman met\u00e1lico de 8 cm inspirado no famoso drag\u00e3o de Gaud\u00ed em Barcelona. Este \u00edman apresenta um vibrante design de mosaico com uma paleta de cores que inclui azuis, verdes e laranjas, destacando a figura do drag\u00e3o entre formas abstratas. Na parte superior, o \u00edman exibe a palavra &#8220;Barcelona&#8221; em letras brilhantes, adicionando um toque moderno e atraente. Ideal para quem deseja levar um peda\u00e7o da arte catal\u00e3 para casa.<\/p>\n","protected":false},"featured_media":6952,"template":"","meta":{"_acf_changed":false},"product_brand":[],"product_cat":[699],"product_tag":[],"class_list":{"0":"post-32578","1":"product","2":"type-product","3":"status-publish","4":"has-post-thumbnail","6":"product_cat-imanes","7":"pa_ciudad-barcelona","8":"pa_motivo-dragao","9":"pa_pais-espana","11":"first","12":"instock","13":"shipping-taxable","14":"product-type-simple"},"acf":[],"_links":{"self":[{"href":"https:\/\/olemosaic.com\/pt-pt\/wp-json\/wp\/v2\/product\/32578","targetHints":{"allow":["GET"]}}],"collection":[{"href":"https:\/\/olemosaic.com\/pt-pt\/wp-json\/wp\/v2\/product"}],"about":[{"href":"https:\/\/olemosaic.com\/pt-pt\/wp-json\/wp\/v2\/types\/product"}],"wp:featuredmedia":[{"embeddable":true,"href":"https:\/\/olemosaic.com\/pt-pt\/wp-json\/wp\/v2\/media\/6952"}],"wp:attachment":[{"href":"https:\/\/olemosaic.com\/pt-pt\/wp-json\/wp\/v2\/media?parent=32578"}],"wp:term":[{"taxonomy":"product_brand","embeddable":true,"href":"https:\/\/olemosaic.com\/pt-pt\/wp-json\/wp\/v2\/product_brand?post=32578"},{"taxonomy":"product_cat","embeddable":true,"href":"https:\/\/olemosaic.com\/pt-pt\/wp-json\/wp\/v2\/product_cat?post=32578"},{"taxonomy":"product_tag","embeddable":true,"href":"https:\/\/olemosaic.com\/pt-pt\/wp-json\/wp\/v2\/product_tag?post=32578"}],"curies":[{"name":"wp","href":"https:\/\/api.w.org\/{rel}","templated":true}]}}