{"id":32559,"date":"2025-02-20T23:32:36","date_gmt":"2025-02-20T22:32:36","guid":{"rendered":"http:\/\/olemosaic.com\/producto\/iman-de-metal-salamandra-lanzarote-negro-8-cm-2\/"},"modified":"2025-07-25T18:46:17","modified_gmt":"2025-07-25T16:46:17","slug":"iman-de-metal-salamandra-lanzarote-preto-8-cm-2","status":"publish","type":"product","link":"https:\/\/olemosaic.com\/pt-pt\/produto\/iman-de-metal-salamandra-lanzarote-preto-8-cm-2\/","title":{"rendered":"\u00cdman de metal. Salamandra. Lanzarote. Can\u00e1rias. Preto. 8 cm."},"content":{"rendered":"<p>Este \u00edman met\u00e1lico de 8 cm, adornado com vibrantes salamandras, \u00e9 um aut\u00eantico souvenir de Lanzarote que captura a ess\u00eancia da sua rica fauna e da sua singular natureza vulc\u00e2nica. Com um design moderno e atraente, o \u00edman apresenta um fundo preto que real\u00e7a as figuras coloridas de salamandras em tons azuis, verdes e vermelhos, evocando o exuberante ambiente natural desta encantadora ilha can\u00e1ria. A palavra &#8220;LANZAROTE&#8221; destaca-se na parte superior com um estilo arco-\u00edris, adicionando um toque divertido e estilizado ao design, o que o torna um presente perfeito tanto para turistas como para colecionadores de recorda\u00e7\u00f5es.<\/p>\n<p>A salamandra, s\u00edmbolo de adaptabilidade e vida, reflete a biodiversidade que prospera na singular geografia de Lanzarote, conhecida pelas suas paisagens moldadas por erup\u00e7\u00f5es vulc\u00e2nicas. Este \u00edman n\u00e3o serve apenas como uma decora\u00e7\u00e3o pr\u00e1tica para a casa, mas \u00e9 tamb\u00e9m uma excelente recorda\u00e7\u00e3o da experi\u00eancia vivida nesta impressionante ilha. Na Ol\u00e9 Mosaic, somos distribuidores de lembran\u00e7as por grosso, e este \u00edman de salamandras \u00e9 uma op\u00e7\u00e3o ideal para lojas de presentes tur\u00edsticos que procurem produtos representativos e aut\u00eanticos. Celebre a cultura can\u00e1ria com este \u00edman, uma pe\u00e7a perfeita para recordar Lanzarote e levar consigo um pedacinho da sua beleza.<\/p>\n","protected":false},"excerpt":{"rendered":"<p>\u00cdman met\u00e1lico de 8 cm decorado com vibrantes salamandras, que representam a rica fauna de Lanzarote. Este design moderno destaca-se sobre um fundo preto, acentuando as figuras coloridas em tons azuis, verdes e vermelhos, que evocam a natureza vulc\u00e2nica da ilha. A palavra &#8220;LANZAROTE&#8221; \u00e9 impressa na parte superior com um estilo arco-\u00edris, o que o torna uma recorda\u00e7\u00e3o atraente e estilizada desta encantadora regi\u00e3o can\u00e1ria.<\/p>\n","protected":false},"featured_media":13526,"template":"","meta":{"_acf_changed":false},"product_brand":[],"product_cat":[699],"product_tag":[516],"class_list":{"0":"post-32559","1":"product","2":"type-product","3":"status-publish","4":"has-post-thumbnail","6":"product_cat-imanes","7":"product_tag-animais","8":"pa_ciudad-lanzarote","9":"pa_motivo-salamandras","10":"pa_pais-espana","12":"first","13":"instock","14":"shipping-taxable","15":"product-type-simple"},"acf":[],"_links":{"self":[{"href":"https:\/\/olemosaic.com\/pt-pt\/wp-json\/wp\/v2\/product\/32559","targetHints":{"allow":["GET"]}}],"collection":[{"href":"https:\/\/olemosaic.com\/pt-pt\/wp-json\/wp\/v2\/product"}],"about":[{"href":"https:\/\/olemosaic.com\/pt-pt\/wp-json\/wp\/v2\/types\/product"}],"wp:featuredmedia":[{"embeddable":true,"href":"https:\/\/olemosaic.com\/pt-pt\/wp-json\/wp\/v2\/media\/13526"}],"wp:attachment":[{"href":"https:\/\/olemosaic.com\/pt-pt\/wp-json\/wp\/v2\/media?parent=32559"}],"wp:term":[{"taxonomy":"product_brand","embeddable":true,"href":"https:\/\/olemosaic.com\/pt-pt\/wp-json\/wp\/v2\/product_brand?post=32559"},{"taxonomy":"product_cat","embeddable":true,"href":"https:\/\/olemosaic.com\/pt-pt\/wp-json\/wp\/v2\/product_cat?post=32559"},{"taxonomy":"product_tag","embeddable":true,"href":"https:\/\/olemosaic.com\/pt-pt\/wp-json\/wp\/v2\/product_tag?post=32559"}],"curies":[{"name":"wp","href":"https:\/\/api.w.org\/{rel}","templated":true}]}}