{"id":32558,"date":"2025-02-20T22:32:36","date_gmt":"2025-02-20T22:32:36","guid":{"rendered":"http:\/\/olemosaic.com\/producto\/iman-de-metal-salamandra-tenerife-plata-8-cm-2\/"},"modified":"2025-07-25T20:10:48","modified_gmt":"2025-07-25T18:10:48","slug":"iman-de-metal-salamandra-tenerife-prata-8-cm-2","status":"publish","type":"product","link":"https:\/\/olemosaic.com\/pt-pt\/produto\/iman-de-metal-salamandra-tenerife-prata-8-cm-2\/","title":{"rendered":"\u00cdman de metal. Salamandra. Tenerife. Prata. 8 cm."},"content":{"rendered":"<p>Este \u00edman met\u00e1lico de 8 cm, decorado com vibrantes salamandras, captura a ess\u00eancia da rica biodiversidade de Tenerife. Com um design cativante, cada salamandra apresenta detalhes de mosaico numa variedade de cores que se destacam sobre um fundo claro, criando um efeito visual atraente. A inscri\u00e7\u00e3o \u201cTENERIFE\u201d em letras destacadas adiciona um toque distintivo que real\u00e7a a liga\u00e7\u00e3o do objeto com a ilha. Este \u00edman n\u00e3o \u00e9 apenas uma recorda\u00e7\u00e3o funcional, mas tamb\u00e9m uma celebra\u00e7\u00e3o do patrim\u00f3nio natural das Can\u00e1rias, onde a fauna end\u00e9mica se torna um s\u00edmbolo de identidade cultural e biodiversidade.<\/p>\n<p>O \u00edman \u00e9 ideal para decorar qualquer espa\u00e7o, seja em casa ou no escrit\u00f3rio, recordando todos os dias a beleza de Tenerife. O seu colorido e design art\u00edstico tornam-no um excelente presente para turistas que procuram uma recorda\u00e7\u00e3o aut\u00eantica e representativa da sua visita \u00e0s ilhas. Na Ol\u00e9 Mosaic, dedicamo-nos \u00e0 distribui\u00e7\u00e3o de lembran\u00e7as por grosso, oferecendo produtos aut\u00eanticos que refletem a riqueza cultural e natural de Espanha. Este \u00edman de salamandras \u00e9 uma adi\u00e7\u00e3o perfeita para qualquer loja de presentes tur\u00edsticos, trazendo um toque de cor e originalidade \u00e0 sua oferta de recorda\u00e7\u00f5es de Tenerife.<\/p>\n","protected":false},"excerpt":{"rendered":"<p>\u00cdman met\u00e1lico de 8 cm decorado com salamandras coloridas, que representam a fauna end\u00e9mica de Tenerife. Este atraente \u00edman apresenta um design vibrante com detalhes de mosaico e um fundo de tons claros que real\u00e7a as salamandras em diversas cores, juntamente com a inscri\u00e7\u00e3o \u201cTENERIFE\u201d em letras destacadas. Perfeito para capturar a ess\u00eancia da ilha can\u00e1ria e como recorda\u00e7\u00e3o \u00fanica da sua biodiversidade.<\/p>\n","protected":false},"featured_media":12903,"template":"","meta":{"_acf_changed":false},"product_brand":[],"product_cat":[699],"product_tag":[516],"class_list":{"0":"post-32558","1":"product","2":"type-product","3":"status-publish","4":"has-post-thumbnail","6":"product_cat-imanes","7":"product_tag-animais","8":"pa_ciudad-tenerife","9":"pa_motivo-salamandras","10":"pa_pais-espana","12":"first","13":"instock","14":"shipping-taxable","15":"product-type-simple"},"acf":[],"_links":{"self":[{"href":"https:\/\/olemosaic.com\/pt-pt\/wp-json\/wp\/v2\/product\/32558","targetHints":{"allow":["GET"]}}],"collection":[{"href":"https:\/\/olemosaic.com\/pt-pt\/wp-json\/wp\/v2\/product"}],"about":[{"href":"https:\/\/olemosaic.com\/pt-pt\/wp-json\/wp\/v2\/types\/product"}],"wp:featuredmedia":[{"embeddable":true,"href":"https:\/\/olemosaic.com\/pt-pt\/wp-json\/wp\/v2\/media\/12903"}],"wp:attachment":[{"href":"https:\/\/olemosaic.com\/pt-pt\/wp-json\/wp\/v2\/media?parent=32558"}],"wp:term":[{"taxonomy":"product_brand","embeddable":true,"href":"https:\/\/olemosaic.com\/pt-pt\/wp-json\/wp\/v2\/product_brand?post=32558"},{"taxonomy":"product_cat","embeddable":true,"href":"https:\/\/olemosaic.com\/pt-pt\/wp-json\/wp\/v2\/product_cat?post=32558"},{"taxonomy":"product_tag","embeddable":true,"href":"https:\/\/olemosaic.com\/pt-pt\/wp-json\/wp\/v2\/product_tag?post=32558"}],"curies":[{"name":"wp","href":"https:\/\/api.w.org\/{rel}","templated":true}]}}