{"id":32556,"date":"2025-02-20T22:32:36","date_gmt":"2025-02-20T22:32:36","guid":{"rendered":"http:\/\/olemosaic.com\/producto\/iman-de-metal-salamandra-mallorca-plata-8-cm\/"},"modified":"2025-07-25T19:57:01","modified_gmt":"2025-07-25T17:57:01","slug":"iman-de-metal-salamandra-maiorca-prata-8-cm","status":"publish","type":"product","link":"https:\/\/olemosaic.com\/pt-pt\/produto\/iman-de-metal-salamandra-maiorca-prata-8-cm\/","title":{"rendered":"\u00cdman de metal. Salamandra. Maiorca. Prata. 8 cm."},"content":{"rendered":"<p>Este \u00edman met\u00e1lico de 8 cm, adornado com uma colorida salamandra, \u00e9 uma recorda\u00e7\u00e3o emblem\u00e1tica de Maiorca que captura a ess\u00eancia vibrante da fauna local. O seu design art\u00edstico apresenta uma salamandra em cores brilhantes, destacando-se sobre uma composi\u00e7\u00e3o de mosaicos que combina tons de azul, amarelo e verde, evocando a diversidade natural das Ilhas Baleares. O fundo branco craquelado adiciona um toque de eleg\u00e2ncia e textura, tornando cada pe\u00e7a visualmente atraente e \u00fanica. A palavra &#8220;MALLORCA&#8221; destaca-se na parte superior, garantindo que este \u00edman seja uma lembran\u00e7a instant\u00e2nea da beleza mediterr\u00e2nica.<\/p>\n<p>Este \u00edman n\u00e3o \u00e9 apenas um artigo decorativo, mas tamb\u00e9m simboliza a rica biodiversidade de Maiorca, onde a salamandra \u00e9 um representante not\u00e1vel da sua fauna aut\u00f3ctone. Na Ol\u00e9 Mosaic, dedicamo-nos a oferecer recorda\u00e7\u00f5es aut\u00eanticas e de qualidade que refletem a cultura e as tradi\u00e7\u00f5es das regi\u00f5es que representamos. Este \u00edman de salamandra \u00e9 uma op\u00e7\u00e3o ideal para turistas que procuram recorda\u00e7\u00f5es representativas e funcionais, sendo um detalhe perfeito para a casa ou o escrit\u00f3rio, e um excelente produto para lojas de presentes tur\u00edsticos. Como distribuidores grossistas de recorda\u00e7\u00f5es de Maiorca, garantimos que cada \u00edman encapsula o esp\u00edrito e o colorido destas belas ilhas.<\/p>\n","protected":false},"excerpt":{"rendered":"<p>\u00cdman met\u00e1lico de 8 cm decorado com uma colorida salamandra, um s\u00edmbolo da fauna de Maiorca. Este atraente \u00edman apresenta um design vibrante, com fragmentos em tons de azul, amarelo e verde que simulam um mosaico, tudo sobre um fundo branco craquelado. A palavra &#8220;MALLORCA&#8221; destaca-se na parte superior, tornando-o uma recorda\u00e7\u00e3o perfeita das Ilhas Baleares e um detalhe decorativo ideal para qualquer casa.<\/p>\n","protected":false},"featured_media":12885,"template":"","meta":{"_acf_changed":false},"product_brand":[],"product_cat":[699],"product_tag":[516],"class_list":{"0":"post-32556","1":"product","2":"type-product","3":"status-publish","4":"has-post-thumbnail","6":"product_cat-imanes","7":"product_tag-animais","8":"pa_ciudad-mallorca","9":"pa_motivo-salamandras","10":"pa_pais-espana","12":"first","13":"instock","14":"shipping-taxable","15":"product-type-simple"},"acf":[],"_links":{"self":[{"href":"https:\/\/olemosaic.com\/pt-pt\/wp-json\/wp\/v2\/product\/32556","targetHints":{"allow":["GET"]}}],"collection":[{"href":"https:\/\/olemosaic.com\/pt-pt\/wp-json\/wp\/v2\/product"}],"about":[{"href":"https:\/\/olemosaic.com\/pt-pt\/wp-json\/wp\/v2\/types\/product"}],"wp:featuredmedia":[{"embeddable":true,"href":"https:\/\/olemosaic.com\/pt-pt\/wp-json\/wp\/v2\/media\/12885"}],"wp:attachment":[{"href":"https:\/\/olemosaic.com\/pt-pt\/wp-json\/wp\/v2\/media?parent=32556"}],"wp:term":[{"taxonomy":"product_brand","embeddable":true,"href":"https:\/\/olemosaic.com\/pt-pt\/wp-json\/wp\/v2\/product_brand?post=32556"},{"taxonomy":"product_cat","embeddable":true,"href":"https:\/\/olemosaic.com\/pt-pt\/wp-json\/wp\/v2\/product_cat?post=32556"},{"taxonomy":"product_tag","embeddable":true,"href":"https:\/\/olemosaic.com\/pt-pt\/wp-json\/wp\/v2\/product_tag?post=32556"}],"curies":[{"name":"wp","href":"https:\/\/api.w.org\/{rel}","templated":true}]}}