{"id":32548,"date":"2025-02-20T23:32:36","date_gmt":"2025-02-20T22:32:36","guid":{"rendered":"http:\/\/olemosaic.com\/producto\/iman-de-metal-toro-madrid-negro-8-cm-2\/"},"modified":"2025-07-25T18:56:36","modified_gmt":"2025-07-25T16:56:36","slug":"iman-de-metal-touro-madrid-preto-8-cm-2","status":"publish","type":"product","link":"https:\/\/olemosaic.com\/pt-pt\/produto\/iman-de-metal-touro-madrid-preto-8-cm-2\/","title":{"rendered":"\u00cdman de metal. Touro. Mosaico. Madrid. Espanha. Preto. 8 cm."},"content":{"rendered":"<p>Este \u00edman de metal de 8 cm, com um vibrante design de um touro, \u00e9 uma homenagem ic\u00f3nica \u00e0 rica cultura espanhola, especialmente \u00e0 de Madrid. O design, num espetacular estilo mosaico, destaca a for\u00e7a e o car\u00e1ter do touro, um s\u00edmbolo fundamental da identidade nacional. Os tons intensos de vermelho, laranja e amarelo do animal contrastam belamente com o fundo preto, criando um efeito visual cativante. A palavra &#8220;MADRID&#8221;, impressa numa cor amarela chamativa, complementa perfeitamente a cena e refor\u00e7a a liga\u00e7\u00e3o com a vibrante capital de Espanha.<\/p>\n<p>Este \u00edman n\u00e3o \u00e9 apenas um objeto decorativo, mas tamb\u00e9m uma recorda\u00e7\u00e3o que encapsula a ess\u00eancia da tradi\u00e7\u00e3o taurina, parte integrante do folclore espanhol. Representa um peda\u00e7o de hist\u00f3ria e cultura que os turistas podem levar para casa como uma recorda\u00e7\u00e3o aut\u00eantica da sua visita.<\/p>\n<p>Na Ol\u00e9 Mosaic, especializamo-nos na distribui\u00e7\u00e3o de recorda\u00e7\u00f5es por grosso, e este \u00edman de touro \u00e9 uma excelente op\u00e7\u00e3o para lojas de presentes tur\u00edsticos que procuram oferecer produtos que realcem a autenticidade e relev\u00e2ncia cultural espanhola. Com o seu design atraente e significado cultural, este \u00edman de metal \u00e9 ideal para quem deseja recordar a sua viagem a Madrid.<\/p>\n","protected":false},"excerpt":{"rendered":"<p>\u00cdman de metal de 8 cm com um vibrante design de um touro, s\u00edmbolo ic\u00f3nico da cultura espanhola, representado em estilo mosaico. O fundo preto real\u00e7a as cores intensas em tons de vermelho, laranja e amarelo que d\u00e3o vida ao animal, retratando a sua for\u00e7a e car\u00e1ter. A palavra &#8220;MADRID&#8221;, numa cor amarela chamativa, complementa a imagem e adiciona um toque distintivo que representa a capital de Espanha. Esta recorda\u00e7\u00e3o \u00e9 perfeita para quem deseja levar um peda\u00e7o da tradi\u00e7\u00e3o espanhola.<\/p>\n","protected":false},"featured_media":6967,"template":"","meta":{"_acf_changed":false},"product_brand":[],"product_cat":[699],"product_tag":[516],"class_list":{"0":"post-32548","1":"product","2":"type-product","3":"status-publish","4":"has-post-thumbnail","6":"product_cat-imanes","7":"product_tag-animais","8":"pa_ciudad-madrid","9":"pa_motivo-touros","10":"pa_pais-espana","12":"first","13":"instock","14":"shipping-taxable","15":"product-type-simple"},"acf":[],"_links":{"self":[{"href":"https:\/\/olemosaic.com\/pt-pt\/wp-json\/wp\/v2\/product\/32548","targetHints":{"allow":["GET"]}}],"collection":[{"href":"https:\/\/olemosaic.com\/pt-pt\/wp-json\/wp\/v2\/product"}],"about":[{"href":"https:\/\/olemosaic.com\/pt-pt\/wp-json\/wp\/v2\/types\/product"}],"wp:featuredmedia":[{"embeddable":true,"href":"https:\/\/olemosaic.com\/pt-pt\/wp-json\/wp\/v2\/media\/6967"}],"wp:attachment":[{"href":"https:\/\/olemosaic.com\/pt-pt\/wp-json\/wp\/v2\/media?parent=32548"}],"wp:term":[{"taxonomy":"product_brand","embeddable":true,"href":"https:\/\/olemosaic.com\/pt-pt\/wp-json\/wp\/v2\/product_brand?post=32548"},{"taxonomy":"product_cat","embeddable":true,"href":"https:\/\/olemosaic.com\/pt-pt\/wp-json\/wp\/v2\/product_cat?post=32548"},{"taxonomy":"product_tag","embeddable":true,"href":"https:\/\/olemosaic.com\/pt-pt\/wp-json\/wp\/v2\/product_tag?post=32548"}],"curies":[{"name":"wp","href":"https:\/\/api.w.org\/{rel}","templated":true}]}}