{"id":32547,"date":"2025-02-20T22:32:35","date_gmt":"2025-02-20T22:32:35","guid":{"rendered":"http:\/\/olemosaic.com\/producto\/iman-de-metal-mariposa-mallorca-plata-8-cm\/"},"modified":"2025-07-25T20:36:00","modified_gmt":"2025-07-25T18:36:00","slug":"iman-de-metal-borboleta-maiorca-prata-8-cm","status":"publish","type":"product","link":"https:\/\/olemosaic.com\/pt-pt\/produto\/iman-de-metal-borboleta-maiorca-prata-8-cm\/","title":{"rendered":"\u00cdman de metal. Borboleta. Maiorca. Prata. 8 cm."},"content":{"rendered":"<p>Este \u00edman met\u00e1lico de 8 cm, com um vibrante design de borboletas coloridas, \u00e9 uma recorda\u00e7\u00e3o \u00fanica da bela Maiorca. Apresenta um conjunto espl\u00eandido de borboletas estilizadas em tons de azul, laranja e preto, que parecem ganhar vida sobre um fundo de mosaico. Este fundo, que evoca a rica beleza da ilha, est\u00e1 adornado tamb\u00e9m com flores delicadas que adicionam um toque de frescura e alegria ao design. A palavra &#8220;MALLORCA&#8221; situa-se na parte superior, destacando a liga\u00e7\u00e3o direta com esta ic\u00f3nica regi\u00e3o do Mediterr\u00e2neo.<\/p>\n<p>O \u00edman n\u00e3o \u00e9 apenas esteticamente atraente, mas tamb\u00e9m funcional, ideal para adornar o frigor\u00edfico ou qualquer superf\u00edcie met\u00e1lica, tornando-o uma excelente recorda\u00e7\u00e3o para quem deseje levar um peda\u00e7o de Maiorca para casa. Al\u00e9m disso, a sua autenticidade e o esmero nos detalhes refletem a riqueza cultural da ilha, um contraste com a vibrante paisagem natural e a vida marinha que caracteriza Maiorca.<\/p>\n<p>Na Ol\u00e9 Mosaic, especializamo-nos na distribui\u00e7\u00e3o de recorda\u00e7\u00f5es por grosso, e este \u00edman de borboletas \u00e9 uma op\u00e7\u00e3o perfeita para lojas de presentes tur\u00edsticos que procurem produtos aut\u00eanticos e representativos. Este bonito \u00edman n\u00e3o s\u00f3 atrai os turistas que procuram recorda\u00e7\u00f5es memor\u00e1veis, como tamb\u00e9m celebra a ess\u00eancia cultural de Maiorca, tornando-o um presente ideal para todos.<\/p>\n","protected":false},"excerpt":{"rendered":"<p>\u00cdman met\u00e1lico de 8 cm com borboletas coloridas, uma recorda\u00e7\u00e3o vibrante de Maiorca. Este \u00edman apresenta uma s\u00e9rie de borboletas estilizadas em azul, laranja e preto, rodeadas de pequenas flores, tudo sobre um fundo com design de mosaico que evoca a beleza da ilha. A palavra &#8220;MALLORCA&#8221; coroa o conjunto, real\u00e7ando a liga\u00e7\u00e3o com a regi\u00e3o. Uma recorda\u00e7\u00e3o perfeita para adicionar um toque de cor a qualquer frigor\u00edfico.<\/p>\n","protected":false},"featured_media":11448,"template":"","meta":{"_acf_changed":false},"product_brand":[],"product_cat":[699],"product_tag":[516],"class_list":{"0":"post-32547","1":"product","2":"type-product","3":"status-publish","4":"has-post-thumbnail","6":"product_cat-imanes","7":"product_tag-animais","8":"pa_ciudad-mallorca","9":"pa_motivo-borboletas","10":"pa_pais-espana","12":"first","13":"instock","14":"shipping-taxable","15":"product-type-simple"},"acf":[],"_links":{"self":[{"href":"https:\/\/olemosaic.com\/pt-pt\/wp-json\/wp\/v2\/product\/32547","targetHints":{"allow":["GET"]}}],"collection":[{"href":"https:\/\/olemosaic.com\/pt-pt\/wp-json\/wp\/v2\/product"}],"about":[{"href":"https:\/\/olemosaic.com\/pt-pt\/wp-json\/wp\/v2\/types\/product"}],"wp:featuredmedia":[{"embeddable":true,"href":"https:\/\/olemosaic.com\/pt-pt\/wp-json\/wp\/v2\/media\/11448"}],"wp:attachment":[{"href":"https:\/\/olemosaic.com\/pt-pt\/wp-json\/wp\/v2\/media?parent=32547"}],"wp:term":[{"taxonomy":"product_brand","embeddable":true,"href":"https:\/\/olemosaic.com\/pt-pt\/wp-json\/wp\/v2\/product_brand?post=32547"},{"taxonomy":"product_cat","embeddable":true,"href":"https:\/\/olemosaic.com\/pt-pt\/wp-json\/wp\/v2\/product_cat?post=32547"},{"taxonomy":"product_tag","embeddable":true,"href":"https:\/\/olemosaic.com\/pt-pt\/wp-json\/wp\/v2\/product_tag?post=32547"}],"curies":[{"name":"wp","href":"https:\/\/api.w.org\/{rel}","templated":true}]}}