{"id":32544,"date":"2025-02-20T22:32:35","date_gmt":"2025-02-20T22:32:35","guid":{"rendered":"http:\/\/olemosaic.com\/producto\/iman-de-metal-mariposa-barcelona-8-cm\/"},"modified":"2025-07-25T20:19:09","modified_gmt":"2025-07-25T18:19:09","slug":"iman-de-metal-borboleta-barcelona-8-cm","status":"publish","type":"product","link":"https:\/\/olemosaic.com\/pt-pt\/produto\/iman-de-metal-borboleta-barcelona-8-cm\/","title":{"rendered":"\u00cdman de metal. Borboleta. Barcelona. 8 cm."},"content":{"rendered":"<p>Este \u00edman met\u00e1lico de 8 cm apresenta uma vibrante ilustra\u00e7\u00e3o de borboletas sobre um fundo azul que evoca a ess\u00eancia art\u00edstica e multicultural de Barcelona. O design, com flores decorativas e um acabamento brilhante, torna este \u00edman algo mais do que um simples acess\u00f3rio decorativo: \u00e9 uma pe\u00e7a que celebra a rica heran\u00e7a visual da cidade condal. A palavra &#8220;Barcelona&#8221; destaca-se na parte superior, integrada no mosaico de padr\u00f5es que recorda a obra de Antoni Gaud\u00ed, refletindo a cria\u00e7\u00e3o art\u00edstica que define a paisagem urbana da cidade.<\/p>\n<p>Cada borboleta, com os seus detalhes minuciosos e cores vibrantes, simboliza a liberdade e o esplendor da natureza, elementos essenciais do esp\u00edrito barcelon\u00eas. Este \u00edman \u00e9 uma recorda\u00e7\u00e3o ideal para quem deseja levar consigo um peda\u00e7o significativo desta metr\u00f3pole cheia de vida e cor. Na Ol\u00e9 Mosaic asseguramos a autenticidade dos nossos produtos, oferecendo souvenirs de Barcelona que real\u00e7am o seu valor cultural. Este \u00edman de borboleta \u00e9 uma excelente op\u00e7\u00e3o para lojas de presentes tur\u00edsticos que procuram variedade e qualidade na sua oferta. Como distribuidores de \u00edmanes por grosso, garantimos o design \u00fanico e a relev\u00e2ncia cultural de cada artigo.<\/p>\n","protected":false},"excerpt":{"rendered":"<p>\u00cdman met\u00e1lico de 8 cm que apresenta uma colorida ilustra\u00e7\u00e3o de borboletas sobre um fundo azul, evocando o vibrante esp\u00edrito de Barcelona. O design incorpora flores decorativas e um acabamento brilhante, conferindo um toque art\u00edstico e contempor\u00e2neo. A palavra &#8220;Barcelona&#8221; destaca-se na parte superior, enquanto os padr\u00f5es coloridos, que emulam um mosaico, refletem a riqueza cultural da cidade. Um souvenir ideal para levar um pedacinho da Cidade Condal.<\/p>\n","protected":false},"featured_media":11452,"template":"","meta":{"_acf_changed":false},"product_brand":[],"product_cat":[699],"product_tag":[516],"class_list":{"0":"post-32544","1":"product","2":"type-product","3":"status-publish","4":"has-post-thumbnail","6":"product_cat-imanes","7":"product_tag-animais","8":"pa_ciudad-barcelona","9":"pa_motivo-borboletas","10":"pa_pais-espana","12":"first","13":"instock","14":"shipping-taxable","15":"product-type-simple"},"acf":[],"_links":{"self":[{"href":"https:\/\/olemosaic.com\/pt-pt\/wp-json\/wp\/v2\/product\/32544","targetHints":{"allow":["GET"]}}],"collection":[{"href":"https:\/\/olemosaic.com\/pt-pt\/wp-json\/wp\/v2\/product"}],"about":[{"href":"https:\/\/olemosaic.com\/pt-pt\/wp-json\/wp\/v2\/types\/product"}],"wp:featuredmedia":[{"embeddable":true,"href":"https:\/\/olemosaic.com\/pt-pt\/wp-json\/wp\/v2\/media\/11452"}],"wp:attachment":[{"href":"https:\/\/olemosaic.com\/pt-pt\/wp-json\/wp\/v2\/media?parent=32544"}],"wp:term":[{"taxonomy":"product_brand","embeddable":true,"href":"https:\/\/olemosaic.com\/pt-pt\/wp-json\/wp\/v2\/product_brand?post=32544"},{"taxonomy":"product_cat","embeddable":true,"href":"https:\/\/olemosaic.com\/pt-pt\/wp-json\/wp\/v2\/product_cat?post=32544"},{"taxonomy":"product_tag","embeddable":true,"href":"https:\/\/olemosaic.com\/pt-pt\/wp-json\/wp\/v2\/product_tag?post=32544"}],"curies":[{"name":"wp","href":"https:\/\/api.w.org\/{rel}","templated":true}]}}