{"id":32542,"date":"2025-02-20T23:32:34","date_gmt":"2025-02-20T22:32:34","guid":{"rendered":"http:\/\/olemosaic.com\/producto\/iman-de-metal-panoramica-lisboa-8-cm-2\/"},"modified":"2025-07-25T18:37:47","modified_gmt":"2025-07-25T16:37:47","slug":"iman-de-metal-panoramica-lisboa-8-cm-2-pt-pt","status":"publish","type":"product","link":"https:\/\/olemosaic.com\/pt-pt\/produto\/iman-de-metal-panoramica-lisboa-8-cm-2-pt-pt\/","title":{"rendered":"\u00cdman de metal. Panor\u00e2mica. Telhados. Lisboa. Portugal. 8 cm."},"content":{"rendered":"<p>Este \u00edman met\u00e1lico de 8 cm representa uma impressionante panor\u00e2mica de Lisboa, capturando a vibrante ess\u00eancia da capital portuguesa. O seu design destaca-se por uma colorida representa\u00e7\u00e3o dos telhados das casas t\u00edpicas, amontoadas sobre as colinas da cidade, emolduradas pelo azul do c\u00e9u e do oceano. A ic\u00f3nica c\u00fapula de uma igreja eleva visualmente a obra, criando um ponto focal que simboliza a rica heran\u00e7a arquitet\u00f3nica de Lisboa. Rodeado por um fundo azul vibrante, o \u00edman \u00e9 adornado com motivos geom\u00e9tricos brancos e azuis, inspirados nos tradicionais azulejos portugueses, que adicionam uma dimens\u00e3o art\u00edstica e cultural a esta pe\u00e7a.<\/p>\n<p>Este \u00edman n\u00e3o \u00e9 apenas uma recorda\u00e7\u00e3o funcional, mas tamb\u00e9m uma representa\u00e7\u00e3o aut\u00eantica do encanto lisboeta. Como souvenir de Lisboa, \u00e9 ideal para quem deseja levar um peda\u00e7o da cidade, recordando as suas cores vibrantes e a sua riqueza cultural cada vez que o contemplar. Na Ol\u00e9 Mosaic, especializamo-nos na distribui\u00e7\u00e3o de souvenirs por grosso, oferecendo produtos aut\u00eanticos que destacam a tradi\u00e7\u00e3o e a beleza de cada regi\u00e3o. Este \u00edman panor\u00e2mico de Lisboa \u00e9 uma excelente op\u00e7\u00e3o para lojas de presentes tur\u00edsticos que procuram artigos que liguem emocionalmente os visitantes, tornando-se uma recorda\u00e7\u00e3o indel\u00e9vel da sua experi\u00eancia na capital portuguesa.<\/p>\n","protected":false},"excerpt":{"rendered":"<p>\u00cdman met\u00e1lico de 8 cm que mostra uma colorida panor\u00e2mica de Lisboa, real\u00e7ando a sua famosa arquitetura. O design inclui uma representa\u00e7\u00e3o de telhados pitorescos e a ic\u00f3nica c\u00fapula de uma igreja, sobre um vibrante fundo azul. Decorado com motivos geom\u00e9tricos brancos e azuis, este \u00edman captura a ess\u00eancia do encanto lisboeta, oferecendo uma recorda\u00e7\u00e3o perfeita da capital portuguesa. Ideal para qualquer cole\u00e7\u00e3o de souvenirs.<\/p>\n","protected":false},"featured_media":11199,"template":"","meta":{"_acf_changed":false},"product_brand":[],"product_cat":[699],"product_tag":[],"class_list":{"0":"post-32542","1":"product","2":"type-product","3":"status-publish","4":"has-post-thumbnail","6":"product_cat-imanes","7":"pa_ciudad-lisboa","8":"pa_motivo-panoramas","9":"pa_pais-portugal","11":"first","12":"instock","13":"shipping-taxable","14":"product-type-simple"},"acf":[],"_links":{"self":[{"href":"https:\/\/olemosaic.com\/pt-pt\/wp-json\/wp\/v2\/product\/32542","targetHints":{"allow":["GET"]}}],"collection":[{"href":"https:\/\/olemosaic.com\/pt-pt\/wp-json\/wp\/v2\/product"}],"about":[{"href":"https:\/\/olemosaic.com\/pt-pt\/wp-json\/wp\/v2\/types\/product"}],"wp:featuredmedia":[{"embeddable":true,"href":"https:\/\/olemosaic.com\/pt-pt\/wp-json\/wp\/v2\/media\/11199"}],"wp:attachment":[{"href":"https:\/\/olemosaic.com\/pt-pt\/wp-json\/wp\/v2\/media?parent=32542"}],"wp:term":[{"taxonomy":"product_brand","embeddable":true,"href":"https:\/\/olemosaic.com\/pt-pt\/wp-json\/wp\/v2\/product_brand?post=32542"},{"taxonomy":"product_cat","embeddable":true,"href":"https:\/\/olemosaic.com\/pt-pt\/wp-json\/wp\/v2\/product_cat?post=32542"},{"taxonomy":"product_tag","embeddable":true,"href":"https:\/\/olemosaic.com\/pt-pt\/wp-json\/wp\/v2\/product_tag?post=32542"}],"curies":[{"name":"wp","href":"https:\/\/api.w.org\/{rel}","templated":true}]}}