{"id":32541,"date":"2025-02-20T22:32:34","date_gmt":"2025-02-20T22:32:34","guid":{"rendered":"http:\/\/olemosaic.com\/producto\/iman-de-metal-bailaora-alicante-negro-8-cm\/"},"modified":"2025-07-25T19:07:16","modified_gmt":"2025-07-25T17:07:16","slug":"iman-de-metal-bailarina-alicante-preto-8-cm","status":"publish","type":"product","link":"https:\/\/olemosaic.com\/pt-pt\/produto\/iman-de-metal-bailarina-alicante-preto-8-cm\/","title":{"rendered":"\u00cdman de metal. Bailarina de Flamenco. Alicante. Preto. 8 cm."},"content":{"rendered":"<p>Este \u00edman met\u00e1lico de 8 cm representa uma bailarina de flamenco t\u00edpica de Alicante, capturando a ess\u00eancia vibrante do flamenco espanhol. A figura, requintadamente desenhada, mostra a bailarina com um vestido repleto de cores brilhantes que simulam os padr\u00f5es festivos da cultura andaluza, evocando a alegria e o movimento da arte flamenca. A bailarina, com o seu penteado elegante e um adere\u00e7o de flor vermelha, irradia gra\u00e7a e energia, com uma postura que real\u00e7a a sua paix\u00e3o por esta arte tradicional. O fundo preto n\u00e3o s\u00f3 enfatiza a beleza da figura, como tamb\u00e9m adiciona um toque moderno e sofisticado ao design.<\/p>\n<p>O nome &#8220;ALICANTE&#8221; destaca-se em letras grandes e chamativas, criando uma liga\u00e7\u00e3o imediata com a regi\u00e3o que representa. Este \u00edman n\u00e3o \u00e9 apenas uma recorda\u00e7\u00e3o visual, mas uma homenagem \u00e0s ra\u00edzes culturais de Alicante, um lugar famoso pelas suas festividades e tradi\u00e7\u00f5es flamencas.<\/p>\n<p>Perfeito como souvenir, este \u00edman combina beleza, arte e autenticidade, garantindo que, cada vez que se olhe para ele, recorde a vibrante cultura e o esp\u00edrito de Espanha. Na Ol\u00e9 Mosaic, somos especialistas na distribui\u00e7\u00e3o de souvenirs por grosso, oferecendo produtos como este \u00edman que captura a ess\u00eancia dos souvenirs de Alicante. Uma excelente op\u00e7\u00e3o para as lojas de presentes tur\u00edsticos que procuram produtos emblem\u00e1ticos.<\/p>\n","protected":false},"excerpt":{"rendered":"<p>\u00cdman met\u00e1lico de 8 cm que representa uma bailarina de flamenco t\u00edpica de Alicante. O design mostra a bailarina com um vestido cheio de cores vibrantes, evocando a arte do flamenco. A figura ergue-se sobre um fundo preto que real\u00e7a a sua beleza e elabora\u00e7\u00e3o, enquanto o nome &#8220;ALICANTE&#8221; se destaca em letras grandes e chamativas. Este \u00edman combina elementos culturais com um acabamento moderno, perfeito para evocar a ess\u00eancia espanhola.<\/p>\n","protected":false},"featured_media":10556,"template":"","meta":{"_acf_changed":false},"product_brand":[],"product_cat":[699],"product_tag":[],"class_list":{"0":"post-32541","1":"product","2":"type-product","3":"status-publish","4":"has-post-thumbnail","6":"product_cat-imanes","7":"pa_ciudad-alicante","8":"pa_motivo-dancarinos","9":"pa_pais-espana","11":"first","12":"instock","13":"shipping-taxable","14":"product-type-simple"},"acf":[],"_links":{"self":[{"href":"https:\/\/olemosaic.com\/pt-pt\/wp-json\/wp\/v2\/product\/32541","targetHints":{"allow":["GET"]}}],"collection":[{"href":"https:\/\/olemosaic.com\/pt-pt\/wp-json\/wp\/v2\/product"}],"about":[{"href":"https:\/\/olemosaic.com\/pt-pt\/wp-json\/wp\/v2\/types\/product"}],"wp:featuredmedia":[{"embeddable":true,"href":"https:\/\/olemosaic.com\/pt-pt\/wp-json\/wp\/v2\/media\/10556"}],"wp:attachment":[{"href":"https:\/\/olemosaic.com\/pt-pt\/wp-json\/wp\/v2\/media?parent=32541"}],"wp:term":[{"taxonomy":"product_brand","embeddable":true,"href":"https:\/\/olemosaic.com\/pt-pt\/wp-json\/wp\/v2\/product_brand?post=32541"},{"taxonomy":"product_cat","embeddable":true,"href":"https:\/\/olemosaic.com\/pt-pt\/wp-json\/wp\/v2\/product_cat?post=32541"},{"taxonomy":"product_tag","embeddable":true,"href":"https:\/\/olemosaic.com\/pt-pt\/wp-json\/wp\/v2\/product_tag?post=32541"}],"curies":[{"name":"wp","href":"https:\/\/api.w.org\/{rel}","templated":true}]}}