{"id":32540,"date":"2025-02-20T23:32:34","date_gmt":"2025-02-20T22:32:34","guid":{"rendered":"http:\/\/olemosaic.com\/producto\/iman-de-metal-toro-8-cm-2\/"},"modified":"2025-07-25T19:49:54","modified_gmt":"2025-07-25T17:49:54","slug":"iman-de-metal-touro-8-cm-2","status":"publish","type":"product","link":"https:\/\/olemosaic.com\/pt-pt\/produto\/iman-de-metal-touro-8-cm-2\/","title":{"rendered":"\u00cdman de metal. Touro. Espanha. Fundo azul. 8 cm."},"content":{"rendered":"<p>Este \u00edman met\u00e1lico de 8 cm representa um vibrante touro, um s\u00edmbolo ic\u00f3nico de Espanha, capturando visualmente a ess\u00eancia do patrim\u00f3nio cultural do pa\u00eds. Com um design colorido que mostra um mosaico de tons brilhantes, este souvenir destaca a robusta figura do touro, que se ergue majestosamente sobre um fundo azul que confere profundidade e contraste. O texto &#8220;ESPANHA&#8221; impresso em letras chamativas situa o objeto firmemente no seu contexto cultural, tornando-o uma recorda\u00e7\u00e3o perfeita para quem deseja levar um peda\u00e7o da rica heran\u00e7a espanhola.<\/p>\n<p>A ilustra\u00e7\u00e3o do touro n\u00e3o s\u00f3 \u00e9 visualmente atraente, como tamb\u00e9m evoca o simbolismo enraizado na cultura espanhola, onde le touro \u00e9 um emblema de for\u00e7a e tradi\u00e7\u00e3o. Este \u00edman, que \u00e9 tanto funcional como decorativo, confere um toque espanhol a qualquer superf\u00edcie met\u00e1lica, sendo ideal para frigor\u00edficos, quadros magn\u00e9ticos e outros locais onde se deseje exibir a beleza da cultura espanhola. Na Ol\u00e9 Mosaic, especializamo-nos na distribui\u00e7\u00e3o de souvenirs por grosso, e este \u00edman de touro \u00e9 uma op\u00e7\u00e3o de destaque para lojas de presentes tur\u00edsticos que procuram produtos aut\u00eanticos e representativos. Oferecer ou exibir este \u00edman \u00e9 uma forma de imortalizar as mem\u00f3rias de uma viagem a Espanha, tornando-o um artigo imprescind\u00edvel para quem aprecia o artesanato e a cultura.<\/p>\n","protected":false},"excerpt":{"rendered":"<p>\u00cdman met\u00e1lico de 8 cm com a imagem de um touro colorido, um s\u00edmbolo ic\u00f3nico de Espanha. O design atraente apresenta um mosaico vibrante numa variedade de tons que real\u00e7am a forma do touro, sobre um fundo azul que adiciona profundidade. O texto &#8220;ESPANHA&#8221; impresso complementa a ilustra\u00e7\u00e3o, tornando este \u00edman uma recorda\u00e7\u00e3o perfeita que captura a ess\u00eancia cultural do pa\u00eds. Ideal para adornar qualquer superf\u00edcie met\u00e1lica com um toque espanhol.<\/p>\n","protected":false},"featured_media":9998,"template":"","meta":{"_acf_changed":false},"product_brand":[],"product_cat":[699],"product_tag":[516],"class_list":{"0":"post-32540","1":"product","2":"type-product","3":"status-publish","4":"has-post-thumbnail","6":"product_cat-imanes","7":"product_tag-animais","8":"pa_motivo-touros","10":"first","11":"instock","12":"shipping-taxable","13":"product-type-simple"},"acf":[],"_links":{"self":[{"href":"https:\/\/olemosaic.com\/pt-pt\/wp-json\/wp\/v2\/product\/32540","targetHints":{"allow":["GET"]}}],"collection":[{"href":"https:\/\/olemosaic.com\/pt-pt\/wp-json\/wp\/v2\/product"}],"about":[{"href":"https:\/\/olemosaic.com\/pt-pt\/wp-json\/wp\/v2\/types\/product"}],"wp:featuredmedia":[{"embeddable":true,"href":"https:\/\/olemosaic.com\/pt-pt\/wp-json\/wp\/v2\/media\/9998"}],"wp:attachment":[{"href":"https:\/\/olemosaic.com\/pt-pt\/wp-json\/wp\/v2\/media?parent=32540"}],"wp:term":[{"taxonomy":"product_brand","embeddable":true,"href":"https:\/\/olemosaic.com\/pt-pt\/wp-json\/wp\/v2\/product_brand?post=32540"},{"taxonomy":"product_cat","embeddable":true,"href":"https:\/\/olemosaic.com\/pt-pt\/wp-json\/wp\/v2\/product_cat?post=32540"},{"taxonomy":"product_tag","embeddable":true,"href":"https:\/\/olemosaic.com\/pt-pt\/wp-json\/wp\/v2\/product_tag?post=32540"}],"curies":[{"name":"wp","href":"https:\/\/api.w.org\/{rel}","templated":true}]}}