{"id":32524,"date":"2025-02-20T22:32:34","date_gmt":"2025-02-20T22:32:34","guid":{"rendered":"http:\/\/olemosaic.com\/producto\/iman-de-metal-gato-barcelona-8-cm\/"},"modified":"2025-07-25T19:13:50","modified_gmt":"2025-07-25T17:13:50","slug":"iman-de-metal-gato-barcelona-8-cm-pt-pt","status":"publish","type":"product","link":"https:\/\/olemosaic.com\/pt-pt\/produto\/iman-de-metal-gato-barcelona-8-cm-pt-pt\/","title":{"rendered":"\u00cdman de metal. Gato. Barcelona. 8 cm."},"content":{"rendered":"<p>Este \u00edman met\u00e1lico de 8 cm representa um gato em estilo mosaico vibrante, inspirado na famosa est\u00e9tica de Barcelona. Com um design que evoca o ic\u00f3nico trencad\u00eds, o \u00edman mostra um gato colorido, cuja forma geom\u00e9trica \u00e9 adornada com uma paleta de cores brilhantes: vermelhos, azuis, verdes e amarelos, todos sobre um fundo celeste que real\u00e7a a alegria e criatividade caracter\u00edsticas da cidade. A palavra &#8220;Barcelona&#8221; destaca-se em letras proeminentes, acrescentando um toque distintivo que o torna uma recorda\u00e7\u00e3o representativa e aut\u00eantica da cultura local.<\/p>\n<p>Este \u00edman n\u00e3o \u00e9 apenas um objeto decorativo, mas tamb\u00e9m um s\u00edmbolo da arte e da tradi\u00e7\u00e3o do modernismo catal\u00e3o, t\u00e3o presente em obras de arquitetos como Antoni Gaud\u00ed. O seu design contempor\u00e2neo torna-o perfeito para qualquer amante da arte e da cultura que deseje levar um peda\u00e7o de Barcelona para casa. Na Ol\u00e9 Mosaic, orgulhamo-nos de oferecer souvenirs por grosso que capturam a ess\u00eancia de locais emblem\u00e1ticos, e este \u00edman de gato \u00e9 uma excelente op\u00e7\u00e3o para lojas de presentes tur\u00edsticos que procuram produtos aut\u00eanticos e vibrantes. Com a sua singularidade e liga\u00e7\u00e3o cultural, este \u00edman \u00e9 a recorda\u00e7\u00e3o ideal para quem procura um peda\u00e7o da magia de Barcelona.<\/p>\n","protected":false},"excerpt":{"rendered":"<p>\u00cdman met\u00e1lico de 8 cm com uma colorida representa\u00e7\u00e3o de um gato ao estilo mosaico, inspirado na vibrante est\u00e9tica de Barcelona. Este design, que evoca o famoso trencad\u00eds da cidade, apresenta um gato com um jogo de cores intensas e formas geom\u00e9tricas sobre um fundo celeste. O \u00edman inclui a palavra &#8220;Barcelona&#8221; em letras destacadas, tornando-o uma recorda\u00e7\u00e3o perfeita da arte e da cultura barcelonesas.<\/p>\n","protected":false},"featured_media":12826,"template":"","meta":{"_acf_changed":false},"product_brand":[],"product_cat":[699],"product_tag":[516],"class_list":{"0":"post-32524","1":"product","2":"type-product","3":"status-publish","4":"has-post-thumbnail","6":"product_cat-imanes","7":"product_tag-animais","8":"pa_ciudad-barcelona","9":"pa_motivo-gatos","10":"pa_pais-espana","12":"first","13":"instock","14":"shipping-taxable","15":"product-type-simple"},"acf":[],"_links":{"self":[{"href":"https:\/\/olemosaic.com\/pt-pt\/wp-json\/wp\/v2\/product\/32524","targetHints":{"allow":["GET"]}}],"collection":[{"href":"https:\/\/olemosaic.com\/pt-pt\/wp-json\/wp\/v2\/product"}],"about":[{"href":"https:\/\/olemosaic.com\/pt-pt\/wp-json\/wp\/v2\/types\/product"}],"wp:featuredmedia":[{"embeddable":true,"href":"https:\/\/olemosaic.com\/pt-pt\/wp-json\/wp\/v2\/media\/12826"}],"wp:attachment":[{"href":"https:\/\/olemosaic.com\/pt-pt\/wp-json\/wp\/v2\/media?parent=32524"}],"wp:term":[{"taxonomy":"product_brand","embeddable":true,"href":"https:\/\/olemosaic.com\/pt-pt\/wp-json\/wp\/v2\/product_brand?post=32524"},{"taxonomy":"product_cat","embeddable":true,"href":"https:\/\/olemosaic.com\/pt-pt\/wp-json\/wp\/v2\/product_cat?post=32524"},{"taxonomy":"product_tag","embeddable":true,"href":"https:\/\/olemosaic.com\/pt-pt\/wp-json\/wp\/v2\/product_tag?post=32524"}],"curies":[{"name":"wp","href":"https:\/\/api.w.org\/{rel}","templated":true}]}}