{"id":32523,"date":"2025-02-20T23:32:34","date_gmt":"2025-02-20T22:32:34","guid":{"rendered":"http:\/\/olemosaic.com\/producto\/iman-de-metal-sagrada-familia-barcelona-8-cm-18\/"},"modified":"2025-07-25T18:35:47","modified_gmt":"2025-07-25T16:35:47","slug":"iman-de-metal-sagrada-familia-barcelona-8-cm-18-pt-pt","status":"publish","type":"product","link":"https:\/\/olemosaic.com\/pt-pt\/produto\/iman-de-metal-sagrada-familia-barcelona-8-cm-18-pt-pt\/","title":{"rendered":"\u00cdman de metal. Sagrada Fam\u00edlia. Arquitetura Gaud\u00ed. Barcelona. 8 cm."},"content":{"rendered":"<p>Este \u00edman met\u00e1lico de 8 cm representa a emblem\u00e1tica Sagrada Fam\u00edlia de Barcelona, uma obra-prima arquitet\u00f3nica de Antoni Gaud\u00ed e um s\u00edmbolo indiscut\u00edvel da cidade. Desenhado com um estilo vibrante e colorido, este \u00edman capta a ess\u00eancia do ic\u00f3nico templo atrav\u00e9s de detalhadas ilustra\u00e7\u00f5es em mosaico que real\u00e7am as suas caracter\u00edsticas mais distintivas: as torres esculpidas e as fachadas decoradas que parecem ganhar vida com as suas matizes luminosas. Na parte superior, o nome &#8220;Barcelona&#8221; \u00e9 exibido de forma proeminente, criando um nexo imediato com a cidade e a sua rica e diversa cultura.<\/p>\n<p>Este souvenir n\u00e3o s\u00f3 adorna qualquer superf\u00edcie magn\u00e9tica, como tamb\u00e9m atua como um lembrete visual da beleza \u00fanica de Barcelona, perfeito para colecionadores e amantes da arte. A Sagrada Fam\u00edlia, em constru\u00e7\u00e3o desde 1882, simboliza a liga\u00e7\u00e3o entre a hist\u00f3ria, a arquitetura inovadora e o fervor art\u00edstico que caracteriza a capital catal\u00e3.<\/p>\n<p>Na Ol\u00e9 Mosaic, especializamo-nos na distribui\u00e7\u00e3o de souvenirs por grosso, e este \u00edman da Sagrada Fam\u00edlia posiciona-se como uma excelente op\u00e7\u00e3o para lojas de presentes tur\u00edsticos que procuram produtos aut\u00eanticos e representativos. \u00c9 uma recorda\u00e7\u00e3o ideal para os turistas que desejam levar um peda\u00e7o de Barcelona, unindo design, cultura e um toque de arte em cada pe\u00e7a.<\/p>\n","protected":false},"excerpt":{"rendered":"<p>\u00cdman de metal de 8 cm que representa a emblem\u00e1tica Sagrada Fam\u00edlia de Barcelona. Este colorido \u00edman apresenta uma ilustra\u00e7\u00e3o vibrante com detalhes de mosaico, capturando a ess\u00eancia arquitet\u00f3nica da obra de Antoni Gaud\u00ed. Com o nome &#8220;Barcelona&#8221; destacado na parte superior, este souvenir \u00e9 perfeito para recordar a beleza de la cidade e adicionar um toque art\u00edstico a qualquer superf\u00edcie met\u00e1lica. Ideal para colecionadores e amantes da arte.<\/p>\n","protected":false},"featured_media":11395,"template":"","meta":{"_acf_changed":false},"product_brand":[],"product_cat":[699],"product_tag":[],"class_list":{"0":"post-32523","1":"product","2":"type-product","3":"status-publish","4":"has-post-thumbnail","6":"product_cat-imanes","7":"pa_ciudad-barcelona","8":"pa_motivo-sagrada-familia","9":"pa_pais-espana","11":"first","12":"instock","13":"shipping-taxable","14":"product-type-simple"},"acf":[],"_links":{"self":[{"href":"https:\/\/olemosaic.com\/pt-pt\/wp-json\/wp\/v2\/product\/32523","targetHints":{"allow":["GET"]}}],"collection":[{"href":"https:\/\/olemosaic.com\/pt-pt\/wp-json\/wp\/v2\/product"}],"about":[{"href":"https:\/\/olemosaic.com\/pt-pt\/wp-json\/wp\/v2\/types\/product"}],"wp:featuredmedia":[{"embeddable":true,"href":"https:\/\/olemosaic.com\/pt-pt\/wp-json\/wp\/v2\/media\/11395"}],"wp:attachment":[{"href":"https:\/\/olemosaic.com\/pt-pt\/wp-json\/wp\/v2\/media?parent=32523"}],"wp:term":[{"taxonomy":"product_brand","embeddable":true,"href":"https:\/\/olemosaic.com\/pt-pt\/wp-json\/wp\/v2\/product_brand?post=32523"},{"taxonomy":"product_cat","embeddable":true,"href":"https:\/\/olemosaic.com\/pt-pt\/wp-json\/wp\/v2\/product_cat?post=32523"},{"taxonomy":"product_tag","embeddable":true,"href":"https:\/\/olemosaic.com\/pt-pt\/wp-json\/wp\/v2\/product_tag?post=32523"}],"curies":[{"name":"wp","href":"https:\/\/api.w.org\/{rel}","templated":true}]}}