{"id":32522,"date":"2025-02-20T22:32:33","date_gmt":"2025-02-20T22:32:33","guid":{"rendered":"http:\/\/olemosaic.com\/producto\/iman-de-metal-mariposa-mallorca-8-cm\/"},"modified":"2025-07-25T19:02:52","modified_gmt":"2025-07-25T17:02:52","slug":"iman-de-metal-borboleta-maiorca-8-cm","status":"publish","type":"product","link":"https:\/\/olemosaic.com\/pt-pt\/produto\/iman-de-metal-borboleta-maiorca-8-cm\/","title":{"rendered":"\u00cdman de metal. Borboleta. Maiorca. 8 cm."},"content":{"rendered":"<p>Este \u00edman met\u00e1lico de 8 cm representa a beleza natural de Maiorca atrav\u00e9s de um design vibrante com borboletas. Adornado sobre um fundo azul que evoca os coloridos mosaicos da ilha, este souvenir \u00e9 uma representa\u00e7\u00e3o art\u00edstica que capta a ess\u00eancia do seu ambiente mediterr\u00e2nico. As borboletas, pintadas em cores intensas como azul, rosa e laranja, esvoa\u00e7am entre flores delicadas, criando uma composi\u00e7\u00e3o visual rica e cheia de vida. A palavra &#8220;MALLORCA&#8221; destaca-se na parte superior, sublinhando a sua origem e tornando-o uma aut\u00eantica recorda\u00e7\u00e3o tur\u00edstica. Este \u00edman n\u00e3o s\u00f3 \u00e9 ideal para personalizar o seu frigor\u00edfico, como tamb\u00e9m \u00e9 um excelente presente para quem aprecia a beleza e a diversidade da fauna local. Na Ol\u00e9 Mosaic, especializamo-nos na distribui\u00e7\u00e3o de souvenirs de Maiorca e outros produtos ic\u00f3nicos de Espanha, o que torna este \u00edman uma op\u00e7\u00e3o perfeita para lojas de presentes tur\u00edsticos que procuram artigos aut\u00eanticos e de qualidade. Este \u00edman de borboletas n\u00e3o \u00e9 apenas um objeto decorativo; \u00e9 uma recorda\u00e7\u00e3o significativa que encarna o encanto da ilha balear.<\/p>\n","protected":false},"excerpt":{"rendered":"<p>\u00cdman met\u00e1lico de 8 cm que representa borboletas coloridas sobre um fundo azul evocativo dos mosaicos de Maiorca. Este atrativo souvenir apresenta um design vibrante com detalhes de cores intensas e flores decorativas, o que o torna uma recorda\u00e7\u00e3o encantadora da ilha. A palavra &#8220;MALLORCA&#8221; destaca-se na parte superior, real\u00e7ando a sua origem tur\u00edstica e cultural. \u00c9 ideal para personalizar o seu frigor\u00edfico ou como presente para os amantes da beleza natural da regi\u00e3o.<\/p>\n","protected":false},"featured_media":11449,"template":"","meta":{"_acf_changed":false},"product_brand":[],"product_cat":[699],"product_tag":[516],"class_list":{"0":"post-32522","1":"product","2":"type-product","3":"status-publish","4":"has-post-thumbnail","6":"product_cat-imanes","7":"product_tag-animais","8":"pa_ciudad-mallorca","9":"pa_motivo-borboletas","10":"pa_pais-espana","12":"first","13":"instock","14":"shipping-taxable","15":"product-type-simple"},"acf":[],"_links":{"self":[{"href":"https:\/\/olemosaic.com\/pt-pt\/wp-json\/wp\/v2\/product\/32522","targetHints":{"allow":["GET"]}}],"collection":[{"href":"https:\/\/olemosaic.com\/pt-pt\/wp-json\/wp\/v2\/product"}],"about":[{"href":"https:\/\/olemosaic.com\/pt-pt\/wp-json\/wp\/v2\/types\/product"}],"wp:featuredmedia":[{"embeddable":true,"href":"https:\/\/olemosaic.com\/pt-pt\/wp-json\/wp\/v2\/media\/11449"}],"wp:attachment":[{"href":"https:\/\/olemosaic.com\/pt-pt\/wp-json\/wp\/v2\/media?parent=32522"}],"wp:term":[{"taxonomy":"product_brand","embeddable":true,"href":"https:\/\/olemosaic.com\/pt-pt\/wp-json\/wp\/v2\/product_brand?post=32522"},{"taxonomy":"product_cat","embeddable":true,"href":"https:\/\/olemosaic.com\/pt-pt\/wp-json\/wp\/v2\/product_cat?post=32522"},{"taxonomy":"product_tag","embeddable":true,"href":"https:\/\/olemosaic.com\/pt-pt\/wp-json\/wp\/v2\/product_tag?post=32522"}],"curies":[{"name":"wp","href":"https:\/\/api.w.org\/{rel}","templated":true}]}}