{"id":32521,"date":"2025-02-20T23:32:33","date_gmt":"2025-02-20T22:32:33","guid":{"rendered":"http:\/\/olemosaic.com\/producto\/iman-de-metal-salamandra-lanzarote-plata-8-cm-2\/"},"modified":"2025-07-25T18:54:15","modified_gmt":"2025-07-25T16:54:15","slug":"iman-de-metal-salamandra-lanzarote-prata-8-cm-2","status":"publish","type":"product","link":"https:\/\/olemosaic.com\/pt-pt\/produto\/iman-de-metal-salamandra-lanzarote-prata-8-cm-2\/","title":{"rendered":"\u00cdman de metal. Salamandra. Lanzarote. Can\u00e1rias. Prata. 8 cm."},"content":{"rendered":"<p>Este \u00edman met\u00e1lico de 8 cm apresenta uma vibrante salamandra, s\u00edmbolo emblem\u00e1tico de Lanzarote, ideal para recordar a beleza desta ilha can\u00e1ria. O seu design colorido inspira-se na cer\u00e2mica tradicional de Lanzarote, capturando a ess\u00eancia cultural da regi\u00e3o atrav\u00e9s de uma ilustra\u00e7\u00e3o que se destaca pelos seus tons vivos de azul, verde, vermelho e amarelo. A salamandra, cuidadosamente elaborada, ergue-se sobre um fundo de mosaico que complementa o seu design, evocando a rica heran\u00e7a art\u00edstica da ilha. A palavra &#8220;Lanzarote&#8221;, situada na parte superior do \u00edman, confere um toque distintivo, tornando esta pe\u00e7a uma recorda\u00e7\u00e3o atrativa e representativa.<\/p>\n<p>Este \u00edman n\u00e3o \u00e9 apenas um elemento decorativo funcional, mas atua como um v\u00ednculo emocional com a experi\u00eancia de visitar Lanzarote, uma das joias das Ilhas Can\u00e1rias. A sua singularidade e autenticidade tornam-no um souvenir perfeito para turistas e viajantes que procuram levar um peda\u00e7o da cultura local para casa. Na Ol\u00e9 Mosaic dedicamo-nos a oferecer souvenirs de qualidade por grosso, e este \u00edman de salamandra \u00e9 uma excelente op\u00e7\u00e3o para lojas de presentes tur\u00edsticos que procuram autenticidade e relev\u00e2ncia cultural nos seus produtos. Como grossistas de souvenirs, garantimos que cada pe\u00e7a ressoe com a tradi\u00e7\u00e3o e o encanto da regi\u00e3o, tornando-se uma recorda\u00e7\u00e3o inesquec\u00edvel.<\/p>\n","protected":false},"excerpt":{"rendered":"<p>\u00cdman met\u00e1lico de 8 cm com uma vibrante salamandra, s\u00edmbolo ic\u00f3nico de Lanzarote. Este design colorido, inspirado na cer\u00e2mica tradicional da ilha, apresenta um fundo de mosaico que real\u00e7a os tons azul, verde, vermelho e amarelo da figura. A palavra &#8220;Lanzarote&#8221; na parte superior acrescenta um toque distintivo e atrativo. Perfeito para recordar a sua visita a esta bela ilha can\u00e1ria.<\/p>\n","protected":false},"featured_media":12882,"template":"","meta":{"_acf_changed":false},"product_brand":[],"product_cat":[699],"product_tag":[516],"class_list":{"0":"post-32521","1":"product","2":"type-product","3":"status-publish","4":"has-post-thumbnail","6":"product_cat-imanes","7":"product_tag-animais","8":"pa_ciudad-lanzarote","9":"pa_motivo-salamandras","10":"pa_pais-espana","12":"first","13":"instock","14":"shipping-taxable","15":"product-type-simple"},"acf":[],"_links":{"self":[{"href":"https:\/\/olemosaic.com\/pt-pt\/wp-json\/wp\/v2\/product\/32521","targetHints":{"allow":["GET"]}}],"collection":[{"href":"https:\/\/olemosaic.com\/pt-pt\/wp-json\/wp\/v2\/product"}],"about":[{"href":"https:\/\/olemosaic.com\/pt-pt\/wp-json\/wp\/v2\/types\/product"}],"wp:featuredmedia":[{"embeddable":true,"href":"https:\/\/olemosaic.com\/pt-pt\/wp-json\/wp\/v2\/media\/12882"}],"wp:attachment":[{"href":"https:\/\/olemosaic.com\/pt-pt\/wp-json\/wp\/v2\/media?parent=32521"}],"wp:term":[{"taxonomy":"product_brand","embeddable":true,"href":"https:\/\/olemosaic.com\/pt-pt\/wp-json\/wp\/v2\/product_brand?post=32521"},{"taxonomy":"product_cat","embeddable":true,"href":"https:\/\/olemosaic.com\/pt-pt\/wp-json\/wp\/v2\/product_cat?post=32521"},{"taxonomy":"product_tag","embeddable":true,"href":"https:\/\/olemosaic.com\/pt-pt\/wp-json\/wp\/v2\/product_tag?post=32521"}],"curies":[{"name":"wp","href":"https:\/\/api.w.org\/{rel}","templated":true}]}}