{"id":32494,"date":"2025-02-20T23:32:33","date_gmt":"2025-02-20T22:32:33","guid":{"rendered":"http:\/\/olemosaic.com\/producto\/iman-de-metal-sagrada-familia-barcelona-8-cm-17\/"},"modified":"2025-07-25T18:47:11","modified_gmt":"2025-07-25T16:47:11","slug":"iman-de-metal-sagrada-familia-barcelona-8-cm-17-pt-pt","status":"publish","type":"product","link":"https:\/\/olemosaic.com\/pt-pt\/produto\/iman-de-metal-sagrada-familia-barcelona-8-cm-17-pt-pt\/","title":{"rendered":"\u00cdman de metal. Sagrada Fam\u00edlia. Arquitetura Barcelona. 8 cm."},"content":{"rendered":"<p>Este \u00edman met\u00e1lico de 8 cm apresenta uma vibrante ilustra\u00e7\u00e3o da famosa Sagrada Fam\u00edlia, o ic\u00f3nico monumento barcelon\u00eas desenhado pelo conceituado arquiteto Antoni Gaud\u00ed. Com uma colorida paleta de tons vivos, o design capta a ess\u00eancia modernista desta obra-prima arquitet\u00f3nica, fazendo-a destacar de forma maravilhosa. Os v\u00edvidos detalhes das torres da Sagrada Fam\u00edlia prestam homenagem \u00e0 singularidade de Gaud\u00ed, mostrando as suas formas din\u00e2micas e ornamenta\u00e7\u00e3o distintiva. Na parte superior, o texto &#8220;I \u2665 Barcelona&#8221; acrescenta um toque pessoal e emocional, tornando este \u00edman no souvenir perfeito para quem ama esta magn\u00edfica cidade e a sua rica cultura.<\/p>\n<p>Este \u00edman n\u00e3o s\u00f3 \u00e9 uma encantadora decora\u00e7\u00e3o para o frigor\u00edfico, como tamb\u00e9m serve como um lembrete tang\u00edvel de uma das principais atra\u00e7\u00f5es de Barcelona, ideal para os turistas que desejam levar um peda\u00e7o de la cidade consigo. Na Ol\u00e9 Mosaic, oferecemos souvenirs aut\u00eanticos que se destacam pela sua qualidade e liga\u00e7\u00e3o cultural. Este \u00edman da Sagrada Fam\u00edlia \u00e9 uma excelente op\u00e7\u00e3o para lojas de presentes tur\u00edsticos que procurem produtos representativos. Como distribuidores de souvenirs por grosso, garantimos a autenticidade e o design atraente em cada pe\u00e7a.<\/p>\n","protected":false},"excerpt":{"rendered":"<p>\u00cdman met\u00e1lico de 8 cm com uma colorida ilustra\u00e7\u00e3o da Sagrada Fam\u00edlia, o ic\u00f3nico monumento de Barcelona. Este design atraente destaca-se pelas suas cores vivas e detalhes que evocam o estilo modernista de Antoni Gaud\u00ed, com a sua caracter\u00edstica arquitetura e torres. Na parte superior do \u00edman l\u00ea-se &#8220;I \u2665 Barcelona&#8221;, o que o torna o souvenir perfeito para os amantes da cidade e da sua cultura. Ideal para decorar o seu frigor\u00edfico ou para oferecer.<\/p>\n","protected":false},"featured_media":13542,"template":"","meta":{"_acf_changed":false},"product_brand":[],"product_cat":[699],"product_tag":[],"class_list":{"0":"post-32494","1":"product","2":"type-product","3":"status-publish","4":"has-post-thumbnail","6":"product_cat-imanes","7":"pa_ciudad-barcelona","8":"pa_motivo-sagrada-familia","9":"pa_pais-espana","11":"first","12":"instock","13":"shipping-taxable","14":"product-type-simple"},"acf":[],"_links":{"self":[{"href":"https:\/\/olemosaic.com\/pt-pt\/wp-json\/wp\/v2\/product\/32494","targetHints":{"allow":["GET"]}}],"collection":[{"href":"https:\/\/olemosaic.com\/pt-pt\/wp-json\/wp\/v2\/product"}],"about":[{"href":"https:\/\/olemosaic.com\/pt-pt\/wp-json\/wp\/v2\/types\/product"}],"wp:featuredmedia":[{"embeddable":true,"href":"https:\/\/olemosaic.com\/pt-pt\/wp-json\/wp\/v2\/media\/13542"}],"wp:attachment":[{"href":"https:\/\/olemosaic.com\/pt-pt\/wp-json\/wp\/v2\/media?parent=32494"}],"wp:term":[{"taxonomy":"product_brand","embeddable":true,"href":"https:\/\/olemosaic.com\/pt-pt\/wp-json\/wp\/v2\/product_brand?post=32494"},{"taxonomy":"product_cat","embeddable":true,"href":"https:\/\/olemosaic.com\/pt-pt\/wp-json\/wp\/v2\/product_cat?post=32494"},{"taxonomy":"product_tag","embeddable":true,"href":"https:\/\/olemosaic.com\/pt-pt\/wp-json\/wp\/v2\/product_tag?post=32494"}],"curies":[{"name":"wp","href":"https:\/\/api.w.org\/{rel}","templated":true}]}}