{"id":32492,"date":"2025-02-20T23:32:33","date_gmt":"2025-02-20T22:32:33","guid":{"rendered":"http:\/\/olemosaic.com\/producto\/iman-de-metal-sagrada-familia-barcelona-negro-8-cm-6\/"},"modified":"2025-07-25T18:35:45","modified_gmt":"2025-07-25T16:35:45","slug":"iman-de-metal-sagrada-familia-barcelona-preto-8-cm-6","status":"publish","type":"product","link":"https:\/\/olemosaic.com\/pt-pt\/produto\/iman-de-metal-sagrada-familia-barcelona-preto-8-cm-6\/","title":{"rendered":"\u00cdman de metal. Sagrada Fam\u00edlia. Barcelona. Fundo preto. 8 cm."},"content":{"rendered":"<p>Este \u00edman met\u00e1lico de 8 cm apresenta uma impactante representa\u00e7\u00e3o da Sagrada Fam\u00edlia, o emblem\u00e1tico monumento de Barcelona, capturando a sua ess\u00eancia \u00fanica num design vibrante e colorido. O seu estilo evoca a arte do mosaico, com uma base preta que real\u00e7a os tons brilhantes que adornam esta obra-prima arquitet\u00f3nica. As cores vivas, que v\u00e3o do vermelho e azul ao amarelo e verde, refletem a diversidade do modernismo catal\u00e3o, convertendo este \u00edman numa aut\u00eantica obra de arte. Na parte superior, a palavra &#8220;Barcelona&#8221; destaca-se, acrescentando um toque de autenticidade e refor\u00e7ando a sua fun\u00e7\u00e3o como o souvenir perfeito para os amantes da cultura e da arquitetura.<\/p>\n<p>Este \u00edman n\u00e3o s\u00f3 serve como uma recorda\u00e7\u00e3o visual da imponente Sagrada Fam\u00edlia, como tamb\u00e9m simboliza a rica heran\u00e7a cultural da cidade. \u00c9 o produto ideal para quem procura levar para casa um peda\u00e7o de Barcelona numa pe\u00e7a compacta e funcional. Na Ol\u00e9 Mosaic, como distribuidores de souvenirs por grosso, oferecemos artigos que capturam a ess\u00eancia de cada lugar, assegurando que cada \u00edman seja aut\u00eantico e de qualidade. Este \u00edman da Sagrada Fam\u00edlia \u00e9 uma excelente op\u00e7\u00e3o para lojas de presentes tur\u00edsticos que desejam oferecer souvenirs representativos e de grande valor cultural.<\/p>\n","protected":false},"excerpt":{"rendered":"<p>\u00cdman met\u00e1lico de 8 cm com uma colorida representa\u00e7\u00e3o da Sagrada Fam\u00edlia, o emblem\u00e1tico monumento de Barcelona. O design vibrante, que recorda a arte do mosaico, destaca-se pelas suas cores chamativas sobre um fundo preto que real\u00e7a o templo. A palavra &#8220;Barcelona&#8221; na parte superior completa a cena, tornando este \u00edman numa recorda\u00e7\u00e3o perfeita para os amantes da arquitetura e da cultura catal\u00e3.<\/p>\n","protected":false},"featured_media":11392,"template":"","meta":{"_acf_changed":false},"product_brand":[],"product_cat":[699],"product_tag":[],"class_list":{"0":"post-32492","1":"product","2":"type-product","3":"status-publish","4":"has-post-thumbnail","6":"product_cat-imanes","7":"pa_ciudad-barcelona","8":"pa_motivo-sagrada-familia","9":"pa_pais-espana","11":"first","12":"instock","13":"shipping-taxable","14":"product-type-simple"},"acf":[],"_links":{"self":[{"href":"https:\/\/olemosaic.com\/pt-pt\/wp-json\/wp\/v2\/product\/32492","targetHints":{"allow":["GET"]}}],"collection":[{"href":"https:\/\/olemosaic.com\/pt-pt\/wp-json\/wp\/v2\/product"}],"about":[{"href":"https:\/\/olemosaic.com\/pt-pt\/wp-json\/wp\/v2\/types\/product"}],"wp:featuredmedia":[{"embeddable":true,"href":"https:\/\/olemosaic.com\/pt-pt\/wp-json\/wp\/v2\/media\/11392"}],"wp:attachment":[{"href":"https:\/\/olemosaic.com\/pt-pt\/wp-json\/wp\/v2\/media?parent=32492"}],"wp:term":[{"taxonomy":"product_brand","embeddable":true,"href":"https:\/\/olemosaic.com\/pt-pt\/wp-json\/wp\/v2\/product_brand?post=32492"},{"taxonomy":"product_cat","embeddable":true,"href":"https:\/\/olemosaic.com\/pt-pt\/wp-json\/wp\/v2\/product_cat?post=32492"},{"taxonomy":"product_tag","embeddable":true,"href":"https:\/\/olemosaic.com\/pt-pt\/wp-json\/wp\/v2\/product_tag?post=32492"}],"curies":[{"name":"wp","href":"https:\/\/api.w.org\/{rel}","templated":true}]}}