{"id":32491,"date":"2025-02-20T22:32:33","date_gmt":"2025-02-20T22:32:33","guid":{"rendered":"http:\/\/olemosaic.com\/producto\/iman-de-metal-salamandra-valencia-8-cm\/"},"modified":"2025-07-25T18:57:33","modified_gmt":"2025-07-25T16:57:33","slug":"iman-de-metal-salamandra-valencia-8-cm-pt-pt","status":"publish","type":"product","link":"https:\/\/olemosaic.com\/pt-pt\/produto\/iman-de-metal-salamandra-valencia-8-cm-pt-pt\/","title":{"rendered":"\u00cdman de metal. Salamandra. Val\u00eancia. 8 cm."},"content":{"rendered":"<p>Este \u00edman met\u00e1lico de 8 cm apresenta uma salamandra colorida, um s\u00edmbolo ic\u00f3nico de Val\u00eancia, desenhado para capturar a ess\u00eancia vibrante desta bela cidade. A salamandra, elaborada com um mosaico numa variedade de tons azuis, verdes, amarelos e vermelhos, evoca o estilo art\u00edstico do conceituado arquiteto Antoni Gaud\u00ed, conhecido pelas suas obras que integram a natureza com o design arquitet\u00f3nico. Este detalhe n\u00e3o s\u00f3 real\u00e7a a admira\u00e7\u00e3o pela arte catal\u00e3, mas tamb\u00e9m a liga\u00e7\u00e3o com a rica heran\u00e7a cultural de Val\u00eancia.<\/p>\n<p>O fundo claro em azul contrasta com a salamandra, criando um efeito visual apelativo que a faz destacar. A palavra &#8220;VALENCIA&#8221; na parte superior do \u00edman n\u00e3o s\u00f3 identifica a sua origem, mas tamb\u00e9m serve como um lembrete nost\u00e1lgico da viagem e da experi\u00eancia vivida. Este souvenir \u00e9 uma excelente op\u00e7\u00e3o para manter viva a mem\u00f3ria de uma visita a Val\u00eancia ou como presente decorativo que capta o esp\u00edrito do lugar. Na Ol\u00e9 Mosaic, somos distribuidores de souvenirs de qualidade, oferecendo produtos aut\u00eanticos que representam a singularidade de cada regi\u00e3o. Este \u00edman de salamandra \u00e9 ideal para lojas de presentes tur\u00edsticos que procuram artigos \u00fanicos e representativos dos seus destinos.<\/p>\n","protected":false},"excerpt":{"rendered":"<p>\u00cdman met\u00e1lico de 8 cm que representa uma salamandra colorida, um s\u00edmbolo ic\u00f3nico de Val\u00eancia. O design vibrante mostra uma salamandra com mosaicos em tons azuis, verdes, amarelos e vermelhos, sobre uma base azul claro que evoca o estilo do famoso arquiteto Antoni Gaud\u00ed. A palavra &#8220;VALENCIA&#8221; aparece na parte superior, destacando a liga\u00e7\u00e3o com esta bela cidade. Ideal para recordar a sua visita ou como presente decorativo.<\/p>\n","protected":false},"featured_media":12889,"template":"","meta":{"_acf_changed":false},"product_brand":[],"product_cat":[699],"product_tag":[516],"class_list":{"0":"post-32491","1":"product","2":"type-product","3":"status-publish","4":"has-post-thumbnail","6":"product_cat-imanes","7":"product_tag-animais","8":"pa_ciudad-valencia","9":"pa_motivo-salamandras","10":"pa_pais-espana","12":"first","13":"instock","14":"shipping-taxable","15":"product-type-simple"},"acf":[],"_links":{"self":[{"href":"https:\/\/olemosaic.com\/pt-pt\/wp-json\/wp\/v2\/product\/32491","targetHints":{"allow":["GET"]}}],"collection":[{"href":"https:\/\/olemosaic.com\/pt-pt\/wp-json\/wp\/v2\/product"}],"about":[{"href":"https:\/\/olemosaic.com\/pt-pt\/wp-json\/wp\/v2\/types\/product"}],"wp:featuredmedia":[{"embeddable":true,"href":"https:\/\/olemosaic.com\/pt-pt\/wp-json\/wp\/v2\/media\/12889"}],"wp:attachment":[{"href":"https:\/\/olemosaic.com\/pt-pt\/wp-json\/wp\/v2\/media?parent=32491"}],"wp:term":[{"taxonomy":"product_brand","embeddable":true,"href":"https:\/\/olemosaic.com\/pt-pt\/wp-json\/wp\/v2\/product_brand?post=32491"},{"taxonomy":"product_cat","embeddable":true,"href":"https:\/\/olemosaic.com\/pt-pt\/wp-json\/wp\/v2\/product_cat?post=32491"},{"taxonomy":"product_tag","embeddable":true,"href":"https:\/\/olemosaic.com\/pt-pt\/wp-json\/wp\/v2\/product_tag?post=32491"}],"curies":[{"name":"wp","href":"https:\/\/api.w.org\/{rel}","templated":true}]}}