{"id":32490,"date":"2025-02-20T23:32:32","date_gmt":"2025-02-20T22:32:32","guid":{"rendered":"http:\/\/olemosaic.com\/producto\/iman-de-metal-salamandra-barcelona-negro-8-cm-2\/"},"modified":"2025-07-25T19:32:44","modified_gmt":"2025-07-25T17:32:44","slug":"iman-de-metal-salamandra-barcelona-preto-8-cm-2","status":"publish","type":"product","link":"https:\/\/olemosaic.com\/pt-pt\/produto\/iman-de-metal-salamandra-barcelona-preto-8-cm-2\/","title":{"rendered":"\u00cdman de metal. Salamandra. Mosaico. Barcelona. Fundo preto. 8 cm."},"content":{"rendered":"<p>Este \u00edman met\u00e1lico de 8 cm apresenta uma colorida salamandra, um design ic\u00f3nico associado \u00e0 vibrante cidade de Barcelona. O seu fundo preto real\u00e7a um motivo vibrante, composto por mosaicos multicoloridos que evocam o famoso estilo modernista que caracteriza a arquitetura da cidade. A salamandra \u00e9 mostrada numa pose din\u00e2mica, destacando as suas linhas suaves e o seu espl\u00eandido design, que capta a ess\u00eancia da criatividade art\u00edstica barcelonesa. Ao seu lado, um pequeno lagarto acrescenta um encanto adicional, enriquecendo a composi\u00e7\u00e3o e aportando um toque de biodiversidade local.<\/p>\n<p>Na parte superior do \u00edman, a palavra &#8220;Barcelona&#8221; aparece em letras estilizadas, o que o torna uma recorda\u00e7\u00e3o perfeita da cultura e da arte desta emblem\u00e1tica metr\u00f3pole. Este \u00edman n\u00e3o \u00e9 apenas um objeto decorativo, mas representa a liga\u00e7\u00e3o cultural com a fascinante hist\u00f3ria de Barcelona, famosa pelos seus mosaicos, especialmente os designs de Antoni Gaud\u00ed que embelezam v\u00e1rios pontos da cidade.<\/p>\n<p>Para os turistas que procuram souvenirs \u00fanicos de Barcelona, este \u00edman de salamandra \u00e9 uma excelente op\u00e7\u00e3o, pois combina funcionalidade e est\u00e9tica, tornando-se um presente ideal ou uma recorda\u00e7\u00e3o duradoura da sua visita. Na Ol\u00e9 Mosaic, especializamo-nos na distribui\u00e7\u00e3o de souvenirs por grosso, fornecendo \u00edmanes aut\u00eanticos que refletem a riqueza cultural de Espanha, perfeitos para lojas de presentes tur\u00edsticos que apostam na qualidade e na originalidade da sua oferta.<\/p>\n","protected":false},"excerpt":{"rendered":"<p>\u00cdman de metal de 8 cm decorado com uma salamandra colorida, um design ic\u00f3nico de Barcelona. Este \u00edman apresenta um motivo vibrante com mosaicos multicoloridos sobre fundo preto, que evoca o estilo modernista da cidade. A figura da salamandra \u00e9 acompanhada por um pequeno lagarto, o que real\u00e7a o atrativo desta recorda\u00e7\u00e3o. Inclui a palavra &#8220;Barcelona&#8221; em letras estilizadas, tornando-o uma recorda\u00e7\u00e3o perfeita da cultura local.<\/p>\n","protected":false},"featured_media":12869,"template":"","meta":{"_acf_changed":false},"product_brand":[],"product_cat":[699],"product_tag":[516],"class_list":{"0":"post-32490","1":"product","2":"type-product","3":"status-publish","4":"has-post-thumbnail","6":"product_cat-imanes","7":"product_tag-animais","8":"pa_ciudad-barcelona","9":"pa_motivo-salamandras","10":"pa_pais-espana","12":"first","13":"instock","14":"shipping-taxable","15":"product-type-simple"},"acf":[],"_links":{"self":[{"href":"https:\/\/olemosaic.com\/pt-pt\/wp-json\/wp\/v2\/product\/32490","targetHints":{"allow":["GET"]}}],"collection":[{"href":"https:\/\/olemosaic.com\/pt-pt\/wp-json\/wp\/v2\/product"}],"about":[{"href":"https:\/\/olemosaic.com\/pt-pt\/wp-json\/wp\/v2\/types\/product"}],"wp:featuredmedia":[{"embeddable":true,"href":"https:\/\/olemosaic.com\/pt-pt\/wp-json\/wp\/v2\/media\/12869"}],"wp:attachment":[{"href":"https:\/\/olemosaic.com\/pt-pt\/wp-json\/wp\/v2\/media?parent=32490"}],"wp:term":[{"taxonomy":"product_brand","embeddable":true,"href":"https:\/\/olemosaic.com\/pt-pt\/wp-json\/wp\/v2\/product_brand?post=32490"},{"taxonomy":"product_cat","embeddable":true,"href":"https:\/\/olemosaic.com\/pt-pt\/wp-json\/wp\/v2\/product_cat?post=32490"},{"taxonomy":"product_tag","embeddable":true,"href":"https:\/\/olemosaic.com\/pt-pt\/wp-json\/wp\/v2\/product_tag?post=32490"}],"curies":[{"name":"wp","href":"https:\/\/api.w.org\/{rel}","templated":true}]}}