{"id":32479,"date":"2025-02-20T22:32:32","date_gmt":"2025-02-20T22:32:32","guid":{"rendered":"http:\/\/olemosaic.com\/producto\/iman-de-metal-toro-marbella-8-cm\/"},"modified":"2025-07-25T18:38:01","modified_gmt":"2025-07-25T16:38:01","slug":"iman-de-metal-touro-marbella-8-cm","status":"publish","type":"product","link":"https:\/\/olemosaic.com\/pt-pt\/produto\/iman-de-metal-touro-marbella-8-cm\/","title":{"rendered":"\u00cdman de metal. Touro. Marbella. 8 cm."},"content":{"rendered":"<p>Este \u00edman met\u00e1lico de 8 cm apresenta uma representa\u00e7\u00e3o colorida de um touro, um dos s\u00edmbolos mais ic\u00f3nicos da cultura espanhola, especialmente apreciado em Marbella. O seu design vibrante, com m\u00faltiplos tons que evocam um estilo mosaico, real\u00e7a a majestade do touro, um animal que tem sido parte fundamental da tradi\u00e7\u00e3o e do folclore de Espanha. O fundo azul contrasta espetacularmente com as cores do touro, criando uma pe\u00e7a visualmente atraente que chamar\u00e1 a aten\u00e7\u00e3o em qualquer superf\u00edcie met\u00e1lica.<\/p>\n<p>A palavra &#8220;MARBELLA&#8221; est\u00e1 impressa em letras chamativas, o que n\u00e3o s\u00f3 recorda aos turistas a sua experi\u00eancia nesta encantadora cidade costeira, como tamb\u00e9m acrescenta um toque de autenticidade a este souvenir. Ao adquirir este \u00edman do touro, os visitantes levam um peda\u00e7o da rica cultura andaluza, que celebra a for\u00e7a e a beleza do touro de lide, um elemento central nas festividades e tradi\u00e7\u00f5es espanholas.<\/p>\n<p>Na Ol\u00e9 Mosaic, especializamo-nos na distribui\u00e7\u00e3o de souvenirs por grosso, oferecendo \u00edmanes que n\u00e3o s\u00f3 s\u00e3o pr\u00e1ticos, mas que tamb\u00e9m encapsulam a ess\u00eancia cultural das regi\u00f5es que representam. Este \u00edman de Marbella \u00e9 uma excelente op\u00e7\u00e3o para lojas de presentes tur\u00edsticos que procuram produtos com significado e qualidade, tornando-o numa maravilhosa escolha para aqueles que desejam levar uma recorda\u00e7\u00e3o aut\u00eantica e representativa de Espanha. Como grossistas de \u00edmanes, asseguramos que cada pe\u00e7a combina um design atraente com uma rica tradi\u00e7\u00e3o cultural.<\/p>\n","protected":false},"excerpt":{"rendered":"<p>\u00cdman met\u00e1lico de 8 cm, decorado com uma representa\u00e7\u00e3o colorida de um touro, um s\u00edmbolo ic\u00f3nico da cultura espanhola, especialmente apreciado em Marbella. Este \u00edman apresenta um design vibrante com m\u00faltiplos tons, evocando um estilo de mosaico que real\u00e7a a majestade do touro. O fundo azul contrasta e real\u00e7a as cores do animal, enquanto a palavra &#8220;MARBELLA&#8221; est\u00e1 impressa em letras chamativas, tornando-o num souvenir atraente e representativo da regi\u00e3o.<\/p>\n","protected":false},"featured_media":10011,"template":"","meta":{"_acf_changed":false},"product_brand":[],"product_cat":[699],"product_tag":[516],"class_list":{"0":"post-32479","1":"product","2":"type-product","3":"status-publish","4":"has-post-thumbnail","6":"product_cat-imanes","7":"product_tag-animais","8":"pa_ciudad-marbella","9":"pa_motivo-touros","10":"pa_pais-espana","12":"first","13":"instock","14":"shipping-taxable","15":"product-type-simple"},"acf":[],"_links":{"self":[{"href":"https:\/\/olemosaic.com\/pt-pt\/wp-json\/wp\/v2\/product\/32479","targetHints":{"allow":["GET"]}}],"collection":[{"href":"https:\/\/olemosaic.com\/pt-pt\/wp-json\/wp\/v2\/product"}],"about":[{"href":"https:\/\/olemosaic.com\/pt-pt\/wp-json\/wp\/v2\/types\/product"}],"wp:featuredmedia":[{"embeddable":true,"href":"https:\/\/olemosaic.com\/pt-pt\/wp-json\/wp\/v2\/media\/10011"}],"wp:attachment":[{"href":"https:\/\/olemosaic.com\/pt-pt\/wp-json\/wp\/v2\/media?parent=32479"}],"wp:term":[{"taxonomy":"product_brand","embeddable":true,"href":"https:\/\/olemosaic.com\/pt-pt\/wp-json\/wp\/v2\/product_brand?post=32479"},{"taxonomy":"product_cat","embeddable":true,"href":"https:\/\/olemosaic.com\/pt-pt\/wp-json\/wp\/v2\/product_cat?post=32479"},{"taxonomy":"product_tag","embeddable":true,"href":"https:\/\/olemosaic.com\/pt-pt\/wp-json\/wp\/v2\/product_tag?post=32479"}],"curies":[{"name":"wp","href":"https:\/\/api.w.org\/{rel}","templated":true}]}}