{"id":32477,"date":"2025-02-20T22:32:32","date_gmt":"2025-02-20T22:32:32","guid":{"rendered":"http:\/\/olemosaic.com\/producto\/iman-de-metal-elefante-8-cm\/"},"modified":"2025-07-25T19:00:43","modified_gmt":"2025-07-25T17:00:43","slug":"iman-de-metal-elefante-8-cm-pt-pt","status":"publish","type":"product","link":"https:\/\/olemosaic.com\/pt-pt\/produto\/iman-de-metal-elefante-8-cm-pt-pt\/","title":{"rendered":"\u00cdman de metal. Elefante. 8 cm."},"content":{"rendered":"<p>Este \u00edman met\u00e1lico de 8 cm apresenta um design vibrante de um elefante inspirado em t\u00e9cnicas de mosaico, ideal para atrair a aten\u00e7\u00e3o de quem procura um souvenir aut\u00eantico e cheio de cor. O elefante, decorado com uma variedade de matizes que v\u00e3o do vermelho intenso ao verde brilhante, destaca-se sobre um suave fundo azul, criando um atraente contraste visual que evoca a rica tradi\u00e7\u00e3o art\u00edstica da cultura mediterr\u00e2nica. Cada detalhe do mosaico foi cuidadosamente elaborado para refletir a alegria e o dinamismo que caracterizam estes majestosos animais, simbolizando a sabedoria e a for\u00e7a.<\/p>\n<p>Este \u00edman n\u00e3o \u00e9 apenas um atraente elemento decorativo, mas tamb\u00e9m uma recorda\u00e7\u00e3o representativa que permite aos turistas levar um pedacinho da cultura local para casa. Perfeito para personalizar qualquer espa\u00e7o, este \u00edman de elefante \u00e9 uma excelente ideia de presente ou uma adi\u00e7\u00e3o encantadora a cole\u00e7\u00f5es de souvenirs. Na Ol\u00e9 Mosaic, somos distribuidores de souvenirs por grosso e oferecemos artigos aut\u00eanticos que destacam a beleza e a tradi\u00e7\u00e3o cultural. Este \u00edman \u00e9 uma op\u00e7\u00e3o perfeita para lojas de presentes tur\u00edsticos que procuram oferecer produtos distintivos e cheios de significado.<\/p>\n","protected":false},"excerpt":{"rendered":"<p>\u00cdman met\u00e1lico de 8 cm com um design colorido de elefante, inspirado em t\u00e9cnicas de mosaico. O elefante, vibrante e adornado com uma grande variedade de cores, destaca-se sobre um fundo azul suave, criando um contraste visual muito atraente. Este \u00edman capta a ess\u00eancia da arte decorativa e \u00e9 perfeito para quem procura uma recorda\u00e7\u00e3o distintiva que represente uma cultura rica e alegre. Ideal para personalizar qualquer espa\u00e7o com um toque de originalidade.<\/p>\n","protected":false},"featured_media":12861,"template":"","meta":{"_acf_changed":false},"product_brand":[],"product_cat":[699],"product_tag":[516],"class_list":{"0":"post-32477","1":"product","2":"type-product","3":"status-publish","4":"has-post-thumbnail","6":"product_cat-imanes","7":"product_tag-animais","8":"pa_motivo-elefantes","10":"first","11":"instock","12":"shipping-taxable","13":"product-type-simple"},"acf":[],"_links":{"self":[{"href":"https:\/\/olemosaic.com\/pt-pt\/wp-json\/wp\/v2\/product\/32477","targetHints":{"allow":["GET"]}}],"collection":[{"href":"https:\/\/olemosaic.com\/pt-pt\/wp-json\/wp\/v2\/product"}],"about":[{"href":"https:\/\/olemosaic.com\/pt-pt\/wp-json\/wp\/v2\/types\/product"}],"wp:featuredmedia":[{"embeddable":true,"href":"https:\/\/olemosaic.com\/pt-pt\/wp-json\/wp\/v2\/media\/12861"}],"wp:attachment":[{"href":"https:\/\/olemosaic.com\/pt-pt\/wp-json\/wp\/v2\/media?parent=32477"}],"wp:term":[{"taxonomy":"product_brand","embeddable":true,"href":"https:\/\/olemosaic.com\/pt-pt\/wp-json\/wp\/v2\/product_brand?post=32477"},{"taxonomy":"product_cat","embeddable":true,"href":"https:\/\/olemosaic.com\/pt-pt\/wp-json\/wp\/v2\/product_cat?post=32477"},{"taxonomy":"product_tag","embeddable":true,"href":"https:\/\/olemosaic.com\/pt-pt\/wp-json\/wp\/v2\/product_tag?post=32477"}],"curies":[{"name":"wp","href":"https:\/\/api.w.org\/{rel}","templated":true}]}}