{"id":32476,"date":"2025-02-20T22:32:32","date_gmt":"2025-02-20T22:32:32","guid":{"rendered":"http:\/\/olemosaic.com\/producto\/iman-de-metal-gato-mallorca-plata-8-cm\/"},"modified":"2025-07-25T19:35:56","modified_gmt":"2025-07-25T17:35:56","slug":"iman-de-metal-gato-maiorca-prata-8-cm","status":"publish","type":"product","link":"https:\/\/olemosaic.com\/pt-pt\/produto\/iman-de-metal-gato-maiorca-prata-8-cm\/","title":{"rendered":"\u00cdman de metal. Gato. Maiorca. Prata. 8 cm."},"content":{"rendered":"<p>Este \u00edman met\u00e1lico de 8 cm apresenta um design encantador de um gato, inspirado na arte de Maiorca, que combina cores vibrantes e uma t\u00e9cnica que simula um mosaico. A figura do gato, com as suas formas chamativas e a sua rica paleta de cores, capta a ess\u00eancia da criatividade balear, enquanto o fundo recria texturas que evocam as tradi\u00e7\u00f5es art\u00edsticas da ilha. A palavra &#8220;MALLORCA&#8221; est\u00e1 integrada na composi\u00e7\u00e3o com letras en\u00e9rgicas que se destacam, acrescentando um toque distintivo que faz desta recorda\u00e7\u00e3o algo ainda mais especial.<\/p>\n<p>Este \u00edman n\u00e3o \u00e9 um simples objeto decorativo; \u00e9 uma recorda\u00e7\u00e3o aut\u00eantica da rica cultura e do folclore de Maiorca, ideal para quem visita a ilha e deseja levar um pedacinho da sua magia. Como distribuidores de souvenirs de Maiorca, na Ol\u00e9 Mosaic oferecemos este \u00edman como uma excelente op\u00e7\u00e3o para lojas de presentes tur\u00edsticos que procuram produtos de qualidade e representativos do estilo de vida de Maiorca. Este \u00edman de gato \u00e9 a recorda\u00e7\u00e3o perfeita para os turistas que desejam rememorar a sua visita a esta encantadora ilha, um objeto f\u00e1cil de transportar e de exibir em qualquer casa.<\/p>\n","protected":false},"excerpt":{"rendered":"<p>\u00cdman de metal de 8 cm, com um gato colorido inspirado na arte de Maiorca. O \u00edman apresenta um design vibrante, com uma t\u00e9cnica que simula um mosaico, usando uma gama de cores brilhantes que d\u00e3o vida ao animal. No fundo, apreciam-se texturas que evocam as tradi\u00e7\u00f5es art\u00edsticas da ilha, enquanto a palavra &#8220;MALLORCA&#8221; se destaca com letras chamativas, tornando-o numa recorda\u00e7\u00e3o ideal para a beleza e o folclore balear.<\/p>\n","protected":false},"featured_media":12851,"template":"","meta":{"_acf_changed":false},"product_brand":[],"product_cat":[699],"product_tag":[516],"class_list":{"0":"post-32476","1":"product","2":"type-product","3":"status-publish","4":"has-post-thumbnail","6":"product_cat-imanes","7":"product_tag-animais","8":"pa_ciudad-mallorca","9":"pa_motivo-gatos","10":"pa_pais-espana","12":"first","13":"instock","14":"shipping-taxable","15":"product-type-simple"},"acf":[],"_links":{"self":[{"href":"https:\/\/olemosaic.com\/pt-pt\/wp-json\/wp\/v2\/product\/32476","targetHints":{"allow":["GET"]}}],"collection":[{"href":"https:\/\/olemosaic.com\/pt-pt\/wp-json\/wp\/v2\/product"}],"about":[{"href":"https:\/\/olemosaic.com\/pt-pt\/wp-json\/wp\/v2\/types\/product"}],"wp:featuredmedia":[{"embeddable":true,"href":"https:\/\/olemosaic.com\/pt-pt\/wp-json\/wp\/v2\/media\/12851"}],"wp:attachment":[{"href":"https:\/\/olemosaic.com\/pt-pt\/wp-json\/wp\/v2\/media?parent=32476"}],"wp:term":[{"taxonomy":"product_brand","embeddable":true,"href":"https:\/\/olemosaic.com\/pt-pt\/wp-json\/wp\/v2\/product_brand?post=32476"},{"taxonomy":"product_cat","embeddable":true,"href":"https:\/\/olemosaic.com\/pt-pt\/wp-json\/wp\/v2\/product_cat?post=32476"},{"taxonomy":"product_tag","embeddable":true,"href":"https:\/\/olemosaic.com\/pt-pt\/wp-json\/wp\/v2\/product_tag?post=32476"}],"curies":[{"name":"wp","href":"https:\/\/api.w.org\/{rel}","templated":true}]}}