{"id":32475,"date":"2025-02-20T22:32:32","date_gmt":"2025-02-20T22:32:32","guid":{"rendered":"http:\/\/olemosaic.com\/producto\/iman-de-metal-caballito-de-mar-8-cm\/"},"modified":"2025-07-25T19:30:52","modified_gmt":"2025-07-25T17:30:52","slug":"iman-de-metal-cavalo-marinho-8-cm","status":"publish","type":"product","link":"https:\/\/olemosaic.com\/pt-pt\/produto\/iman-de-metal-cavalo-marinho-8-cm\/","title":{"rendered":"\u00cdman de metal. Cavalo-marinho. 8 cm."},"content":{"rendered":"<p>Este \u00edman met\u00e1lico de 8 cm apresenta um design encantador de cavalos-marinhos em cores vibrantes, perfeito para quem procura uma recorda\u00e7\u00e3o que celebre a riqueza do patrim\u00f3nio marinho espanhol. O seu design art\u00edstico em estilo mosaico combina uma paleta de azuis, verdes, vermelhos e amarelos, criando uma cena submarina cheia de vida e movimento. As tr\u00eas figuras de cavalos-marinhos, rodeadas de corais e algas, evocam a beleza das \u00e1guas mediterr\u00e2nicas, tornando este \u00edman numa recorda\u00e7\u00e3o ideal da costa espanhola. A aten\u00e7\u00e3o ao detalhe na representa\u00e7\u00e3o de cada cavalo-marinho, desde as ondula\u00e7\u00f5es dos seus corpos at\u00e9 \u00e0 textura dos elementos marinhos circundantes, real\u00e7a o artesanato deste artigo.<\/p>\n<p>Este \u00edman n\u00e3o \u00e9 apenas uma decora\u00e7\u00e3o atraente para o lar, mas tamb\u00e9m serve como um magn\u00edfico lembrete das aventuras vividas na praia. A sua autenticidade e liga\u00e7\u00e3o cultural tornam-no num excelente souvenir para turistas que desejam levar um peda\u00e7o da heran\u00e7a espanhola. Na Ol\u00e9 Mosaic, especializamo-nos na distribui\u00e7\u00e3o de souvenirs por grosso, e este \u00edman de cavalos-marinhos \u00e9 uma op\u00e7\u00e3o ideal para lojas de presentes tur\u00edsticos que procuram oferecer aos seus clientes produtos aut\u00eanticos e coloridos que destaquem a diversidade da arte espanhola.<\/p>\n","protected":false},"excerpt":{"rendered":"<p>\u00cdman met\u00e1lico de 8 cm com um encantador design de cavalos-marinhos em cores vibrantes. Este \u00edman destaca-se pela sua representa\u00e7\u00e3o art\u00edstica em estilo mosaico, com azuis, verdes, vermelhos e amarelos, criando uma cena submarina cheia de vida. Os cavalos-marinhos, rodeados de corais e algas, evocam a beleza do mar Mediterr\u00e2neo, tornando-o num souvenir perfeito para recordar a costa espanhola.<\/p>\n","protected":false},"featured_media":11454,"template":"","meta":{"_acf_changed":false},"product_brand":[],"product_cat":[699],"product_tag":[516],"class_list":{"0":"post-32475","1":"product","2":"type-product","3":"status-publish","4":"has-post-thumbnail","6":"product_cat-imanes","7":"product_tag-animais","8":"pa_motivo-cavalos-marinhos","10":"first","11":"instock","12":"shipping-taxable","13":"product-type-simple"},"acf":[],"_links":{"self":[{"href":"https:\/\/olemosaic.com\/pt-pt\/wp-json\/wp\/v2\/product\/32475","targetHints":{"allow":["GET"]}}],"collection":[{"href":"https:\/\/olemosaic.com\/pt-pt\/wp-json\/wp\/v2\/product"}],"about":[{"href":"https:\/\/olemosaic.com\/pt-pt\/wp-json\/wp\/v2\/types\/product"}],"wp:featuredmedia":[{"embeddable":true,"href":"https:\/\/olemosaic.com\/pt-pt\/wp-json\/wp\/v2\/media\/11454"}],"wp:attachment":[{"href":"https:\/\/olemosaic.com\/pt-pt\/wp-json\/wp\/v2\/media?parent=32475"}],"wp:term":[{"taxonomy":"product_brand","embeddable":true,"href":"https:\/\/olemosaic.com\/pt-pt\/wp-json\/wp\/v2\/product_brand?post=32475"},{"taxonomy":"product_cat","embeddable":true,"href":"https:\/\/olemosaic.com\/pt-pt\/wp-json\/wp\/v2\/product_cat?post=32475"},{"taxonomy":"product_tag","embeddable":true,"href":"https:\/\/olemosaic.com\/pt-pt\/wp-json\/wp\/v2\/product_tag?post=32475"}],"curies":[{"name":"wp","href":"https:\/\/api.w.org\/{rel}","templated":true}]}}