{"id":32469,"date":"2025-02-20T23:32:32","date_gmt":"2025-02-20T22:32:32","guid":{"rendered":"http:\/\/olemosaic.com\/producto\/iman-de-metal-sagrada-familia-barcelona-8-cm-16\/"},"modified":"2025-07-25T19:57:01","modified_gmt":"2025-07-25T17:57:01","slug":"iman-de-metal-sagrada-familia-barcelona-8-cm-16-pt-pt","status":"publish","type":"product","link":"https:\/\/olemosaic.com\/pt-pt\/produto\/iman-de-metal-sagrada-familia-barcelona-8-cm-16-pt-pt\/","title":{"rendered":"\u00cdman de metal. Sagrada Fam\u00edlia. Gaud\u00ed. I \u2665 Barcelona. Barcelona. 8 cm."},"content":{"rendered":"<p>Este \u00edman met\u00e1lico de 8 cm, inspirado na emblem\u00e1tica Sagrada Fam\u00edlia de Barcelona, \u00e9 uma recorda\u00e7\u00e3o vibrante e colorida que encapsula a majestade desta ic\u00f3nica bas\u00edlica desenhada pelo c\u00e9lebre arquiteto Antoni Gaud\u00ed. A ilustra\u00e7\u00e3o apresenta uma representa\u00e7\u00e3o art\u00edstica do templo, com as suas impressionantes torres a erguerem-se em tons brilhantes de vermelho, amarelo, verde e azul, evocando a alegria e o dinamismo da cidade condal. Rematando esta obra de arte, o texto &#8220;I \u2665 Barcelona&#8221; d\u00e1-lhe um toque distintivo e atraente, tornando-o um souvenir perfeito para quem deseja levar consigo um peda\u00e7o de Barcelona.<\/p>\n<p>Este \u00edman n\u00e3o \u00e9 apenas um artigo decorativo, mas uma pe\u00e7a que capta a ess\u00eancia cultural e arquitet\u00f3nica de Barcelona, fazendo alus\u00e3o ao legado de Gaud\u00ed, que deixou a sua marca na cidade com o seu estilo \u00fanico e a sua vis\u00e3o art\u00edstica. Ideal para turistas e colecionadores, este \u00edman \u00e9 uma excelente op\u00e7\u00e3o para lojas de recorda\u00e7\u00f5es tur\u00edsticas que procuram oferecer souvenirs representativos da arquitetura e da arte catal\u00e3. Na Ol\u00e9 Mosaic, como distribuidores de souvenirs por grosso, garantimos produtos aut\u00eanticos e de qualidade, o que torna este \u00edman da Sagrada Fam\u00edlia um artigo imprescind\u00edvel para recordar a sua visita a Barcelona e a sua rica heran\u00e7a cultural.<\/p>\n","protected":false},"excerpt":{"rendered":"<p>\u00cdman de metal de 8 cm, inspirado na emblem\u00e1tica Sagrada Fam\u00edlia de Barcelona. Este \u00edman apresenta uma ilustra\u00e7\u00e3o vibrante e colorida, com motivos de mosaico que representam a majestosa bas\u00edlica de Antoni Gaud\u00ed, destacando as suas torres em tons brilhantes de vermelho, amarelo, verde e azul. Com o texto &#8220;I \u2665 Barcelona&#8221; na parte superior, \u00e9 um souvenir perfeito que capta a ess\u00eancia arquitet\u00f3nica e cultural da cidade condal. Ideal para recordar a sua visita a Barcelona.<\/p>\n","protected":false},"featured_media":13546,"template":"","meta":{"_acf_changed":false},"product_brand":[],"product_cat":[699],"product_tag":[],"class_list":{"0":"post-32469","1":"product","2":"type-product","3":"status-publish","4":"has-post-thumbnail","6":"product_cat-imanes","7":"pa_ciudad-barcelona","8":"pa_motivo-sagrada-familia","9":"pa_pais-espana","11":"first","12":"instock","13":"shipping-taxable","14":"product-type-simple"},"acf":[],"_links":{"self":[{"href":"https:\/\/olemosaic.com\/pt-pt\/wp-json\/wp\/v2\/product\/32469","targetHints":{"allow":["GET"]}}],"collection":[{"href":"https:\/\/olemosaic.com\/pt-pt\/wp-json\/wp\/v2\/product"}],"about":[{"href":"https:\/\/olemosaic.com\/pt-pt\/wp-json\/wp\/v2\/types\/product"}],"wp:featuredmedia":[{"embeddable":true,"href":"https:\/\/olemosaic.com\/pt-pt\/wp-json\/wp\/v2\/media\/13546"}],"wp:attachment":[{"href":"https:\/\/olemosaic.com\/pt-pt\/wp-json\/wp\/v2\/media?parent=32469"}],"wp:term":[{"taxonomy":"product_brand","embeddable":true,"href":"https:\/\/olemosaic.com\/pt-pt\/wp-json\/wp\/v2\/product_brand?post=32469"},{"taxonomy":"product_cat","embeddable":true,"href":"https:\/\/olemosaic.com\/pt-pt\/wp-json\/wp\/v2\/product_cat?post=32469"},{"taxonomy":"product_tag","embeddable":true,"href":"https:\/\/olemosaic.com\/pt-pt\/wp-json\/wp\/v2\/product_tag?post=32469"}],"curies":[{"name":"wp","href":"https:\/\/api.w.org\/{rel}","templated":true}]}}