{"id":32468,"date":"2025-02-20T22:32:31","date_gmt":"2025-02-20T22:32:31","guid":{"rendered":"http:\/\/olemosaic.com\/producto\/iman-de-metal-bailaora-marbella-8-cm\/"},"modified":"2025-07-25T18:37:28","modified_gmt":"2025-07-25T16:37:28","slug":"iman-de-metal-bailarina-flamenco-marbella-8-cm","status":"publish","type":"product","link":"https:\/\/olemosaic.com\/pt-pt\/produto\/iman-de-metal-bailarina-flamenco-marbella-8-cm\/","title":{"rendered":"\u00cdman de metal. Bailarina de Flamenco. Marbella. 8 cm."},"content":{"rendered":"<p>Este \u00edman met\u00e1lico de 8 cm, inspirado na cultura andaluza, \u00e9 uma representa\u00e7\u00e3o vibrante de uma bailarina de flamenco, perfeito como recorda\u00e7\u00e3o de Marbella. O design colorido e art\u00edstico evoca a ess\u00eancia das ruas vibrantes desta bela cidade, mergulhando o espetador numa explos\u00e3o de cor que celebra a arte flamenca. A bailarina, vestida com um espetacular traje de folhos multicoloridos, capta a gra\u00e7a e o movimento da dan\u00e7a, enquanto a sua express\u00e3o reflete a paix\u00e3o desta tradi\u00e7\u00e3o cultural.<\/p>\n<p>O fundo de mosaico que a rodeia, com as suas tonalidades azuis brilhantes e detalhes que imitam o estilo arquitet\u00f3nico andaluz, acrescenta um toque distintivo que destaca a riqueza cultural da regi\u00e3o. A palavra &#8220;MARBELLA&#8221; apresenta-se em letras arrojadas, complementando a ilustra\u00e7\u00e3o e proporcionando um contexto imediato sobre a proced\u00eancia deste encantador souvenir.<\/p>\n<p>Este \u00edman n\u00e3o \u00e9 apenas um artigo decorativo, mas um s\u00edmbolo aut\u00eantico do patrim\u00f3nio andaluz que todos os turistas procuram levar como recorda\u00e7\u00e3o. Na Ol\u00e9 Mosaic, oferecemos este e outros souvenirs de alta qualidade, ideais para lojas de recorda\u00e7\u00f5es tur\u00edsticas que desejam oferecer produtos aut\u00eanticos e representativos da cultura espanhola. Este \u00edman de bailarina de flamenco \u00e9 uma excelente op\u00e7\u00e3o para quem procura adicionar um toque fresco e colorido \u00e0 sua cole\u00e7\u00e3o de recorda\u00e7\u00f5es de Marbella.<\/p>\n","protected":false},"excerpt":{"rendered":"<p>\u00cdman met\u00e1lico de 8 cm, inspirado na cultura andaluza. Apresenta uma vibrante bailarina de flamenco numa explos\u00e3o de cor. O design, que recorda os mosaicos das ruas de Marbella, destaca-se pelo seu detalhe art\u00edstico e pela t\u00e9cnica de pintura que capta a eleg\u00e2ncia da dan\u00e7a flamenca. A palavra &#8220;MARBELLA&#8221; sobressai em letras arrojadas, complementando a cena. Uma recorda\u00e7\u00e3o perfeita da riqueza cultural andaluza.<\/p>\n","protected":false},"featured_media":10550,"template":"","meta":{"_acf_changed":false},"product_brand":[],"product_cat":[699],"product_tag":[],"class_list":{"0":"post-32468","1":"product","2":"type-product","3":"status-publish","4":"has-post-thumbnail","6":"product_cat-imanes","7":"pa_ciudad-marbella","8":"pa_motivo-dancarinos","9":"pa_pais-espana","11":"first","12":"instock","13":"shipping-taxable","14":"product-type-simple"},"acf":[],"_links":{"self":[{"href":"https:\/\/olemosaic.com\/pt-pt\/wp-json\/wp\/v2\/product\/32468","targetHints":{"allow":["GET"]}}],"collection":[{"href":"https:\/\/olemosaic.com\/pt-pt\/wp-json\/wp\/v2\/product"}],"about":[{"href":"https:\/\/olemosaic.com\/pt-pt\/wp-json\/wp\/v2\/types\/product"}],"wp:featuredmedia":[{"embeddable":true,"href":"https:\/\/olemosaic.com\/pt-pt\/wp-json\/wp\/v2\/media\/10550"}],"wp:attachment":[{"href":"https:\/\/olemosaic.com\/pt-pt\/wp-json\/wp\/v2\/media?parent=32468"}],"wp:term":[{"taxonomy":"product_brand","embeddable":true,"href":"https:\/\/olemosaic.com\/pt-pt\/wp-json\/wp\/v2\/product_brand?post=32468"},{"taxonomy":"product_cat","embeddable":true,"href":"https:\/\/olemosaic.com\/pt-pt\/wp-json\/wp\/v2\/product_cat?post=32468"},{"taxonomy":"product_tag","embeddable":true,"href":"https:\/\/olemosaic.com\/pt-pt\/wp-json\/wp\/v2\/product_tag?post=32468"}],"curies":[{"name":"wp","href":"https:\/\/api.w.org\/{rel}","templated":true}]}}