{"id":32467,"date":"2025-02-20T23:32:31","date_gmt":"2025-02-20T22:32:31","guid":{"rendered":"http:\/\/olemosaic.com\/producto\/iman-de-metal-sagrada-familia-barcelona-8-cm-15\/"},"modified":"2025-07-25T19:21:56","modified_gmt":"2025-07-25T17:21:56","slug":"iman-de-metal-sagrada-familia-barcelona-8-cm-15-pt-pt","status":"publish","type":"product","link":"https:\/\/olemosaic.com\/pt-pt\/produto\/iman-de-metal-sagrada-familia-barcelona-8-cm-15-pt-pt\/","title":{"rendered":"\u00cdman de metal. Bas\u00edlica Sagrada Fam\u00edlia. Mosaico. Gaud\u00ed. Barcelona. 8 cm."},"content":{"rendered":"<p>Este \u00edman met\u00e1lico de 8 cm ilustrado com a emblem\u00e1tica Sagrada Fam\u00edlia de Barcelona \u00e9 uma recorda\u00e7\u00e3o impressionante que capta a ess\u00eancia da arquitetura modernista de Antoni Gaud\u00ed. O seu design vibrante e colorido destaca-se sobre um fundo de mosaico, uma representa\u00e7\u00e3o que presta homenagem aos ic\u00f3nicos detalhes arquitet\u00f3nicos desta famosa bas\u00edlica. Os tons de azul, vermelho e amarelo n\u00e3o s\u00f3 real\u00e7am as torres estilizadas, como tamb\u00e9m evocam a combina\u00e7\u00e3o de formas e texturas que caracterizam a obra-prima de Gaud\u00ed.<\/p>\n<p>A Sagrada Fam\u00edlia, reconhecida mundialmente, simboliza a rica hist\u00f3ria cultural de Barcelona e \u00e9 um ponto de refer\u00eancia incontorn\u00e1vel para qualquer visitante. Este \u00edman n\u00e3o \u00e9 apenas um objeto decorativo pr\u00e1tico, mas torna-se tamb\u00e9m uma recorda\u00e7\u00e3o representativa de uma visita a uma das cidades mais vibrantes da Europa. Adornado com elementos ic\u00f3nicos e detalhes meticulosamente desenhados, \u00e9 o complemento ideal para qualquer cole\u00e7\u00e3o de recorda\u00e7\u00f5es de Barcelona.<\/p>\n<p>Na Ol\u00e9 Mosaic, especializamo-nos na distribui\u00e7\u00e3o de recorda\u00e7\u00f5es por grosso, oferecendo produtos aut\u00eanticos como este \u00edman da Sagrada Fam\u00edlia. \u00c9 uma excelente op\u00e7\u00e3o para lojas de recorda\u00e7\u00f5es tur\u00edsticas que procuram pe\u00e7as que liguem os visitantes \u00e0 cultura local. Com a nossa experi\u00eancia como grossistas de recorda\u00e7\u00f5es, garantimos a qualidade e originalidade em cada produto que oferecemos.<\/p>\n","protected":false},"excerpt":{"rendered":"<p>\u00cdman de metal de 8 cm ilustrado com a emblem\u00e1tica Sagrada Fam\u00edlia de Barcelona. Esta recorda\u00e7\u00e3o atraente apresenta um design vibrante e colorido, com um fundo de mosaico que real\u00e7a os ic\u00f3nicos detalhes arquitet\u00f3nicos da famosa bas\u00edlica. Os tons real\u00e7am elementos distintivos como as torres estilizadas e os mosaicos cer\u00e2micos, evocando a inigual\u00e1vel obra de Antoni Gaud\u00ed. Perfeito para recordar a sua visita a esta cidade maravilhosa.<\/p>\n","protected":false},"featured_media":11379,"template":"","meta":{"_acf_changed":false},"product_brand":[],"product_cat":[699],"product_tag":[],"class_list":{"0":"post-32467","1":"product","2":"type-product","3":"status-publish","4":"has-post-thumbnail","6":"product_cat-imanes","7":"pa_ciudad-barcelona","8":"pa_motivo-sagrada-familia","9":"pa_pais-espana","11":"first","12":"instock","13":"shipping-taxable","14":"product-type-simple"},"acf":[],"_links":{"self":[{"href":"https:\/\/olemosaic.com\/pt-pt\/wp-json\/wp\/v2\/product\/32467","targetHints":{"allow":["GET"]}}],"collection":[{"href":"https:\/\/olemosaic.com\/pt-pt\/wp-json\/wp\/v2\/product"}],"about":[{"href":"https:\/\/olemosaic.com\/pt-pt\/wp-json\/wp\/v2\/types\/product"}],"wp:featuredmedia":[{"embeddable":true,"href":"https:\/\/olemosaic.com\/pt-pt\/wp-json\/wp\/v2\/media\/11379"}],"wp:attachment":[{"href":"https:\/\/olemosaic.com\/pt-pt\/wp-json\/wp\/v2\/media?parent=32467"}],"wp:term":[{"taxonomy":"product_brand","embeddable":true,"href":"https:\/\/olemosaic.com\/pt-pt\/wp-json\/wp\/v2\/product_brand?post=32467"},{"taxonomy":"product_cat","embeddable":true,"href":"https:\/\/olemosaic.com\/pt-pt\/wp-json\/wp\/v2\/product_cat?post=32467"},{"taxonomy":"product_tag","embeddable":true,"href":"https:\/\/olemosaic.com\/pt-pt\/wp-json\/wp\/v2\/product_tag?post=32467"}],"curies":[{"name":"wp","href":"https:\/\/api.w.org\/{rel}","templated":true}]}}