{"id":32466,"date":"2025-02-20T22:32:31","date_gmt":"2025-02-20T22:32:31","guid":{"rendered":"http:\/\/olemosaic.com\/producto\/iman-de-metal-caballito-de-mar-negro-8-cm\/"},"modified":"2025-07-25T18:43:33","modified_gmt":"2025-07-25T16:43:33","slug":"iman-de-metal-cavalo-marinho-preto-8-cm","status":"publish","type":"product","link":"https:\/\/olemosaic.com\/pt-pt\/produto\/iman-de-metal-cavalo-marinho-preto-8-cm\/","title":{"rendered":"\u00cdman de metal. Cavalo-marinho. Preto. 8 cm."},"content":{"rendered":"<p>Este \u00edman met\u00e1lico de 8 cm, decorado com um design vibrante de cavalos-marinhos inspirado na arte moderna, capta a ess\u00eancia do mar Mediterr\u00e2neo. Sobre um fundo preto que real\u00e7a a beleza de cada figura, apresentam-se quatro cavalos-marinhos coloridos em tons de azul, verde e vermelho. A t\u00e9cnica de mosaico reflete-se nas formas geom\u00e9tricas cuidadas e bem definidas que se destacam na composi\u00e7\u00e3o, conferindo um toque art\u00edstico e alegre a este souvenir.<\/p>\n<p>Cada cavalo-marinho, s\u00edmbolo de estabilidade e paz em muitas culturas, \u00e9 meticulosamente desenhado, tornando este \u00edman num objeto decorativo e numa encantadora representa\u00e7\u00e3o da vida marinha. A inclus\u00e3o de elementos como algas em tons verdes na parte inferior do design enfatiza a sua liga\u00e7\u00e3o com o ambiente marinho, sendo uma recorda\u00e7\u00e3o perfeita dos encantos do oceano.<\/p>\n<p>Este \u00edman \u00e9 o souvenir ideal para quem deseja levar um peda\u00e7o da cultura e beleza costeiras, tornando-o um excelente presente para turistas que visitam regi\u00f5es costeiras de Espanha ou Portugal. Na Ol\u00e9 Mosaic, como grossista de souvenirs met\u00e1licos, garantimos que cada pe\u00e7a reflete autenticidade e qualidade, fazendo deste \u00edman de cavalos-marinhos um produto atrativo para lojas de recorda\u00e7\u00f5es tur\u00edsticas que procuram oferecer artigos \u00fanicos e representativos.<\/p>\n","protected":false},"excerpt":{"rendered":"<p>\u00cdman met\u00e1lico de 8 cm decorado com alegres cavalos-marinhos, inspirado na arte moderna. Este design vibrante apresenta quatro cavalos-marinhos em tons de azul, verde e vermelho, sobre um fundo preto que real\u00e7a a sua beleza. A t\u00e9cnica do mosaico reflete-se nas formas geom\u00e9tricas que comp\u00f5em cada figura, oferecendo um toque art\u00edstico e alegre, ideal para recordar os encantos do mar.<\/p>\n","protected":false},"featured_media":7103,"template":"","meta":{"_acf_changed":false},"product_brand":[],"product_cat":[699],"product_tag":[516],"class_list":{"0":"post-32466","1":"product","2":"type-product","3":"status-publish","4":"has-post-thumbnail","6":"product_cat-imanes","7":"product_tag-animais","8":"pa_motivo-cavalos-marinhos","10":"first","11":"instock","12":"shipping-taxable","13":"product-type-simple"},"acf":[],"_links":{"self":[{"href":"https:\/\/olemosaic.com\/pt-pt\/wp-json\/wp\/v2\/product\/32466","targetHints":{"allow":["GET"]}}],"collection":[{"href":"https:\/\/olemosaic.com\/pt-pt\/wp-json\/wp\/v2\/product"}],"about":[{"href":"https:\/\/olemosaic.com\/pt-pt\/wp-json\/wp\/v2\/types\/product"}],"wp:featuredmedia":[{"embeddable":true,"href":"https:\/\/olemosaic.com\/pt-pt\/wp-json\/wp\/v2\/media\/7103"}],"wp:attachment":[{"href":"https:\/\/olemosaic.com\/pt-pt\/wp-json\/wp\/v2\/media?parent=32466"}],"wp:term":[{"taxonomy":"product_brand","embeddable":true,"href":"https:\/\/olemosaic.com\/pt-pt\/wp-json\/wp\/v2\/product_brand?post=32466"},{"taxonomy":"product_cat","embeddable":true,"href":"https:\/\/olemosaic.com\/pt-pt\/wp-json\/wp\/v2\/product_cat?post=32466"},{"taxonomy":"product_tag","embeddable":true,"href":"https:\/\/olemosaic.com\/pt-pt\/wp-json\/wp\/v2\/product_tag?post=32466"}],"curies":[{"name":"wp","href":"https:\/\/api.w.org\/{rel}","templated":true}]}}